{"id":945,"date":"2014-12-10T18:42:38","date_gmt":"2014-12-10T18:42:38","guid":{"rendered":"https:\/\/www.ticketrio.com.br\/site\/?page_id=945"},"modified":"2026-03-03T17:33:40","modified_gmt":"2026-03-03T17:33:40","slug":"camarote-sapucai","status":"publish","type":"page","link":"https:\/\/www.ticketrio.com.br\/site\/ingressos-carnaval-rio\/camarote-sapucai\/","title":{"rendered":"Camarote Sapuca\u00ed"},"content":{"rendered":"<h1>Informa\u00e7\u00f5es e reservas Camarote Sapuca\u00ed&nbsp; Exclusivo 2027 Samb\u00f3dromo Rio.<\/h1>\n<h1>Para empresas ou grupos:<\/h1>\n<h1>18, 36 e\/ou 54 lugares.<\/h1>\n<h1>Clique abaixo e conhe\u00e7a as nossas opc\u00f5es.<\/h1>\n<h3><a href=\"https:\/\/www.camarotesapucai.com.br\/\"><img loading=\"lazy\" decoding=\"async\" class=\"alignnone size-full wp-image-1932 aligncenter\" src=\"https:\/\/camarotesapucai.com.br\/wp-content\/uploads\/2025\/04\/LOGO-CAMAROTE-SAPUCAI-EXCLUSIVO-r33p7lukngsrq1mllytsj2llaqz1ghfwrarxzg0liq.png\" alt=\"\" width=\"250\" height=\"165\"><\/a><\/h3>\n<h3><a href=\"https:\/\/camarotesapucai.com.br\/#contato-camarote-sapucai\" target=\"_blank\" rel=\"noopener noreferrer\">Camarote Privativo Sapucai Exclusivo. <br>Para empresas ou grupos.<\/a><\/h3>\n<h2 style=\"text-align: justify;\">&nbsp;<\/h2>\n\n\n<figure class=\"wp-block-image size-full\"><a href=\"https:\/\/www.ticketrio.com.br\/site\/wp-content\/uploads\/2025\/10\/image-1.png\"><img loading=\"lazy\" decoding=\"async\" width=\"848\" height=\"600\" src=\"https:\/\/www.ticketrio.com.br\/site\/wp-content\/uploads\/2025\/10\/image-1.png\" alt=\"\" class=\"wp-image-2631\" srcset=\"https:\/\/www.ticketrio.com.br\/site\/wp-content\/uploads\/2025\/10\/image-1.png 848w, https:\/\/www.ticketrio.com.br\/site\/wp-content\/uploads\/2025\/10\/image-1-300x212.png 300w, https:\/\/www.ticketrio.com.br\/site\/wp-content\/uploads\/2025\/10\/image-1-768x543.png 768w\" sizes=\"auto, (max-width: 848px) 100vw, 848px\" \/><\/a><\/figure>\n\n\n\n<figure class=\"wp-block-image size-full\"><a href=\"https:\/\/www.ticketrio.com.br\/site\/wp-content\/uploads\/2025\/10\/image-2.png\"><img loading=\"lazy\" decoding=\"async\" width=\"920\" height=\"651\" src=\"https:\/\/www.ticketrio.com.br\/site\/wp-content\/uploads\/2025\/10\/image-2.png\" alt=\"\" class=\"wp-image-2633\" srcset=\"https:\/\/www.ticketrio.com.br\/site\/wp-content\/uploads\/2025\/10\/image-2.png 920w, https:\/\/www.ticketrio.com.br\/site\/wp-content\/uploads\/2025\/10\/image-2-300x212.png 300w, https:\/\/www.ticketrio.com.br\/site\/wp-content\/uploads\/2025\/10\/image-2-768x543.png 768w\" sizes=\"auto, (max-width: 920px) 100vw, 920px\" \/><\/a><\/figure>\n","protected":false},"excerpt":{"rendered":"<p>Informa\u00e7\u00f5es e reservas Camarote Sapuca\u00ed&nbsp; Exclusivo 2027 Samb\u00f3dromo Rio. Para empresas ou grupos: 18, 36 e\/ou 54 lugares. Clique abaixo e conhe\u00e7a as nossas opc\u00f5es. Camarote Privativo Sapucai Exclusivo. Para empresas ou grupos. &nbsp;<\/p>\n","protected":false},"author":1,"featured_media":0,"parent":2477,"menu_order":6,"comment_status":"closed","ping_status":"closed","template":"page-full.php","meta":{"ngg_post_thumbnail":0,"footnotes":""},"class_list":["post-945","page","type-page","status-publish","hentry"],"yoast_head":"<!-- This site is optimized with the Yoast SEO plugin v25.9 - https:\/\/yoast.com\/wordpress\/plugins\/seo\/ -->\n<title>Camarote Sapuca\u00ed - Ticket Rio - Billets Carnaval Rio, Karneval Rio de Janeiro Tickets, Tickets for Rio Carnival Sambadrome, Boletos Carnaval Rio, Entradas Carnaval Rio Samb\u00f3dromo<\/title>\n<meta name=\"description\" content=\"rio carnival sambadrome tickets. Rio Carnaval Samb\u00f3dromo 2018. Rio Carnaval Entradas Samb\u00f3dromo. Rio Parade Tickets. Rio Carnaval billets. Rio karneval tickets. Rio carnavales biglietti.\" \/>\n<meta name=\"robots\" content=\"index, follow, max-snippet:-1, max-image-preview:large, max-video-preview:-1\" \/>\n<link rel=\"canonical\" href=\"https:\/\/www.ticketrio.com.br\/site\/ingressos-carnaval-rio\/camarote-sapucai\/\" \/>\n<meta property=\"og:locale\" content=\"pt_BR\" \/>\n<meta property=\"og:type\" content=\"article\" \/>\n<meta property=\"og:title\" content=\"Camarote Sapuca\u00ed - Ticket Rio - Billets Carnaval Rio, Karneval Rio de Janeiro Tickets, Tickets for Rio Carnival Sambadrome, Boletos Carnaval Rio, Entradas Carnaval Rio Samb\u00f3dromo\" \/>\n<meta property=\"og:description\" content=\"rio carnival sambadrome tickets. Rio Carnaval Samb\u00f3dromo 2018. Rio Carnaval Entradas Samb\u00f3dromo. Rio Parade Tickets. Rio Carnaval billets. Rio karneval tickets. Rio carnavales biglietti.\" \/>\n<meta property=\"og:url\" content=\"https:\/\/www.ticketrio.com.br\/site\/ingressos-carnaval-rio\/camarote-sapucai\/\" \/>\n<meta property=\"og:site_name\" content=\"Ticket Rio - Billets Carnaval Rio, Karneval Rio de Janeiro Tickets, Tickets for Rio Carnival Sambadrome, Boletos Carnaval Rio, Entradas Carnaval Rio Samb\u00f3dromo\" \/>\n<meta property=\"article:modified_time\" content=\"2026-03-03T17:33:40+00:00\" \/>\n<meta name=\"twitter:card\" content=\"summary_large_image\" \/>\n<meta name=\"twitter:label1\" content=\"Est. tempo de leitura\" \/>\n\t<meta name=\"twitter:data1\" content=\"1 minuto\" \/>\n<script type=\"application\/ld+json\" class=\"yoast-schema-graph\">{\"@context\":\"https:\/\/schema.org\",\"@graph\":[{\"@type\":\"WebPage\",\"@id\":\"https:\/\/www.ticketrio.com.br\/site\/ingressos-carnaval-rio\/camarote-sapucai\/\",\"url\":\"https:\/\/www.ticketrio.com.br\/site\/ingressos-carnaval-rio\/camarote-sapucai\/\",\"name\":\"Camarote Sapuca\u00ed - Ticket Rio - Billets Carnaval Rio, Karneval Rio de Janeiro Tickets, Tickets for Rio Carnival Sambadrome, Boletos Carnaval Rio, Entradas Carnaval Rio Samb\u00f3dromo\",\"isPartOf\":{\"@id\":\"https:\/\/www.ticketrio.com.br\/site\/#website\"},\"primaryImageOfPage\":{\"@id\":\"https:\/\/www.ticketrio.com.br\/site\/ingressos-carnaval-rio\/camarote-sapucai\/#primaryimage\"},\"image\":{\"@id\":\"https:\/\/www.ticketrio.com.br\/site\/ingressos-carnaval-rio\/camarote-sapucai\/#primaryimage\"},\"thumbnailUrl\":\"https:\/\/camarotesapucai.com.br\/wp-content\/uploads\/2025\/04\/LOGO-CAMAROTE-SAPUCAI-EXCLUSIVO-r33p7lukngsrq1mllytsj2llaqz1ghfwrarxzg0liq.png\",\"datePublished\":\"2014-12-10T18:42:38+00:00\",\"dateModified\":\"2026-03-03T17:33:40+00:00\",\"description\":\"rio carnival sambadrome tickets. Rio Carnaval Samb\u00f3dromo 2018. Rio Carnaval Entradas Samb\u00f3dromo. Rio Parade Tickets. Rio Carnaval billets. Rio karneval tickets. Rio carnavales biglietti.\",\"breadcrumb\":{\"@id\":\"https:\/\/www.ticketrio.com.br\/site\/ingressos-carnaval-rio\/camarote-sapucai\/#breadcrumb\"},\"inLanguage\":\"pt-BR\",\"potentialAction\":[{\"@type\":\"ReadAction\",\"target\":[\"https:\/\/www.ticketrio.com.br\/site\/ingressos-carnaval-rio\/camarote-sapucai\/\"]}]},{\"@type\":\"ImageObject\",\"inLanguage\":\"pt-BR\",\"@id\":\"https:\/\/www.ticketrio.com.br\/site\/ingressos-carnaval-rio\/camarote-sapucai\/#primaryimage\",\"url\":\"https:\/\/camarotesapucai.com.br\/wp-content\/uploads\/2025\/04\/LOGO-CAMAROTE-SAPUCAI-EXCLUSIVO-r33p7lukngsrq1mllytsj2llaqz1ghfwrarxzg0liq.png\",\"contentUrl\":\"https:\/\/camarotesapucai.com.br\/wp-content\/uploads\/2025\/04\/LOGO-CAMAROTE-SAPUCAI-EXCLUSIVO-r33p7lukngsrq1mllytsj2llaqz1ghfwrarxzg0liq.png\"},{\"@type\":\"BreadcrumbList\",\"@id\":\"https:\/\/www.ticketrio.com.br\/site\/ingressos-carnaval-rio\/camarote-sapucai\/#breadcrumb\",\"itemListElement\":[{\"@type\":\"ListItem\",\"position\":1,\"name\":\"In\u00edcio\",\"item\":\"https:\/\/www.ticketrio.com.br\/site\/\"},{\"@type\":\"ListItem\",\"position\":2,\"name\":\"Ingressos Carnaval Rio\",\"item\":\"https:\/\/www.ticketrio.com.br\/site\/ingressos-carnaval-rio\/\"},{\"@type\":\"ListItem\",\"position\":3,\"name\":\"Camarote Sapuca\u00ed\"}]},{\"@type\":\"WebSite\",\"@id\":\"https:\/\/www.ticketrio.com.br\/site\/#website\",\"url\":\"https:\/\/www.ticketrio.com.br\/site\/\",\"name\":\"Ticket Rio - Billets Carnaval Rio, Karneval Rio de Janeiro Tickets, Tickets for Rio Carnival Sambadrome, Boletos Carnaval Rio, Entradas Carnaval Rio Samb\u00f3dromo\",\"description\":\"Billets Carnaval Rio, Karneval Rio de Janeiro Tickets, Tickets for Rio Carnival Sambadrome, Boletos Carnaval Rio, Entradas Carnaval Rio Samb\u00f3dromo\",\"potentialAction\":[{\"@type\":\"SearchAction\",\"target\":{\"@type\":\"EntryPoint\",\"urlTemplate\":\"https:\/\/www.ticketrio.com.br\/site\/?s={search_term_string}\"},\"query-input\":{\"@type\":\"PropertyValueSpecification\",\"valueRequired\":true,\"valueName\":\"search_term_string\"}}],\"inLanguage\":\"pt-BR\"}]}<\/script>\n<!-- \/ Yoast SEO plugin. -->","yoast_head_json":{"title":"Camarote Sapuca\u00ed - Ticket Rio - Billets Carnaval Rio, Karneval Rio de Janeiro Tickets, Tickets for Rio Carnival Sambadrome, Boletos Carnaval Rio, Entradas Carnaval Rio Samb\u00f3dromo","description":"rio carnival sambadrome tickets. Rio Carnaval Samb\u00f3dromo 2018. Rio Carnaval Entradas Samb\u00f3dromo. Rio Parade Tickets. Rio Carnaval billets. Rio karneval tickets. Rio carnavales biglietti.","robots":{"index":"index","follow":"follow","max-snippet":"max-snippet:-1","max-image-preview":"max-image-preview:large","max-video-preview":"max-video-preview:-1"},"canonical":"https:\/\/www.ticketrio.com.br\/site\/ingressos-carnaval-rio\/camarote-sapucai\/","og_locale":"pt_BR","og_type":"article","og_title":"Camarote Sapuca\u00ed - Ticket Rio - Billets Carnaval Rio, Karneval Rio de Janeiro Tickets, Tickets for Rio Carnival Sambadrome, Boletos Carnaval Rio, Entradas Carnaval Rio Samb\u00f3dromo","og_description":"rio carnival sambadrome tickets. Rio Carnaval Samb\u00f3dromo 2018. Rio Carnaval Entradas Samb\u00f3dromo. Rio Parade Tickets. Rio Carnaval billets. Rio karneval tickets. Rio carnavales biglietti.","og_url":"https:\/\/www.ticketrio.com.br\/site\/ingressos-carnaval-rio\/camarote-sapucai\/","og_site_name":"Ticket Rio - Billets Carnaval Rio, Karneval Rio de Janeiro Tickets, Tickets for Rio Carnival Sambadrome, Boletos Carnaval Rio, Entradas Carnaval Rio Samb\u00f3dromo","article_modified_time":"2026-03-03T17:33:40+00:00","twitter_card":"summary_large_image","twitter_misc":{"Est. tempo de leitura":"1 minuto"},"schema":{"@context":"https:\/\/schema.org","@graph":[{"@type":"WebPage","@id":"https:\/\/www.ticketrio.com.br\/site\/ingressos-carnaval-rio\/camarote-sapucai\/","url":"https:\/\/www.ticketrio.com.br\/site\/ingressos-carnaval-rio\/camarote-sapucai\/","name":"Camarote Sapuca\u00ed - Ticket Rio - Billets Carnaval Rio, Karneval Rio de Janeiro Tickets, Tickets for Rio Carnival Sambadrome, Boletos Carnaval Rio, Entradas Carnaval Rio Samb\u00f3dromo","isPartOf":{"@id":"https:\/\/www.ticketrio.com.br\/site\/#website"},"primaryImageOfPage":{"@id":"https:\/\/www.ticketrio.com.br\/site\/ingressos-carnaval-rio\/camarote-sapucai\/#primaryimage"},"image":{"@id":"https:\/\/www.ticketrio.com.br\/site\/ingressos-carnaval-rio\/camarote-sapucai\/#primaryimage"},"thumbnailUrl":"https:\/\/camarotesapucai.com.br\/wp-content\/uploads\/2025\/04\/LOGO-CAMAROTE-SAPUCAI-EXCLUSIVO-r33p7lukngsrq1mllytsj2llaqz1ghfwrarxzg0liq.png","datePublished":"2014-12-10T18:42:38+00:00","dateModified":"2026-03-03T17:33:40+00:00","description":"rio carnival sambadrome tickets. Rio Carnaval Samb\u00f3dromo 2018. Rio Carnaval Entradas Samb\u00f3dromo. Rio Parade Tickets. Rio Carnaval billets. Rio karneval tickets. Rio carnavales biglietti.","breadcrumb":{"@id":"https:\/\/www.ticketrio.com.br\/site\/ingressos-carnaval-rio\/camarote-sapucai\/#breadcrumb"},"inLanguage":"pt-BR","potentialAction":[{"@type":"ReadAction","target":["https:\/\/www.ticketrio.com.br\/site\/ingressos-carnaval-rio\/camarote-sapucai\/"]}]},{"@type":"ImageObject","inLanguage":"pt-BR","@id":"https:\/\/www.ticketrio.com.br\/site\/ingressos-carnaval-rio\/camarote-sapucai\/#primaryimage","url":"https:\/\/camarotesapucai.com.br\/wp-content\/uploads\/2025\/04\/LOGO-CAMAROTE-SAPUCAI-EXCLUSIVO-r33p7lukngsrq1mllytsj2llaqz1ghfwrarxzg0liq.png","contentUrl":"https:\/\/camarotesapucai.com.br\/wp-content\/uploads\/2025\/04\/LOGO-CAMAROTE-SAPUCAI-EXCLUSIVO-r33p7lukngsrq1mllytsj2llaqz1ghfwrarxzg0liq.png"},{"@type":"BreadcrumbList","@id":"https:\/\/www.ticketrio.com.br\/site\/ingressos-carnaval-rio\/camarote-sapucai\/#breadcrumb","itemListElement":[{"@type":"ListItem","position":1,"name":"In\u00edcio","item":"https:\/\/www.ticketrio.com.br\/site\/"},{"@type":"ListItem","position":2,"name":"Ingressos Carnaval Rio","item":"https:\/\/www.ticketrio.com.br\/site\/ingressos-carnaval-rio\/"},{"@type":"ListItem","position":3,"name":"Camarote Sapuca\u00ed"}]},{"@type":"WebSite","@id":"https:\/\/www.ticketrio.com.br\/site\/#website","url":"https:\/\/www.ticketrio.com.br\/site\/","name":"Ticket Rio - Billets Carnaval Rio, Karneval Rio de Janeiro Tickets, Tickets for Rio Carnival Sambadrome, Boletos Carnaval Rio, Entradas Carnaval Rio Samb\u00f3dromo","description":"Billets Carnaval Rio, Karneval Rio de Janeiro Tickets, Tickets for Rio Carnival Sambadrome, Boletos Carnaval Rio, Entradas Carnaval Rio Samb\u00f3dromo","potentialAction":[{"@type":"SearchAction","target":{"@type":"EntryPoint","urlTemplate":"https:\/\/www.ticketrio.com.br\/site\/?s={search_term_string}"},"query-input":{"@type":"PropertyValueSpecification","valueRequired":true,"valueName":"search_term_string"}}],"inLanguage":"pt-BR"}]}},"_links":{"self":[{"href":"https:\/\/www.ticketrio.com.br\/site\/wp-json\/wp\/v2\/pages\/945","targetHints":{"allow":["GET"]}}],"collection":[{"href":"https:\/\/www.ticketrio.com.br\/site\/wp-json\/wp\/v2\/pages"}],"about":[{"href":"https:\/\/www.ticketrio.com.br\/site\/wp-json\/wp\/v2\/types\/page"}],"author":[{"embeddable":true,"href":"https:\/\/www.ticketrio.com.br\/site\/wp-json\/wp\/v2\/users\/1"}],"replies":[{"embeddable":true,"href":"https:\/\/www.ticketrio.com.br\/site\/wp-json\/wp\/v2\/comments?post=945"}],"version-history":[{"count":31,"href":"https:\/\/www.ticketrio.com.br\/site\/wp-json\/wp\/v2\/pages\/945\/revisions"}],"predecessor-version":[{"id":2679,"href":"https:\/\/www.ticketrio.com.br\/site\/wp-json\/wp\/v2\/pages\/945\/revisions\/2679"}],"up":[{"embeddable":true,"href":"https:\/\/www.ticketrio.com.br\/site\/wp-json\/wp\/v2\/pages\/2477"}],"wp:attachment":[{"href":"https:\/\/www.ticketrio.com.br\/site\/wp-json\/wp\/v2\/media?parent=945"}],"curies":[{"name":"wp","href":"https:\/\/api.w.org\/{rel}","templated":true}]}}