{"id":90,"date":"2013-03-07T16:06:26","date_gmt":"2013-03-07T16:06:26","guid":{"rendered":"https:\/\/www.ticketrio.com.br\/site\/?page_id=90"},"modified":"2025-10-07T15:02:32","modified_gmt":"2025-10-07T15:02:32","slug":"arquibancadas-carnaval-sambodromo","status":"publish","type":"page","link":"https:\/\/www.ticketrio.com.br\/site\/ingressos-carnaval-rio\/arquibancadas-carnaval-sambodromo\/","title":{"rendered":"Arquibancadas"},"content":{"rendered":"<h1><span style=\"color: #003366;\"><strong>ARQUIBANCADAS<\/strong><\/span><\/h1>\n<p style=\"text-align: justify;\">As arquibancadas do Samb\u00f3dromo n\u00e3o oferecem lugares marcados (com exce\u00e7\u00e3o do setor 9), proporcionando a voc\u00ea liberdade de escolher qualquer lugar nos assentos. Muitos preferem chegar mais cedo para conseguir um espa\u00e7o nos primeiros degraus, outros preferem ver a escola em conjunto, optando assim pelos degraus superiores das arquibancadas.<\/p>\n<p style=\"text-align: justify;\">Espa\u00e7o descoberto, acessado por escadas, sem numera\u00e7\u00e3o e por ordem de chegada.*<\/p>\n<p><span style=\"color: #ff0000;\">Valor por pessoa\/dia.<\/span><\/p>\n<p><strong><span style=\"color: #003366;\">Pacote inclui:<\/span> <\/strong>Ingressos + brindes<\/p>\n<p><strong><span style=\"color: #003366;\">Informa\u00e7\u00f5es:<\/span><\/strong> Tel: (21) 2025-5000 \/ 3982-1515 \/ 98636-1515<\/p>\n<p><strong><span style=\"color: #003366;\">E-mail:<\/span> <\/strong> <a href=\"mailto:atendimento@ticketrio.com.br\"> atendimento@ticketrio.com.br&nbsp;<\/a><\/p>\n<p>&nbsp;<\/p>\n\n\n<figure class=\"wp-block-image size-full\"><a href=\"https:\/\/store.ticketrio.com.br\"><img loading=\"lazy\" decoding=\"async\" width=\"221\" height=\"359\" src=\"https:\/\/www.ticketrio.com.br\/site\/wp-content\/uploads\/2013\/03\/ARQUIBANCADAS2.jpg\" alt=\"\" class=\"wp-image-137\" srcset=\"https:\/\/www.ticketrio.com.br\/site\/wp-content\/uploads\/2013\/03\/ARQUIBANCADAS2.jpg 221w, https:\/\/www.ticketrio.com.br\/site\/wp-content\/uploads\/2013\/03\/ARQUIBANCADAS2-184x300.jpg 184w\" sizes=\"auto, (max-width: 221px) 100vw, 221px\" \/><\/a><\/figure>\n","protected":false},"excerpt":{"rendered":"<p>ARQUIBANCADAS As arquibancadas do Samb\u00f3dromo n\u00e3o oferecem lugares marcados (com exce\u00e7\u00e3o do setor 9), proporcionando a voc\u00ea liberdade de escolher qualquer lugar nos assentos. Muitos preferem chegar mais cedo para conseguir um espa\u00e7o nos primeiros degraus, outros preferem ver a escola em conjunto, optando assim pelos degraus superiores das arquibancadas. Espa\u00e7o descoberto, acessado por escadas, [&hellip;]<\/p>\n","protected":false},"author":1,"featured_media":0,"parent":2477,"menu_order":1,"comment_status":"closed","ping_status":"closed","template":"page-full.php","meta":{"ngg_post_thumbnail":0,"footnotes":""},"class_list":["post-90","page","type-page","status-publish","hentry"],"yoast_head":"<!-- This site is optimized with the Yoast SEO plugin v25.9 - https:\/\/yoast.com\/wordpress\/plugins\/seo\/ -->\n<title>Arquibancadas - Ticket Rio - Billets Carnaval Rio, Karneval Rio de Janeiro Tickets, Tickets for Rio Carnival Sambadrome, Boletos Carnaval Rio, Entradas Carnaval Rio Samb\u00f3dromo<\/title>\n<meta name=\"description\" content=\"rio carnival sambadrome tickets. Rio Carnaval Samb\u00f3dromo 2018. Rio Carnaval Entradas Samb\u00f3dromo. Rio Parade Tickets. Rio Carnaval billets. Rio karneval tickets. Rio carnavales biglietti.\" \/>\n<meta name=\"robots\" content=\"index, follow, max-snippet:-1, max-image-preview:large, max-video-preview:-1\" \/>\n<link rel=\"canonical\" href=\"https:\/\/www.ticketrio.com.br\/site\/ingressos-carnaval-rio\/arquibancadas-carnaval-sambodromo\/\" \/>\n<meta property=\"og:locale\" content=\"pt_BR\" \/>\n<meta property=\"og:type\" content=\"article\" \/>\n<meta property=\"og:title\" content=\"Arquibancadas - Ticket Rio - Billets Carnaval Rio, Karneval Rio de Janeiro Tickets, Tickets for Rio Carnival Sambadrome, Boletos Carnaval Rio, Entradas Carnaval Rio Samb\u00f3dromo\" \/>\n<meta property=\"og:description\" content=\"rio carnival sambadrome tickets. Rio Carnaval Samb\u00f3dromo 2018. Rio Carnaval Entradas Samb\u00f3dromo. Rio Parade Tickets. Rio Carnaval billets. Rio karneval tickets. Rio carnavales biglietti.\" \/>\n<meta property=\"og:url\" content=\"https:\/\/www.ticketrio.com.br\/site\/ingressos-carnaval-rio\/arquibancadas-carnaval-sambodromo\/\" \/>\n<meta property=\"og:site_name\" content=\"Ticket Rio - Billets Carnaval Rio, Karneval Rio de Janeiro Tickets, Tickets for Rio Carnival Sambadrome, Boletos Carnaval Rio, Entradas Carnaval Rio Samb\u00f3dromo\" \/>\n<meta property=\"article:modified_time\" content=\"2025-10-07T15:02:32+00:00\" \/>\n<meta property=\"og:image\" content=\"https:\/\/www.ticketrio.com.br\/site\/wp-content\/uploads\/2013\/03\/ARQUIBANCADAS2.jpg\" \/>\n\t<meta property=\"og:image:width\" content=\"221\" \/>\n\t<meta property=\"og:image:height\" content=\"359\" \/>\n\t<meta property=\"og:image:type\" content=\"image\/jpeg\" \/>\n<meta name=\"twitter:card\" content=\"summary_large_image\" \/>\n<meta name=\"twitter:label1\" content=\"Est. tempo de leitura\" \/>\n\t<meta name=\"twitter:data1\" content=\"1 minuto\" \/>\n<script type=\"application\/ld+json\" class=\"yoast-schema-graph\">{\"@context\":\"https:\/\/schema.org\",\"@graph\":[{\"@type\":\"WebPage\",\"@id\":\"https:\/\/www.ticketrio.com.br\/site\/ingressos-carnaval-rio\/arquibancadas-carnaval-sambodromo\/\",\"url\":\"https:\/\/www.ticketrio.com.br\/site\/ingressos-carnaval-rio\/arquibancadas-carnaval-sambodromo\/\",\"name\":\"Arquibancadas - Ticket Rio - Billets Carnaval Rio, Karneval Rio de Janeiro Tickets, Tickets for Rio Carnival Sambadrome, Boletos Carnaval Rio, Entradas Carnaval Rio Samb\u00f3dromo\",\"isPartOf\":{\"@id\":\"https:\/\/www.ticketrio.com.br\/site\/#website\"},\"primaryImageOfPage\":{\"@id\":\"https:\/\/www.ticketrio.com.br\/site\/ingressos-carnaval-rio\/arquibancadas-carnaval-sambodromo\/#primaryimage\"},\"image\":{\"@id\":\"https:\/\/www.ticketrio.com.br\/site\/ingressos-carnaval-rio\/arquibancadas-carnaval-sambodromo\/#primaryimage\"},\"thumbnailUrl\":\"https:\/\/www.ticketrio.com.br\/site\/wp-content\/uploads\/2013\/03\/ARQUIBANCADAS2.jpg\",\"datePublished\":\"2013-03-07T16:06:26+00:00\",\"dateModified\":\"2025-10-07T15:02:32+00:00\",\"description\":\"rio carnival sambadrome tickets. Rio Carnaval Samb\u00f3dromo 2018. Rio Carnaval Entradas Samb\u00f3dromo. Rio Parade Tickets. Rio Carnaval billets. Rio karneval tickets. Rio carnavales biglietti.\",\"breadcrumb\":{\"@id\":\"https:\/\/www.ticketrio.com.br\/site\/ingressos-carnaval-rio\/arquibancadas-carnaval-sambodromo\/#breadcrumb\"},\"inLanguage\":\"pt-BR\",\"potentialAction\":[{\"@type\":\"ReadAction\",\"target\":[\"https:\/\/www.ticketrio.com.br\/site\/ingressos-carnaval-rio\/arquibancadas-carnaval-sambodromo\/\"]}]},{\"@type\":\"ImageObject\",\"inLanguage\":\"pt-BR\",\"@id\":\"https:\/\/www.ticketrio.com.br\/site\/ingressos-carnaval-rio\/arquibancadas-carnaval-sambodromo\/#primaryimage\",\"url\":\"https:\/\/www.ticketrio.com.br\/site\/wp-content\/uploads\/2013\/03\/ARQUIBANCADAS2.jpg\",\"contentUrl\":\"https:\/\/www.ticketrio.com.br\/site\/wp-content\/uploads\/2013\/03\/ARQUIBANCADAS2.jpg\",\"width\":\"221\",\"height\":\"359\"},{\"@type\":\"BreadcrumbList\",\"@id\":\"https:\/\/www.ticketrio.com.br\/site\/ingressos-carnaval-rio\/arquibancadas-carnaval-sambodromo\/#breadcrumb\",\"itemListElement\":[{\"@type\":\"ListItem\",\"position\":1,\"name\":\"In\u00edcio\",\"item\":\"https:\/\/www.ticketrio.com.br\/site\/\"},{\"@type\":\"ListItem\",\"position\":2,\"name\":\"Ingressos Carnaval Rio\",\"item\":\"https:\/\/www.ticketrio.com.br\/site\/ingressos-carnaval-rio\/\"},{\"@type\":\"ListItem\",\"position\":3,\"name\":\"Arquibancadas\"}]},{\"@type\":\"WebSite\",\"@id\":\"https:\/\/www.ticketrio.com.br\/site\/#website\",\"url\":\"https:\/\/www.ticketrio.com.br\/site\/\",\"name\":\"Ticket Rio - Billets Carnaval Rio, Karneval Rio de Janeiro Tickets, Tickets for Rio Carnival Sambadrome, Boletos Carnaval Rio, Entradas Carnaval Rio Samb\u00f3dromo\",\"description\":\"Billets Carnaval Rio, Karneval Rio de Janeiro Tickets, Tickets for Rio Carnival Sambadrome, Boletos Carnaval Rio, Entradas Carnaval Rio Samb\u00f3dromo\",\"potentialAction\":[{\"@type\":\"SearchAction\",\"target\":{\"@type\":\"EntryPoint\",\"urlTemplate\":\"https:\/\/www.ticketrio.com.br\/site\/?s={search_term_string}\"},\"query-input\":{\"@type\":\"PropertyValueSpecification\",\"valueRequired\":true,\"valueName\":\"search_term_string\"}}],\"inLanguage\":\"pt-BR\"}]}<\/script>\n<!-- \/ Yoast SEO plugin. -->","yoast_head_json":{"title":"Arquibancadas - Ticket Rio - Billets Carnaval Rio, Karneval Rio de Janeiro Tickets, Tickets for Rio Carnival Sambadrome, Boletos Carnaval Rio, Entradas Carnaval Rio Samb\u00f3dromo","description":"rio carnival sambadrome tickets. Rio Carnaval Samb\u00f3dromo 2018. Rio Carnaval Entradas Samb\u00f3dromo. Rio Parade Tickets. Rio Carnaval billets. Rio karneval tickets. Rio carnavales biglietti.","robots":{"index":"index","follow":"follow","max-snippet":"max-snippet:-1","max-image-preview":"max-image-preview:large","max-video-preview":"max-video-preview:-1"},"canonical":"https:\/\/www.ticketrio.com.br\/site\/ingressos-carnaval-rio\/arquibancadas-carnaval-sambodromo\/","og_locale":"pt_BR","og_type":"article","og_title":"Arquibancadas - Ticket Rio - Billets Carnaval Rio, Karneval Rio de Janeiro Tickets, Tickets for Rio Carnival Sambadrome, Boletos Carnaval Rio, Entradas Carnaval Rio Samb\u00f3dromo","og_description":"rio carnival sambadrome tickets. Rio Carnaval Samb\u00f3dromo 2018. Rio Carnaval Entradas Samb\u00f3dromo. Rio Parade Tickets. Rio Carnaval billets. Rio karneval tickets. Rio carnavales biglietti.","og_url":"https:\/\/www.ticketrio.com.br\/site\/ingressos-carnaval-rio\/arquibancadas-carnaval-sambodromo\/","og_site_name":"Ticket Rio - Billets Carnaval Rio, Karneval Rio de Janeiro Tickets, Tickets for Rio Carnival Sambadrome, Boletos Carnaval Rio, Entradas Carnaval Rio Samb\u00f3dromo","article_modified_time":"2025-10-07T15:02:32+00:00","og_image":[{"width":221,"height":359,"url":"https:\/\/www.ticketrio.com.br\/site\/wp-content\/uploads\/2013\/03\/ARQUIBANCADAS2.jpg","type":"image\/jpeg"}],"twitter_card":"summary_large_image","twitter_misc":{"Est. tempo de leitura":"1 minuto"},"schema":{"@context":"https:\/\/schema.org","@graph":[{"@type":"WebPage","@id":"https:\/\/www.ticketrio.com.br\/site\/ingressos-carnaval-rio\/arquibancadas-carnaval-sambodromo\/","url":"https:\/\/www.ticketrio.com.br\/site\/ingressos-carnaval-rio\/arquibancadas-carnaval-sambodromo\/","name":"Arquibancadas - Ticket Rio - Billets Carnaval Rio, Karneval Rio de Janeiro Tickets, Tickets for Rio Carnival Sambadrome, Boletos Carnaval Rio, Entradas Carnaval Rio Samb\u00f3dromo","isPartOf":{"@id":"https:\/\/www.ticketrio.com.br\/site\/#website"},"primaryImageOfPage":{"@id":"https:\/\/www.ticketrio.com.br\/site\/ingressos-carnaval-rio\/arquibancadas-carnaval-sambodromo\/#primaryimage"},"image":{"@id":"https:\/\/www.ticketrio.com.br\/site\/ingressos-carnaval-rio\/arquibancadas-carnaval-sambodromo\/#primaryimage"},"thumbnailUrl":"https:\/\/www.ticketrio.com.br\/site\/wp-content\/uploads\/2013\/03\/ARQUIBANCADAS2.jpg","datePublished":"2013-03-07T16:06:26+00:00","dateModified":"2025-10-07T15:02:32+00:00","description":"rio carnival sambadrome tickets. Rio Carnaval Samb\u00f3dromo 2018. Rio Carnaval Entradas Samb\u00f3dromo. Rio Parade Tickets. Rio Carnaval billets. Rio karneval tickets. Rio carnavales biglietti.","breadcrumb":{"@id":"https:\/\/www.ticketrio.com.br\/site\/ingressos-carnaval-rio\/arquibancadas-carnaval-sambodromo\/#breadcrumb"},"inLanguage":"pt-BR","potentialAction":[{"@type":"ReadAction","target":["https:\/\/www.ticketrio.com.br\/site\/ingressos-carnaval-rio\/arquibancadas-carnaval-sambodromo\/"]}]},{"@type":"ImageObject","inLanguage":"pt-BR","@id":"https:\/\/www.ticketrio.com.br\/site\/ingressos-carnaval-rio\/arquibancadas-carnaval-sambodromo\/#primaryimage","url":"https:\/\/www.ticketrio.com.br\/site\/wp-content\/uploads\/2013\/03\/ARQUIBANCADAS2.jpg","contentUrl":"https:\/\/www.ticketrio.com.br\/site\/wp-content\/uploads\/2013\/03\/ARQUIBANCADAS2.jpg","width":"221","height":"359"},{"@type":"BreadcrumbList","@id":"https:\/\/www.ticketrio.com.br\/site\/ingressos-carnaval-rio\/arquibancadas-carnaval-sambodromo\/#breadcrumb","itemListElement":[{"@type":"ListItem","position":1,"name":"In\u00edcio","item":"https:\/\/www.ticketrio.com.br\/site\/"},{"@type":"ListItem","position":2,"name":"Ingressos Carnaval Rio","item":"https:\/\/www.ticketrio.com.br\/site\/ingressos-carnaval-rio\/"},{"@type":"ListItem","position":3,"name":"Arquibancadas"}]},{"@type":"WebSite","@id":"https:\/\/www.ticketrio.com.br\/site\/#website","url":"https:\/\/www.ticketrio.com.br\/site\/","name":"Ticket Rio - Billets Carnaval Rio, Karneval Rio de Janeiro Tickets, Tickets for Rio Carnival Sambadrome, Boletos Carnaval Rio, Entradas Carnaval Rio Samb\u00f3dromo","description":"Billets Carnaval Rio, Karneval Rio de Janeiro Tickets, Tickets for Rio Carnival Sambadrome, Boletos Carnaval Rio, Entradas Carnaval Rio Samb\u00f3dromo","potentialAction":[{"@type":"SearchAction","target":{"@type":"EntryPoint","urlTemplate":"https:\/\/www.ticketrio.com.br\/site\/?s={search_term_string}"},"query-input":{"@type":"PropertyValueSpecification","valueRequired":true,"valueName":"search_term_string"}}],"inLanguage":"pt-BR"}]}},"_links":{"self":[{"href":"https:\/\/www.ticketrio.com.br\/site\/wp-json\/wp\/v2\/pages\/90","targetHints":{"allow":["GET"]}}],"collection":[{"href":"https:\/\/www.ticketrio.com.br\/site\/wp-json\/wp\/v2\/pages"}],"about":[{"href":"https:\/\/www.ticketrio.com.br\/site\/wp-json\/wp\/v2\/types\/page"}],"author":[{"embeddable":true,"href":"https:\/\/www.ticketrio.com.br\/site\/wp-json\/wp\/v2\/users\/1"}],"replies":[{"embeddable":true,"href":"https:\/\/www.ticketrio.com.br\/site\/wp-json\/wp\/v2\/comments?post=90"}],"version-history":[{"count":50,"href":"https:\/\/www.ticketrio.com.br\/site\/wp-json\/wp\/v2\/pages\/90\/revisions"}],"predecessor-version":[{"id":2617,"href":"https:\/\/www.ticketrio.com.br\/site\/wp-json\/wp\/v2\/pages\/90\/revisions\/2617"}],"up":[{"embeddable":true,"href":"https:\/\/www.ticketrio.com.br\/site\/wp-json\/wp\/v2\/pages\/2477"}],"wp:attachment":[{"href":"https:\/\/www.ticketrio.com.br\/site\/wp-json\/wp\/v2\/media?parent=90"}],"curies":[{"name":"wp","href":"https:\/\/api.w.org\/{rel}","templated":true}]}}