{"id":55,"date":"2013-03-05T19:17:07","date_gmt":"2013-03-05T19:17:07","guid":{"rendered":"https:\/\/www.ticketrio.com.br\/site\/?page_id=55"},"modified":"2026-03-03T18:25:17","modified_gmt":"2026-03-03T18:25:17","slug":"onde-estamos-cittaamerica-ticket-rio-carnaval","status":"publish","type":"page","link":"https:\/\/www.ticketrio.com.br\/site\/onde-estamos-cittaamerica-ticket-rio-carnaval\/","title":{"rendered":"Onde Estamos"},"content":{"rendered":"<h2><strong style=\"color: #003366; line-height: 1.6em;\">LOCALIZA\u00c7\u00c3O<\/strong><\/h2>\n<h2>Loja no Shopping Citt\u00e1 Am\u00e9rica &#8211; Av. das Am\u00e9ricas,&nbsp;<span style=\"line-height: 1.6em;\">700 Loja 112L&nbsp; &#8211; Barra da Tijuca &#8211; Rio de <\/span><span style=\"line-height: 1.6em;\">Janeiro<\/span><\/h2>\n\n\n<figure class=\"wp-block-image size-full\"><a href=\"https:\/\/www.ticketrio.com.br\/site\/wp-content\/uploads\/2026\/03\/image-4.png\"><img loading=\"lazy\" decoding=\"async\" width=\"300\" height=\"300\" src=\"https:\/\/www.ticketrio.com.br\/site\/wp-content\/uploads\/2026\/03\/image-4.png\" alt=\"\" class=\"wp-image-2691\" srcset=\"https:\/\/www.ticketrio.com.br\/site\/wp-content\/uploads\/2026\/03\/image-4.png 300w, https:\/\/www.ticketrio.com.br\/site\/wp-content\/uploads\/2026\/03\/image-4-150x150.png 150w\" sizes=\"auto, (max-width: 300px) 100vw, 300px\" \/><\/a><\/figure>\n","protected":false},"excerpt":{"rendered":"<p>LOCALIZA\u00c7\u00c3O Loja no Shopping Citt\u00e1 Am\u00e9rica &#8211; Av. das Am\u00e9ricas,&nbsp;700 Loja 112L&nbsp; &#8211; Barra da Tijuca &#8211; Rio de Janeiro<\/p>\n","protected":false},"author":1,"featured_media":0,"parent":0,"menu_order":4,"comment_status":"closed","ping_status":"closed","template":"page-full.php","meta":{"ngg_post_thumbnail":0,"footnotes":""},"class_list":["post-55","page","type-page","status-publish","hentry"],"yoast_head":"<!-- This site is optimized with the Yoast SEO plugin v25.9 - https:\/\/yoast.com\/wordpress\/plugins\/seo\/ -->\n<title>Onde Estamos - Ticket Rio - Billets Carnaval Rio, Karneval Rio de Janeiro Tickets, Tickets for Rio Carnival Sambadrome, Boletos Carnaval Rio, Entradas Carnaval Rio Samb\u00f3dromo<\/title>\n<meta name=\"description\" content=\"rio carnival sambadrome tickets. Rio Carnaval Samb\u00f3dromo 2018. Rio Carnaval Entradas Samb\u00f3dromo. Rio Parade Tickets. Rio Carnaval billets. Rio karneval tickets. Rio carnavales biglietti.\" \/>\n<meta name=\"robots\" content=\"index, follow, max-snippet:-1, max-image-preview:large, max-video-preview:-1\" \/>\n<link rel=\"canonical\" href=\"https:\/\/www.ticketrio.com.br\/site\/onde-estamos-cittaamerica-ticket-rio-carnaval\/\" \/>\n<meta property=\"og:locale\" content=\"pt_BR\" \/>\n<meta property=\"og:type\" content=\"article\" \/>\n<meta property=\"og:title\" content=\"Onde Estamos - Ticket Rio - Billets Carnaval Rio, Karneval Rio de Janeiro Tickets, Tickets for Rio Carnival Sambadrome, Boletos Carnaval Rio, Entradas Carnaval Rio Samb\u00f3dromo\" \/>\n<meta property=\"og:description\" content=\"rio carnival sambadrome tickets. Rio Carnaval Samb\u00f3dromo 2018. Rio Carnaval Entradas Samb\u00f3dromo. Rio Parade Tickets. Rio Carnaval billets. Rio karneval tickets. Rio carnavales biglietti.\" \/>\n<meta property=\"og:url\" content=\"https:\/\/www.ticketrio.com.br\/site\/onde-estamos-cittaamerica-ticket-rio-carnaval\/\" \/>\n<meta property=\"og:site_name\" content=\"Ticket Rio - Billets Carnaval Rio, Karneval Rio de Janeiro Tickets, Tickets for Rio Carnival Sambadrome, Boletos Carnaval Rio, Entradas Carnaval Rio Samb\u00f3dromo\" \/>\n<meta property=\"article:modified_time\" content=\"2026-03-03T18:25:17+00:00\" \/>\n<meta property=\"og:image\" content=\"https:\/\/www.ticketrio.com.br\/site\/wp-content\/uploads\/2026\/03\/image-4.png\" \/>\n\t<meta property=\"og:image:width\" content=\"300\" \/>\n\t<meta property=\"og:image:height\" content=\"300\" \/>\n\t<meta property=\"og:image:type\" content=\"image\/png\" \/>\n<meta name=\"twitter:card\" content=\"summary_large_image\" \/>\n<meta name=\"twitter:label1\" content=\"Est. tempo de leitura\" \/>\n\t<meta name=\"twitter:data1\" content=\"1 minuto\" \/>\n<script type=\"application\/ld+json\" class=\"yoast-schema-graph\">{\"@context\":\"https:\/\/schema.org\",\"@graph\":[{\"@type\":\"WebPage\",\"@id\":\"https:\/\/www.ticketrio.com.br\/site\/onde-estamos-cittaamerica-ticket-rio-carnaval\/\",\"url\":\"https:\/\/www.ticketrio.com.br\/site\/onde-estamos-cittaamerica-ticket-rio-carnaval\/\",\"name\":\"Onde Estamos - Ticket Rio - Billets Carnaval Rio, Karneval Rio de Janeiro Tickets, Tickets for Rio Carnival Sambadrome, Boletos Carnaval Rio, Entradas Carnaval Rio Samb\u00f3dromo\",\"isPartOf\":{\"@id\":\"https:\/\/www.ticketrio.com.br\/site\/#website\"},\"primaryImageOfPage\":{\"@id\":\"https:\/\/www.ticketrio.com.br\/site\/onde-estamos-cittaamerica-ticket-rio-carnaval\/#primaryimage\"},\"image\":{\"@id\":\"https:\/\/www.ticketrio.com.br\/site\/onde-estamos-cittaamerica-ticket-rio-carnaval\/#primaryimage\"},\"thumbnailUrl\":\"https:\/\/www.ticketrio.com.br\/site\/wp-content\/uploads\/2026\/03\/image-4.png\",\"datePublished\":\"2013-03-05T19:17:07+00:00\",\"dateModified\":\"2026-03-03T18:25:17+00:00\",\"description\":\"rio carnival sambadrome tickets. Rio Carnaval Samb\u00f3dromo 2018. Rio Carnaval Entradas Samb\u00f3dromo. Rio Parade Tickets. Rio Carnaval billets. Rio karneval tickets. Rio carnavales biglietti.\",\"breadcrumb\":{\"@id\":\"https:\/\/www.ticketrio.com.br\/site\/onde-estamos-cittaamerica-ticket-rio-carnaval\/#breadcrumb\"},\"inLanguage\":\"pt-BR\",\"potentialAction\":[{\"@type\":\"ReadAction\",\"target\":[\"https:\/\/www.ticketrio.com.br\/site\/onde-estamos-cittaamerica-ticket-rio-carnaval\/\"]}]},{\"@type\":\"ImageObject\",\"inLanguage\":\"pt-BR\",\"@id\":\"https:\/\/www.ticketrio.com.br\/site\/onde-estamos-cittaamerica-ticket-rio-carnaval\/#primaryimage\",\"url\":\"https:\/\/www.ticketrio.com.br\/site\/wp-content\/uploads\/2026\/03\/image-4.png\",\"contentUrl\":\"https:\/\/www.ticketrio.com.br\/site\/wp-content\/uploads\/2026\/03\/image-4.png\",\"width\":300,\"height\":300},{\"@type\":\"BreadcrumbList\",\"@id\":\"https:\/\/www.ticketrio.com.br\/site\/onde-estamos-cittaamerica-ticket-rio-carnaval\/#breadcrumb\",\"itemListElement\":[{\"@type\":\"ListItem\",\"position\":1,\"name\":\"In\u00edcio\",\"item\":\"https:\/\/www.ticketrio.com.br\/site\/\"},{\"@type\":\"ListItem\",\"position\":2,\"name\":\"Onde Estamos\"}]},{\"@type\":\"WebSite\",\"@id\":\"https:\/\/www.ticketrio.com.br\/site\/#website\",\"url\":\"https:\/\/www.ticketrio.com.br\/site\/\",\"name\":\"Ticket Rio - Billets Carnaval Rio, Karneval Rio de Janeiro Tickets, Tickets for Rio Carnival Sambadrome, Boletos Carnaval Rio, Entradas Carnaval Rio Samb\u00f3dromo\",\"description\":\"Billets Carnaval Rio, Karneval Rio de Janeiro Tickets, Tickets for Rio Carnival Sambadrome, Boletos Carnaval Rio, Entradas Carnaval Rio Samb\u00f3dromo\",\"potentialAction\":[{\"@type\":\"SearchAction\",\"target\":{\"@type\":\"EntryPoint\",\"urlTemplate\":\"https:\/\/www.ticketrio.com.br\/site\/?s={search_term_string}\"},\"query-input\":{\"@type\":\"PropertyValueSpecification\",\"valueRequired\":true,\"valueName\":\"search_term_string\"}}],\"inLanguage\":\"pt-BR\"}]}<\/script>\n<!-- \/ Yoast SEO plugin. -->","yoast_head_json":{"title":"Onde Estamos - Ticket Rio - Billets Carnaval Rio, Karneval Rio de Janeiro Tickets, Tickets for Rio Carnival Sambadrome, Boletos Carnaval Rio, Entradas Carnaval Rio Samb\u00f3dromo","description":"rio carnival sambadrome tickets. Rio Carnaval Samb\u00f3dromo 2018. Rio Carnaval Entradas Samb\u00f3dromo. Rio Parade Tickets. Rio Carnaval billets. Rio karneval tickets. Rio carnavales biglietti.","robots":{"index":"index","follow":"follow","max-snippet":"max-snippet:-1","max-image-preview":"max-image-preview:large","max-video-preview":"max-video-preview:-1"},"canonical":"https:\/\/www.ticketrio.com.br\/site\/onde-estamos-cittaamerica-ticket-rio-carnaval\/","og_locale":"pt_BR","og_type":"article","og_title":"Onde Estamos - Ticket Rio - Billets Carnaval Rio, Karneval Rio de Janeiro Tickets, Tickets for Rio Carnival Sambadrome, Boletos Carnaval Rio, Entradas Carnaval Rio Samb\u00f3dromo","og_description":"rio carnival sambadrome tickets. Rio Carnaval Samb\u00f3dromo 2018. Rio Carnaval Entradas Samb\u00f3dromo. Rio Parade Tickets. Rio Carnaval billets. Rio karneval tickets. Rio carnavales biglietti.","og_url":"https:\/\/www.ticketrio.com.br\/site\/onde-estamos-cittaamerica-ticket-rio-carnaval\/","og_site_name":"Ticket Rio - Billets Carnaval Rio, Karneval Rio de Janeiro Tickets, Tickets for Rio Carnival Sambadrome, Boletos Carnaval Rio, Entradas Carnaval Rio Samb\u00f3dromo","article_modified_time":"2026-03-03T18:25:17+00:00","og_image":[{"width":300,"height":300,"url":"https:\/\/www.ticketrio.com.br\/site\/wp-content\/uploads\/2026\/03\/image-4.png","type":"image\/png"}],"twitter_card":"summary_large_image","twitter_misc":{"Est. tempo de leitura":"1 minuto"},"schema":{"@context":"https:\/\/schema.org","@graph":[{"@type":"WebPage","@id":"https:\/\/www.ticketrio.com.br\/site\/onde-estamos-cittaamerica-ticket-rio-carnaval\/","url":"https:\/\/www.ticketrio.com.br\/site\/onde-estamos-cittaamerica-ticket-rio-carnaval\/","name":"Onde Estamos - Ticket Rio - Billets Carnaval Rio, Karneval Rio de Janeiro Tickets, Tickets for Rio Carnival Sambadrome, Boletos Carnaval Rio, Entradas Carnaval Rio Samb\u00f3dromo","isPartOf":{"@id":"https:\/\/www.ticketrio.com.br\/site\/#website"},"primaryImageOfPage":{"@id":"https:\/\/www.ticketrio.com.br\/site\/onde-estamos-cittaamerica-ticket-rio-carnaval\/#primaryimage"},"image":{"@id":"https:\/\/www.ticketrio.com.br\/site\/onde-estamos-cittaamerica-ticket-rio-carnaval\/#primaryimage"},"thumbnailUrl":"https:\/\/www.ticketrio.com.br\/site\/wp-content\/uploads\/2026\/03\/image-4.png","datePublished":"2013-03-05T19:17:07+00:00","dateModified":"2026-03-03T18:25:17+00:00","description":"rio carnival sambadrome tickets. Rio Carnaval Samb\u00f3dromo 2018. Rio Carnaval Entradas Samb\u00f3dromo. Rio Parade Tickets. Rio Carnaval billets. Rio karneval tickets. Rio carnavales biglietti.","breadcrumb":{"@id":"https:\/\/www.ticketrio.com.br\/site\/onde-estamos-cittaamerica-ticket-rio-carnaval\/#breadcrumb"},"inLanguage":"pt-BR","potentialAction":[{"@type":"ReadAction","target":["https:\/\/www.ticketrio.com.br\/site\/onde-estamos-cittaamerica-ticket-rio-carnaval\/"]}]},{"@type":"ImageObject","inLanguage":"pt-BR","@id":"https:\/\/www.ticketrio.com.br\/site\/onde-estamos-cittaamerica-ticket-rio-carnaval\/#primaryimage","url":"https:\/\/www.ticketrio.com.br\/site\/wp-content\/uploads\/2026\/03\/image-4.png","contentUrl":"https:\/\/www.ticketrio.com.br\/site\/wp-content\/uploads\/2026\/03\/image-4.png","width":300,"height":300},{"@type":"BreadcrumbList","@id":"https:\/\/www.ticketrio.com.br\/site\/onde-estamos-cittaamerica-ticket-rio-carnaval\/#breadcrumb","itemListElement":[{"@type":"ListItem","position":1,"name":"In\u00edcio","item":"https:\/\/www.ticketrio.com.br\/site\/"},{"@type":"ListItem","position":2,"name":"Onde Estamos"}]},{"@type":"WebSite","@id":"https:\/\/www.ticketrio.com.br\/site\/#website","url":"https:\/\/www.ticketrio.com.br\/site\/","name":"Ticket Rio - Billets Carnaval Rio, Karneval Rio de Janeiro Tickets, Tickets for Rio Carnival Sambadrome, Boletos Carnaval Rio, Entradas Carnaval Rio Samb\u00f3dromo","description":"Billets Carnaval Rio, Karneval Rio de Janeiro Tickets, Tickets for Rio Carnival Sambadrome, Boletos Carnaval Rio, Entradas Carnaval Rio Samb\u00f3dromo","potentialAction":[{"@type":"SearchAction","target":{"@type":"EntryPoint","urlTemplate":"https:\/\/www.ticketrio.com.br\/site\/?s={search_term_string}"},"query-input":{"@type":"PropertyValueSpecification","valueRequired":true,"valueName":"search_term_string"}}],"inLanguage":"pt-BR"}]}},"_links":{"self":[{"href":"https:\/\/www.ticketrio.com.br\/site\/wp-json\/wp\/v2\/pages\/55","targetHints":{"allow":["GET"]}}],"collection":[{"href":"https:\/\/www.ticketrio.com.br\/site\/wp-json\/wp\/v2\/pages"}],"about":[{"href":"https:\/\/www.ticketrio.com.br\/site\/wp-json\/wp\/v2\/types\/page"}],"author":[{"embeddable":true,"href":"https:\/\/www.ticketrio.com.br\/site\/wp-json\/wp\/v2\/users\/1"}],"replies":[{"embeddable":true,"href":"https:\/\/www.ticketrio.com.br\/site\/wp-json\/wp\/v2\/comments?post=55"}],"version-history":[{"count":23,"href":"https:\/\/www.ticketrio.com.br\/site\/wp-json\/wp\/v2\/pages\/55\/revisions"}],"predecessor-version":[{"id":2692,"href":"https:\/\/www.ticketrio.com.br\/site\/wp-json\/wp\/v2\/pages\/55\/revisions\/2692"}],"wp:attachment":[{"href":"https:\/\/www.ticketrio.com.br\/site\/wp-json\/wp\/v2\/media?parent=55"}],"curies":[{"name":"wp","href":"https:\/\/api.w.org\/{rel}","templated":true}]}}