{"id":365,"date":"2013-03-27T16:46:06","date_gmt":"2013-03-27T16:46:06","guid":{"rendered":"https:\/\/www.ticketrio.com.br\/site\/?page_id=365"},"modified":"2013-05-02T16:48:11","modified_gmt":"2013-05-02T16:48:11","slug":"costa","status":"publish","type":"page","link":"https:\/\/www.ticketrio.com.br\/site\/ticket-rio-carnival\/cruzeiros-rio\/costa\/","title":{"rendered":"COSTA CRUZEIRO"},"content":{"rendered":"<h1><strong><span style=\"color: #003366;\">Costa Cruzeiros<\/span><\/strong><\/h1>\n<p style=\"text-align: justify;\">A Costa Crociere S.p.A. \u00e9 o maior grupo Italiano no Turismo e a n\u00ba 1 em cruzeiro na Europa com sede em Genova. As marcas AIDA Cruises e Ibero cruzeiros pertencem \u00e0 Costa Crociere S.p.A, totalizando 26 navios em atividade e 4 sob encomenda. Todos os navios s\u00e3o de bandeira italiana e navegam pelas regi\u00f5es do Mediterr\u00e2neo, Norte Europeu, Mar B\u00e1ltico, Caribe, Am\u00e9rica do Sul e Central, Emirados \u00c1rabe, Extremo Oriente, \u00cdndico e Mar Vermelho.<\/p>\n<h2 style=\"text-align: center;\"><span style=\"color: #ff0000;\"> ABERTA A TEMPORADA <span style=\"color: #ff6600;\">2013\/2014<\/span> DA<br \/>\nCOSTA CRUZEIROS.<\/span><\/h2>\n<h2 style=\"text-align: center;\"><span style=\"color: #ff0000;\">VENHA APROVEITAR NOSSAS OFERTAS.<\/span><\/h2>\n<h2 style=\"text-align: center;\"><span style=\"color: #ff0000;\">PARCELAMOS EM AT\u00c9 <span style=\"color: #ff6600;\">10 VEZES<\/span> SEM JUROS!<\/span><\/h2>\n<p style=\"text-align: justify;\">Neste cruzeiro voc\u00eas ter\u00e3o a oportunidade de visitar calmamente a mais europeia das capitais sul-americanas: Buenos Aires. Em seguida, o navio os levar\u00e1 a Punta del Este, o mais tradicional balne\u00e1rio do Atl\u00e2ntico Sul.<\/p>\n<h1><strong><span style=\"color: #003366;\">Roteiro:<\/span><\/strong><\/h1>\n<p>Brasil, Uruguai e Argentina 8 noites.<br \/>\n<span style=\"color: #ff6600;\">Porto de partida e chegada:<\/span> Rio de Janeiro, Brasil.<br \/>\n<span style=\"color: #ff6600;\">Data de embarque:<\/span> 22,31 dezembro 2013<br \/>\n<span style=\"color: #ff6600;\">Itiner\u00e1rio:<\/span> (Rio de Janeiro\/ Ilha bela\/ Punta del leste(Uruguai)\/Buenos Aires(Argentina)\/ Angra dos Reis(Ilha Bela- BR)\/Rio de Janeiro)<\/p>\n<h1><strong><span style=\"color: #003366;\">RESTAURANTES E BARES<\/span><\/strong><\/h1>\n<p style=\"text-align: justify;\">\u2022 Cinco restaurantes, incluindo um Restaurante Club e um Restaurante Samsara (de pagamento* e com reserva pr\u00e9via)<\/p>\n<p style=\"text-align: justify;\">\u2022 Treze bares, entre eles um Cognac &amp; Cigar Bar e um Coffee &amp; Chocolate Bar *Os almo\u00e7os e os jantares no Restaurante Samsara est\u00e3o inclu\u00eddos no pre\u00e7o para os h\u00f3spedes dos Camarotes e Suites Samsara.<\/p>\n<h1><strong><span style=\"color: #003366;\">Bem-estar e Desporto<\/span><\/strong><\/h1>\n<p style=\"text-align: justify;\">\u2022 Samsara Spa: 6000 m2 em dois andares, com gin\u00e1sio, termas, piscina de talassoterapia, salas de tratamento, sauna, banho turco, sol\u00e1rio de raios UVA, camarotes e su\u00edtes<\/p>\n<p style=\"text-align: justify;\">\u2022 5 jacuzzis<\/p>\n<p style=\"text-align: justify;\">\u2022 4 piscinas ,duas delas com cobertura retr\u00e1til<\/p>\n<p style=\"text-align: justify;\">\u2022 Pista poliesportiva<\/p>\n<p style=\"text-align: justify;\">\u2022 Circuito de jogging ao ar livre<\/p>\n<h1><strong><span style=\"color: #003366;\">Entretenimento<\/span><\/strong><\/h1>\n<p>\u2022 Cinema 4D<br \/>\n\u2022 Teatro de tr\u00eas andares<br \/>\n\u2022 Casino<br \/>\n\u2022 Discoteca<br \/>\n\u2022 Simulador do Grand Prix<br \/>\n\u2022 Simulador de Golfe<br \/>\n\u2022 Escorrega aqu\u00e1tico<br \/>\n\u2022 Ecr\u00e3 gigante ao ar livre com cobertura retr\u00e1til<br \/>\n\u2022 Espa\u00e7o de Internet<br \/>\n\u2022 Biblioteca<br \/>\n\u2022 Centro comercial<br \/>\n\u2022 Mundovirtual, Squok Club com piscina infantil<\/p>\n<h1><strong><span style=\"color: #003366;\">Cabines<\/span><\/strong><\/h1>\n<p>1508 camarotes, dos quais: 91com acesso direto ao SPA,<br \/>\n524 com varanda privada,<br \/>\n58 su\u00edtes, todas com varanda privada,<br \/>\n12 su\u00edtes com acesso direto ao SPA<\/p>\n<h1><span style=\"color: #003366;\"><strong>Arte<\/strong><\/span><\/h1>\n<p style=\"text-align: justify;\">Mais de 400 obras de arte originais e mais de 6.000 reprodu\u00e7\u00f5es s\u00e3o expostas em ambientes inspirados pela beleza como arqu\u00e9tipo, dedicados a lugares bonitos e obras-primas internacionais.<\/p>\n","protected":false},"excerpt":{"rendered":"<p>Costa Cruzeiros A Costa Crociere S.p.A. \u00e9 o maior grupo Italiano no Turismo e a n\u00ba 1 em cruzeiro na Europa com sede em Genova. As marcas AIDA Cruises e Ibero cruzeiros pertencem \u00e0 Costa Crociere S.p.A, totalizando 26 navios em atividade e 4 sob encomenda. Todos os navios s\u00e3o de bandeira italiana e navegam [&hellip;]<\/p>\n","protected":false},"author":1,"featured_media":0,"parent":345,"menu_order":2,"comment_status":"closed","ping_status":"closed","template":"page-full.php","meta":{"ngg_post_thumbnail":0,"footnotes":""},"class_list":["post-365","page","type-page","status-publish","hentry"],"yoast_head":"<!-- This site is optimized with the Yoast SEO plugin v25.9 - https:\/\/yoast.com\/wordpress\/plugins\/seo\/ -->\n<title>COSTA CRUZEIRO - Ticket Rio - Billets Carnaval Rio, Karneval Rio de Janeiro Tickets, Tickets for Rio Carnival Sambadrome, Boletos Carnaval Rio, Entradas Carnaval Rio Samb\u00f3dromo<\/title>\n<meta name=\"description\" content=\"rio carnival sambadrome tickets. Rio Carnaval Samb\u00f3dromo 2018. Rio Carnaval Entradas Samb\u00f3dromo. Rio Parade Tickets. Rio Carnaval billets. Rio karneval tickets. Rio carnavales biglietti.\" \/>\n<meta name=\"robots\" content=\"index, follow, max-snippet:-1, max-image-preview:large, max-video-preview:-1\" \/>\n<link rel=\"canonical\" href=\"https:\/\/www.ticketrio.com.br\/site\/ticket-rio-carnival\/cruzeiros-rio\/costa\/\" \/>\n<meta property=\"og:locale\" content=\"pt_BR\" \/>\n<meta property=\"og:type\" content=\"article\" \/>\n<meta property=\"og:title\" content=\"COSTA CRUZEIRO - Ticket Rio - Billets Carnaval Rio, Karneval Rio de Janeiro Tickets, Tickets for Rio Carnival Sambadrome, Boletos Carnaval Rio, Entradas Carnaval Rio Samb\u00f3dromo\" \/>\n<meta property=\"og:description\" content=\"rio carnival sambadrome tickets. Rio Carnaval Samb\u00f3dromo 2018. Rio Carnaval Entradas Samb\u00f3dromo. Rio Parade Tickets. Rio Carnaval billets. Rio karneval tickets. Rio carnavales biglietti.\" \/>\n<meta property=\"og:url\" content=\"https:\/\/www.ticketrio.com.br\/site\/ticket-rio-carnival\/cruzeiros-rio\/costa\/\" \/>\n<meta property=\"og:site_name\" content=\"Ticket Rio - Billets Carnaval Rio, Karneval Rio de Janeiro Tickets, Tickets for Rio Carnival Sambadrome, Boletos Carnaval Rio, Entradas Carnaval Rio Samb\u00f3dromo\" \/>\n<meta property=\"article:modified_time\" content=\"2013-05-02T16:48:11+00:00\" \/>\n<meta name=\"twitter:card\" content=\"summary_large_image\" \/>\n<meta name=\"twitter:label1\" content=\"Est. tempo de leitura\" \/>\n\t<meta name=\"twitter:data1\" content=\"2 minutos\" \/>\n<script type=\"application\/ld+json\" class=\"yoast-schema-graph\">{\"@context\":\"https:\/\/schema.org\",\"@graph\":[{\"@type\":\"WebPage\",\"@id\":\"https:\/\/www.ticketrio.com.br\/site\/ticket-rio-carnival\/cruzeiros-rio\/costa\/\",\"url\":\"https:\/\/www.ticketrio.com.br\/site\/ticket-rio-carnival\/cruzeiros-rio\/costa\/\",\"name\":\"COSTA CRUZEIRO - Ticket Rio - Billets Carnaval Rio, Karneval Rio de Janeiro Tickets, Tickets for Rio Carnival Sambadrome, Boletos Carnaval Rio, Entradas Carnaval Rio Samb\u00f3dromo\",\"isPartOf\":{\"@id\":\"https:\/\/www.ticketrio.com.br\/site\/#website\"},\"datePublished\":\"2013-03-27T16:46:06+00:00\",\"dateModified\":\"2013-05-02T16:48:11+00:00\",\"description\":\"rio carnival sambadrome tickets. Rio Carnaval Samb\u00f3dromo 2018. Rio Carnaval Entradas Samb\u00f3dromo. Rio Parade Tickets. Rio Carnaval billets. Rio karneval tickets. Rio carnavales biglietti.\",\"breadcrumb\":{\"@id\":\"https:\/\/www.ticketrio.com.br\/site\/ticket-rio-carnival\/cruzeiros-rio\/costa\/#breadcrumb\"},\"inLanguage\":\"pt-BR\",\"potentialAction\":[{\"@type\":\"ReadAction\",\"target\":[\"https:\/\/www.ticketrio.com.br\/site\/ticket-rio-carnival\/cruzeiros-rio\/costa\/\"]}]},{\"@type\":\"BreadcrumbList\",\"@id\":\"https:\/\/www.ticketrio.com.br\/site\/ticket-rio-carnival\/cruzeiros-rio\/costa\/#breadcrumb\",\"itemListElement\":[{\"@type\":\"ListItem\",\"position\":1,\"name\":\"In\u00edcio\",\"item\":\"https:\/\/www.ticketrio.com.br\/site\/\"},{\"@type\":\"ListItem\",\"position\":2,\"name\":\"Ticket Rio\",\"item\":\"https:\/\/www.ticketrio.com.br\/site\/en\/ticket-rio-carnival\/\"},{\"@type\":\"ListItem\",\"position\":3,\"name\":\"Cruzeiros &#8211; Temporada 2015\/2016\",\"item\":\"https:\/\/www.ticketrio.com.br\/site\/ticket-rio-carnival\/cruzeiros-rio\/\"},{\"@type\":\"ListItem\",\"position\":4,\"name\":\"COSTA CRUZEIRO\"}]},{\"@type\":\"WebSite\",\"@id\":\"https:\/\/www.ticketrio.com.br\/site\/#website\",\"url\":\"https:\/\/www.ticketrio.com.br\/site\/\",\"name\":\"Ticket Rio - Billets Carnaval Rio, Karneval Rio de Janeiro Tickets, Tickets for Rio Carnival Sambadrome, Boletos Carnaval Rio, Entradas Carnaval Rio Samb\u00f3dromo\",\"description\":\"Billets Carnaval Rio, Karneval Rio de Janeiro Tickets, Tickets for Rio Carnival Sambadrome, Boletos Carnaval Rio, Entradas Carnaval Rio Samb\u00f3dromo\",\"potentialAction\":[{\"@type\":\"SearchAction\",\"target\":{\"@type\":\"EntryPoint\",\"urlTemplate\":\"https:\/\/www.ticketrio.com.br\/site\/?s={search_term_string}\"},\"query-input\":{\"@type\":\"PropertyValueSpecification\",\"valueRequired\":true,\"valueName\":\"search_term_string\"}}],\"inLanguage\":\"pt-BR\"}]}<\/script>\n<!-- \/ Yoast SEO plugin. -->","yoast_head_json":{"title":"COSTA CRUZEIRO - Ticket Rio - Billets Carnaval Rio, Karneval Rio de Janeiro Tickets, Tickets for Rio Carnival Sambadrome, Boletos Carnaval Rio, Entradas Carnaval Rio Samb\u00f3dromo","description":"rio carnival sambadrome tickets. Rio Carnaval Samb\u00f3dromo 2018. Rio Carnaval Entradas Samb\u00f3dromo. Rio Parade Tickets. Rio Carnaval billets. Rio karneval tickets. Rio carnavales biglietti.","robots":{"index":"index","follow":"follow","max-snippet":"max-snippet:-1","max-image-preview":"max-image-preview:large","max-video-preview":"max-video-preview:-1"},"canonical":"https:\/\/www.ticketrio.com.br\/site\/ticket-rio-carnival\/cruzeiros-rio\/costa\/","og_locale":"pt_BR","og_type":"article","og_title":"COSTA CRUZEIRO - Ticket Rio - Billets Carnaval Rio, Karneval Rio de Janeiro Tickets, Tickets for Rio Carnival Sambadrome, Boletos Carnaval Rio, Entradas Carnaval Rio Samb\u00f3dromo","og_description":"rio carnival sambadrome tickets. Rio Carnaval Samb\u00f3dromo 2018. Rio Carnaval Entradas Samb\u00f3dromo. Rio Parade Tickets. Rio Carnaval billets. Rio karneval tickets. Rio carnavales biglietti.","og_url":"https:\/\/www.ticketrio.com.br\/site\/ticket-rio-carnival\/cruzeiros-rio\/costa\/","og_site_name":"Ticket Rio - Billets Carnaval Rio, Karneval Rio de Janeiro Tickets, Tickets for Rio Carnival Sambadrome, Boletos Carnaval Rio, Entradas Carnaval Rio Samb\u00f3dromo","article_modified_time":"2013-05-02T16:48:11+00:00","twitter_card":"summary_large_image","twitter_misc":{"Est. tempo de leitura":"2 minutos"},"schema":{"@context":"https:\/\/schema.org","@graph":[{"@type":"WebPage","@id":"https:\/\/www.ticketrio.com.br\/site\/ticket-rio-carnival\/cruzeiros-rio\/costa\/","url":"https:\/\/www.ticketrio.com.br\/site\/ticket-rio-carnival\/cruzeiros-rio\/costa\/","name":"COSTA CRUZEIRO - Ticket Rio - Billets Carnaval Rio, Karneval Rio de Janeiro Tickets, Tickets for Rio Carnival Sambadrome, Boletos Carnaval Rio, Entradas Carnaval Rio Samb\u00f3dromo","isPartOf":{"@id":"https:\/\/www.ticketrio.com.br\/site\/#website"},"datePublished":"2013-03-27T16:46:06+00:00","dateModified":"2013-05-02T16:48:11+00:00","description":"rio carnival sambadrome tickets. Rio Carnaval Samb\u00f3dromo 2018. Rio Carnaval Entradas Samb\u00f3dromo. Rio Parade Tickets. Rio Carnaval billets. Rio karneval tickets. Rio carnavales biglietti.","breadcrumb":{"@id":"https:\/\/www.ticketrio.com.br\/site\/ticket-rio-carnival\/cruzeiros-rio\/costa\/#breadcrumb"},"inLanguage":"pt-BR","potentialAction":[{"@type":"ReadAction","target":["https:\/\/www.ticketrio.com.br\/site\/ticket-rio-carnival\/cruzeiros-rio\/costa\/"]}]},{"@type":"BreadcrumbList","@id":"https:\/\/www.ticketrio.com.br\/site\/ticket-rio-carnival\/cruzeiros-rio\/costa\/#breadcrumb","itemListElement":[{"@type":"ListItem","position":1,"name":"In\u00edcio","item":"https:\/\/www.ticketrio.com.br\/site\/"},{"@type":"ListItem","position":2,"name":"Ticket Rio","item":"https:\/\/www.ticketrio.com.br\/site\/en\/ticket-rio-carnival\/"},{"@type":"ListItem","position":3,"name":"Cruzeiros &#8211; Temporada 2015\/2016","item":"https:\/\/www.ticketrio.com.br\/site\/ticket-rio-carnival\/cruzeiros-rio\/"},{"@type":"ListItem","position":4,"name":"COSTA CRUZEIRO"}]},{"@type":"WebSite","@id":"https:\/\/www.ticketrio.com.br\/site\/#website","url":"https:\/\/www.ticketrio.com.br\/site\/","name":"Ticket Rio - Billets Carnaval Rio, Karneval Rio de Janeiro Tickets, Tickets for Rio Carnival Sambadrome, Boletos Carnaval Rio, Entradas Carnaval Rio Samb\u00f3dromo","description":"Billets Carnaval Rio, Karneval Rio de Janeiro Tickets, Tickets for Rio Carnival Sambadrome, Boletos Carnaval Rio, Entradas Carnaval Rio Samb\u00f3dromo","potentialAction":[{"@type":"SearchAction","target":{"@type":"EntryPoint","urlTemplate":"https:\/\/www.ticketrio.com.br\/site\/?s={search_term_string}"},"query-input":{"@type":"PropertyValueSpecification","valueRequired":true,"valueName":"search_term_string"}}],"inLanguage":"pt-BR"}]}},"_links":{"self":[{"href":"https:\/\/www.ticketrio.com.br\/site\/wp-json\/wp\/v2\/pages\/365","targetHints":{"allow":["GET"]}}],"collection":[{"href":"https:\/\/www.ticketrio.com.br\/site\/wp-json\/wp\/v2\/pages"}],"about":[{"href":"https:\/\/www.ticketrio.com.br\/site\/wp-json\/wp\/v2\/types\/page"}],"author":[{"embeddable":true,"href":"https:\/\/www.ticketrio.com.br\/site\/wp-json\/wp\/v2\/users\/1"}],"replies":[{"embeddable":true,"href":"https:\/\/www.ticketrio.com.br\/site\/wp-json\/wp\/v2\/comments?post=365"}],"version-history":[{"count":9,"href":"https:\/\/www.ticketrio.com.br\/site\/wp-json\/wp\/v2\/pages\/365\/revisions"}],"predecessor-version":[{"id":496,"href":"https:\/\/www.ticketrio.com.br\/site\/wp-json\/wp\/v2\/pages\/365\/revisions\/496"}],"up":[{"embeddable":true,"href":"https:\/\/www.ticketrio.com.br\/site\/wp-json\/wp\/v2\/pages\/345"}],"wp:attachment":[{"href":"https:\/\/www.ticketrio.com.br\/site\/wp-json\/wp\/v2\/media?parent=365"}],"curies":[{"name":"wp","href":"https:\/\/api.w.org\/{rel}","templated":true}]}}