{"id":2477,"date":"2017-03-20T22:55:56","date_gmt":"2017-03-20T22:55:56","guid":{"rendered":"https:\/\/www.ticketrio.com.br\/site\/?page_id=2477"},"modified":"2026-03-03T17:17:56","modified_gmt":"2026-03-03T17:17:56","slug":"ingressos-carnaval-rio","status":"publish","type":"page","link":"https:\/\/www.ticketrio.com.br\/site\/ingressos-carnaval-rio\/","title":{"rendered":"Ingressos Carnaval Rio"},"content":{"rendered":"\n<h3 class=\"wp-block-heading\">Ingressos Samb\u00f3dromo Rio<\/h3>\n\n\n\n<h1 class=\"wp-block-heading\">Ticket Rio Carnaval 2027<\/h1>\n\n\n\n<h2 class=\"wp-block-heading\">Acesse a nossa loja virtual (em portugu\u00eas) em\u00a0<a href=\"https:\/\/loja.ticketrio.com.br\/\">https:\/\/www.ticketrioingressos.com.br<\/a>\u00a0e compre o seu Ingresso de Carnaval Samb\u00f3dromo Rio com todo Conforto e Seguran\u00e7a. Buy your Rio Carnival ticket for sambadrome at <a href=\"https:\/\/www.store.ticketrio.com.br\">https:\/\/www.store.ticketrio.com.br<\/a><\/h2>\n\n\n\n<p><strong><br>A Ticket Rio faz parte do Carnaval do Rio h\u00e1 mais de 10 anos. Nossa ag\u00eancia de viagens \u00e9 especializada na venda de ingressos para o Carnaval do Rio Samb\u00f3dromo e est\u00e1 localizada em uma loja f\u00edsica em um dos mais populares centros comerciais da Barra da Tijuca. Oferecemos todos os tipos de ingressos para a Sapuca\u00ed. Nosso pacote inclui brindes, transfer (em alguns pacotes), e qualquer assistente que voc\u00ea possa precisar. Desfrute do maior espet\u00e1culo na Terra nos assentos da Arquibancada, Frisas, Camarotes e Super Camarotes VIP lounge.<\/strong><\/p>\n\n\n<div class=\"wp-block-image\">\n<figure class=\"alignleft\"><img decoding=\"async\" src=\"https:\/\/riocarnaval-ticketrio.com\/wp-content\/uploads\/2016\/10\/Frisas-view-with-color-indification-cropped-min-500x500-300x300.jpg\" alt=\"frisas-view-with-color-indification-cropped-min-500x500\" class=\"wp-image-82\"\/><\/figure><\/div>\n\n<div class=\"wp-block-image\">\n<figure class=\"alignleft\"><img decoding=\"async\" src=\"https:\/\/riocarnaval-ticketrio.com\/wp-content\/uploads\/2016\/10\/View-of-Arquibancadas-with-color-indicators-cropped-min-500x500-300x300.jpg\" alt=\"view-of-arquibancadas-with-color-indicators-cropped-min-500x500\" class=\"wp-image-83\"\/><\/figure><\/div>\n\n\n<p>Com trinta mil participantes fazendo o samba ao longo da pista de meia milha, e um espa\u00e7o grande o suficiente para acomodar mais de 90.000 espectadores, o&nbsp;<a href=\"https:\/\/store.ticketrio.com.br\">Samb\u00f3dromo<\/a>&nbsp;\u00e9, sem d\u00favida, o maior espet\u00e1culo na terra. O est\u00e1dio foi projetado especialmente para a parada do Samba no carnaval de Rio com um n\u00famero de setores independentes com assentos de frisas e as arquibancadas em ambos os lados da pista do desfile. Por raz\u00f5es variadas, o est\u00e1dio \u00e9 o favorito de todos os designers de carnaval, que mant\u00eam o Samb\u00f3dromo em mente ao criar seu tema para o Carnaval. A atmosfera no Samb\u00f3dromo em noites de Carnaval \u00e9 verdadeiramente eletrizante. O est\u00e1dio \u00e9 bem iluminado com efeitos especiais, enquanto os aplausos retumbantes dos espectadores e os ritmos pulsantes dos batimentos de samba pode ser ouvido por quil\u00f4metros ao redor.<\/p>\n\n\n\n<p><strong>Rio Carnaval Ingressos&nbsp;<\/strong><\/p>\n\n\n\n<p>O Samb\u00f3dromo do Rio \u00e9 dividido em 5 classe de servi\u00e7os prestados. Os ingressos podem ser comprados de acordo com o or\u00e7amento que voc\u00ea possui. Todos os tipos de ingressos de carnaval s\u00e3o bons, mas a escolha realmente depende do que voc\u00ea est\u00e1 procurando. Abaixo voc\u00ea encontrar\u00e1 algumas informa\u00e7\u00f5es sobre os assentos de Arquibancadas, Frisas, Cadeira de Pista, &nbsp;Camarotes e Super Camarotes.<\/p>\n\n\n<div class=\"wp-block-image\">\n<figure class=\"alignleft\"><img decoding=\"async\" src=\"https:\/\/riocarnaval-ticketrio.com\/wp-content\/uploads\/2016\/10\/13-300x200.jpg\" alt=\"13\" class=\"wp-image-117\"\/><\/figure><\/div>\n\n<div class=\"wp-block-image\">\n<figure class=\"alignleft\"><img decoding=\"async\" src=\"https:\/\/riocarnaval-ticketrio.com\/wp-content\/uploads\/2016\/10\/8-300x200.jpg\" alt=\"8\" class=\"wp-image-111\"\/><\/figure><\/div>\n\n\n<h3 class=\"wp-block-heading\">Tipos de Ingressos<\/h3>\n\n\n\n<p>A primeira coisa que voc\u00ea deve considerar \u00e9 a<br>Tipos de bilhetes que pretende adquirir. Existem cinco op\u00e7\u00f5es:<\/p>\n\n\n\n<p><strong><br>ARQUIBANCADAS&nbsp;<\/strong><br>Outros nomes:&nbsp;<a href=\"https:\/\/store.ticketrio.com.br\">Arquibancadas<\/a>, Grandstand seats, bancadas.<br>O maior vendedor. Grande vis\u00e3o geral de onde a maioria dos brasileiros preferem assistir ao desfile. Muito acess\u00edvel e excitante lugar para ser. N\u00e3o possui assentos numerados (exceto setor 09), o que significa que voc\u00ea ter\u00e1 que manter o seu lugar durante toda a noite. Al\u00e9m disso, \u00e9 uma boa id\u00e9ia chegar um pouco cedo, a fim de obter um bom lugar.<\/p>\n\n\n\n<p><strong><br>FRISAS&nbsp;<\/strong><br>Outros nomes:&nbsp;<a href=\"https:\/\/store.ticketrio.com.br\">Caixas frontais<\/a>, Frisas. Frisas s\u00e3o considerados os melhores lugares para aqueles que apenas se preocupam em assistir ao desfile. Eles n\u00e3o t\u00eam qualquer servi\u00e7o inclu\u00eddo, mas eles est\u00e3o muito perto do desfile com assentos numerados. S\u00e3o 4 filas dispon\u00edveis, e o pre\u00e7o depende de cada fila que voc\u00ea escolher. A fila A est\u00e1 colada na avenida e a fila mais cara. As filas B, C e D t\u00eam uma degrau mais alto do que a outra, para que nenhuma fila fique na frente da outra (bloqueando a vista), proporcionando uma boa vis\u00e3o de qualquer fila.<\/p>\n\n\n<div class=\"wp-block-image\">\n<figure class=\"alignleft\"><img decoding=\"async\" src=\"https:\/\/riocarnaval-ticketrio.com\/wp-content\/uploads\/2016\/10\/Allocated-Chairs_carnival_rio.jpg\" alt=\"allocated-chairs_carnival_rio\" class=\"wp-image-224\"\/><\/figure><\/div>\n\n\n<p><strong>&nbsp;CADEIRA DE PISTA&nbsp;<\/strong><\/p>\n\n\n\n<p>Other names:&nbsp;<a href=\"https:\/\/store.ticketrio.com.br\">Numbered Chairs<\/a>, Cadeiras Numeradas,<br>As cadeiras de pista est\u00e3o localizadas apenas no setor 12 ou 13 (parte final do samb\u00f3dromo). Eles s\u00e3o mais acess\u00edveis do que as frisas e tamb\u00e9m s\u00e3o assentos numerados. &nbsp;Por\u00e9m na frente das cadeiras de pista voc\u00ea encontrar\u00e1 2 fileiras de frisas do setor 12\/13.<\/p>\n\n\n<div class=\"wp-block-image\">\n<figure class=\"alignright\"><img decoding=\"async\" src=\"https:\/\/riocarnaval-ticketrio.com\/wp-content\/uploads\/2016\/10\/vip-box-carnival-300x300.jpg\" alt=\"vip-box-carnival\" class=\"wp-image-288\"\/><\/figure><\/div>\n\n\n<p><strong><br>CAMAROTES<\/strong><\/p>\n\n\n\n<p>Other names:&nbsp;<a href=\"https:\/\/store.ticketrio.com.br\/product-category\/vip-camarotes-lounges-rio-carnival-tickets\/king-camarote-all-inclusive\/\">Luxor Covered Suites<\/a>, Camarotes, Private Suites.<br>Os camarotes tradicionais localizam-se no primeiro ou segundo andar do samb\u00f3dromo. O primeiro andar \u00e9 at\u00e9 15 pessoas e 2 \u00ba andar (tem uma varanda) s\u00e3o at\u00e9 18 pessoas. S\u00e3o \u00e1reas pequenas, mas com servi\u00e7o VIP &nbsp;com todos os servi\u00e7os inclusos. Voc\u00ea pode comprar um \u00fanico bilhete e compartilhar o camarote com outros clientes ou comprar o camarote inteiro para o seu grupo de amigo ou empresa. Eles s\u00e3o mais indicados para pessoas que querem servi\u00e7os VIP com privacidade<\/p>\n\n\n<div class=\"wp-block-image\">\n<figure class=\"alignleft\"><img decoding=\"async\" src=\"https:\/\/riocarnaval-ticketrio.com\/wp-content\/uploads\/2016\/10\/global-300x225.jpg\" alt=\"global\" class=\"wp-image-121\"\/><\/figure><\/div>\n\n<div class=\"wp-block-image\">\n<figure class=\"alignright\"><img decoding=\"async\" src=\"https:\/\/riocarnaval-ticketrio.com\/wp-content\/uploads\/2016\/10\/12651161_968996179804124_6043240267659987745_n-300x169.jpg\" alt=\"12651161_968996179804124_6043240267659987745_n\" class=\"wp-image-110\"\/><\/figure><\/div>\n\n\n<p><strong>SUPER CAMAROTES LOUNGE&nbsp;<\/strong><br>Other names:&nbsp;<a href=\"https:\/\/store.ticketrio.com.br\/product-category\/vip-camarotes-lounges-rio-carnival-tickets\/king-camarote-all-inclusive\/\">Super VIP Lounges Suites<\/a>, Super Camarotes, Super VIP Lounges.<br>O Super Camarotes s\u00e3o \u00e1reas enormes para mais de 700 pessoas geralmente tem 2 andares e oferece All-Inclusive Servi\u00e7os (VIP Buffet, Transfer in \/ Out, Open Bar) e muitas atra\u00e7\u00f5es como Spa, Make up Beauty Center, shows ao vivo nos intervalos , DJs e outros. Todos os Super Camarotes tem uma \u00e1rea no primeiro andar chamada \u201cLounges\u201d, onde voc\u00ea pode ver o desfile de samba muito perto da avenida. Super Camarotes VIP Lounges s\u00e3o muito divertidos e grande experi\u00eancia. A Ticket Rio oferecer o seguinte Super Camarotes:&nbsp;<a href=\"https:\/\/store.ticketrio.com.br\/product-category\/vip-camarotes-lounges-rio-carnival-tickets\/folia-tropical\/\">Folia Tropical,<\/a>&nbsp;K<a href=\"https:\/\/store.ticketrio.com.br\/product-category\/vip-camarotes-lounges-rio-carnival-tickets\/king-camarote-all-inclusive\/\">https:\/\/store.ticketrio.com.br\/product-category\/vip-camarotes-lounges-rio-carnival-tickets\/king-camarote-all-inclusive\/<\/a>ing e&nbsp;<a href=\"https:\/\/store.ticketrio.com.br\">Lounge Carioca<\/a>.<\/p>\n\n\n\n<p><\/p>\n","protected":false},"excerpt":{"rendered":"<p>Ingressos Samb\u00f3dromo Rio Ticket Rio Carnaval 2027 Acesse a nossa loja virtual (em portugu\u00eas) em\u00a0https:\/\/www.ticketrioingressos.com.br\u00a0e compre o seu Ingresso de Carnaval Samb\u00f3dromo Rio com todo Conforto e Seguran\u00e7a. Buy your Rio Carnival ticket for sambadrome at https:\/\/www.store.ticketrio.com.br A Ticket Rio faz parte do Carnaval do Rio h\u00e1 mais de 10 anos. Nossa ag\u00eancia de viagens [&hellip;]<\/p>\n","protected":false},"author":1,"featured_media":0,"parent":0,"menu_order":2,"comment_status":"closed","ping_status":"closed","template":"page-full.php","meta":{"ngg_post_thumbnail":0,"footnotes":""},"class_list":["post-2477","page","type-page","status-publish","hentry"],"yoast_head":"<!-- This site is optimized with the Yoast SEO plugin v25.9 - https:\/\/yoast.com\/wordpress\/plugins\/seo\/ -->\n<title>Ingressos Carnaval Rio - Ticket Rio - Billets Carnaval Rio, Karneval Rio de Janeiro Tickets, Tickets for Rio Carnival Sambadrome, Boletos Carnaval Rio, Entradas Carnaval Rio Samb\u00f3dromo<\/title>\n<meta name=\"description\" content=\"rio carnival sambadrome tickets. Rio Carnaval Samb\u00f3dromo 2018. Rio Carnaval Entradas Samb\u00f3dromo. Rio Parade Tickets. Rio Carnaval billets. Rio karneval tickets. Rio carnavales biglietti.\" \/>\n<meta name=\"robots\" content=\"index, follow, max-snippet:-1, max-image-preview:large, max-video-preview:-1\" \/>\n<link rel=\"canonical\" href=\"https:\/\/www.ticketrio.com.br\/site\/ingressos-carnaval-rio\/\" \/>\n<meta property=\"og:locale\" content=\"pt_BR\" \/>\n<meta property=\"og:type\" content=\"article\" \/>\n<meta property=\"og:title\" content=\"Ingressos Carnaval Rio - Ticket Rio - Billets Carnaval Rio, Karneval Rio de Janeiro Tickets, Tickets for Rio Carnival Sambadrome, Boletos Carnaval Rio, Entradas Carnaval Rio Samb\u00f3dromo\" \/>\n<meta property=\"og:description\" content=\"rio carnival sambadrome tickets. Rio Carnaval Samb\u00f3dromo 2018. Rio Carnaval Entradas Samb\u00f3dromo. Rio Parade Tickets. Rio Carnaval billets. Rio karneval tickets. Rio carnavales biglietti.\" \/>\n<meta property=\"og:url\" content=\"https:\/\/www.ticketrio.com.br\/site\/ingressos-carnaval-rio\/\" \/>\n<meta property=\"og:site_name\" content=\"Ticket Rio - Billets Carnaval Rio, Karneval Rio de Janeiro Tickets, Tickets for Rio Carnival Sambadrome, Boletos Carnaval Rio, Entradas Carnaval Rio Samb\u00f3dromo\" \/>\n<meta property=\"article:modified_time\" content=\"2026-03-03T17:17:56+00:00\" \/>\n<meta property=\"og:image\" content=\"https:\/\/www.ticketrio.com.br\/site\/wp-content\/uploads\/2013\/03\/CAMAROTES.jpg\" \/>\n\t<meta property=\"og:image:width\" content=\"221\" \/>\n\t<meta property=\"og:image:height\" content=\"359\" \/>\n\t<meta property=\"og:image:type\" content=\"image\/jpeg\" \/>\n<meta name=\"twitter:card\" content=\"summary_large_image\" \/>\n<meta name=\"twitter:label1\" content=\"Est. tempo de leitura\" \/>\n\t<meta name=\"twitter:data1\" content=\"6 minutos\" \/>\n<script type=\"application\/ld+json\" class=\"yoast-schema-graph\">{\"@context\":\"https:\/\/schema.org\",\"@graph\":[{\"@type\":\"WebPage\",\"@id\":\"https:\/\/www.ticketrio.com.br\/site\/ingressos-carnaval-rio\/\",\"url\":\"https:\/\/www.ticketrio.com.br\/site\/ingressos-carnaval-rio\/\",\"name\":\"Ingressos Carnaval Rio - Ticket Rio - Billets Carnaval Rio, Karneval Rio de Janeiro Tickets, Tickets for Rio Carnival Sambadrome, Boletos Carnaval Rio, Entradas Carnaval Rio Samb\u00f3dromo\",\"isPartOf\":{\"@id\":\"https:\/\/www.ticketrio.com.br\/site\/#website\"},\"primaryImageOfPage\":{\"@id\":\"https:\/\/www.ticketrio.com.br\/site\/ingressos-carnaval-rio\/#primaryimage\"},\"image\":{\"@id\":\"https:\/\/www.ticketrio.com.br\/site\/ingressos-carnaval-rio\/#primaryimage\"},\"thumbnailUrl\":\"https:\/\/riocarnaval-ticketrio.com\/wp-content\/uploads\/2016\/10\/Frisas-view-with-color-indification-cropped-min-500x500-300x300.jpg\",\"datePublished\":\"2017-03-20T22:55:56+00:00\",\"dateModified\":\"2026-03-03T17:17:56+00:00\",\"description\":\"rio carnival sambadrome tickets. Rio Carnaval Samb\u00f3dromo 2018. Rio Carnaval Entradas Samb\u00f3dromo. Rio Parade Tickets. Rio Carnaval billets. Rio karneval tickets. Rio carnavales biglietti.\",\"breadcrumb\":{\"@id\":\"https:\/\/www.ticketrio.com.br\/site\/ingressos-carnaval-rio\/#breadcrumb\"},\"inLanguage\":\"pt-BR\",\"potentialAction\":[{\"@type\":\"ReadAction\",\"target\":[\"https:\/\/www.ticketrio.com.br\/site\/ingressos-carnaval-rio\/\"]}]},{\"@type\":\"ImageObject\",\"inLanguage\":\"pt-BR\",\"@id\":\"https:\/\/www.ticketrio.com.br\/site\/ingressos-carnaval-rio\/#primaryimage\",\"url\":\"https:\/\/riocarnaval-ticketrio.com\/wp-content\/uploads\/2016\/10\/Frisas-view-with-color-indification-cropped-min-500x500-300x300.jpg\",\"contentUrl\":\"https:\/\/riocarnaval-ticketrio.com\/wp-content\/uploads\/2016\/10\/Frisas-view-with-color-indification-cropped-min-500x500-300x300.jpg\"},{\"@type\":\"BreadcrumbList\",\"@id\":\"https:\/\/www.ticketrio.com.br\/site\/ingressos-carnaval-rio\/#breadcrumb\",\"itemListElement\":[{\"@type\":\"ListItem\",\"position\":1,\"name\":\"In\u00edcio\",\"item\":\"https:\/\/www.ticketrio.com.br\/site\/\"},{\"@type\":\"ListItem\",\"position\":2,\"name\":\"Ingressos Carnaval Rio\"}]},{\"@type\":\"WebSite\",\"@id\":\"https:\/\/www.ticketrio.com.br\/site\/#website\",\"url\":\"https:\/\/www.ticketrio.com.br\/site\/\",\"name\":\"Ticket Rio - Billets Carnaval Rio, Karneval Rio de Janeiro Tickets, Tickets for Rio Carnival Sambadrome, Boletos Carnaval Rio, Entradas Carnaval Rio Samb\u00f3dromo\",\"description\":\"Billets Carnaval Rio, Karneval Rio de Janeiro Tickets, Tickets for Rio Carnival Sambadrome, Boletos Carnaval Rio, Entradas Carnaval Rio Samb\u00f3dromo\",\"potentialAction\":[{\"@type\":\"SearchAction\",\"target\":{\"@type\":\"EntryPoint\",\"urlTemplate\":\"https:\/\/www.ticketrio.com.br\/site\/?s={search_term_string}\"},\"query-input\":{\"@type\":\"PropertyValueSpecification\",\"valueRequired\":true,\"valueName\":\"search_term_string\"}}],\"inLanguage\":\"pt-BR\"}]}<\/script>\n<!-- \/ Yoast SEO plugin. -->","yoast_head_json":{"title":"Ingressos Carnaval Rio - Ticket Rio - Billets Carnaval Rio, Karneval Rio de Janeiro Tickets, Tickets for Rio Carnival Sambadrome, Boletos Carnaval Rio, Entradas Carnaval Rio Samb\u00f3dromo","description":"rio carnival sambadrome tickets. Rio Carnaval Samb\u00f3dromo 2018. Rio Carnaval Entradas Samb\u00f3dromo. Rio Parade Tickets. Rio Carnaval billets. Rio karneval tickets. Rio carnavales biglietti.","robots":{"index":"index","follow":"follow","max-snippet":"max-snippet:-1","max-image-preview":"max-image-preview:large","max-video-preview":"max-video-preview:-1"},"canonical":"https:\/\/www.ticketrio.com.br\/site\/ingressos-carnaval-rio\/","og_locale":"pt_BR","og_type":"article","og_title":"Ingressos Carnaval Rio - Ticket Rio - Billets Carnaval Rio, Karneval Rio de Janeiro Tickets, Tickets for Rio Carnival Sambadrome, Boletos Carnaval Rio, Entradas Carnaval Rio Samb\u00f3dromo","og_description":"rio carnival sambadrome tickets. Rio Carnaval Samb\u00f3dromo 2018. Rio Carnaval Entradas Samb\u00f3dromo. Rio Parade Tickets. Rio Carnaval billets. Rio karneval tickets. Rio carnavales biglietti.","og_url":"https:\/\/www.ticketrio.com.br\/site\/ingressos-carnaval-rio\/","og_site_name":"Ticket Rio - Billets Carnaval Rio, Karneval Rio de Janeiro Tickets, Tickets for Rio Carnival Sambadrome, Boletos Carnaval Rio, Entradas Carnaval Rio Samb\u00f3dromo","article_modified_time":"2026-03-03T17:17:56+00:00","og_image":[{"width":221,"height":359,"url":"https:\/\/www.ticketrio.com.br\/site\/wp-content\/uploads\/2013\/03\/CAMAROTES.jpg","type":"image\/jpeg"}],"twitter_card":"summary_large_image","twitter_misc":{"Est. tempo de leitura":"6 minutos"},"schema":{"@context":"https:\/\/schema.org","@graph":[{"@type":"WebPage","@id":"https:\/\/www.ticketrio.com.br\/site\/ingressos-carnaval-rio\/","url":"https:\/\/www.ticketrio.com.br\/site\/ingressos-carnaval-rio\/","name":"Ingressos Carnaval Rio - Ticket Rio - Billets Carnaval Rio, Karneval Rio de Janeiro Tickets, Tickets for Rio Carnival Sambadrome, Boletos Carnaval Rio, Entradas Carnaval Rio Samb\u00f3dromo","isPartOf":{"@id":"https:\/\/www.ticketrio.com.br\/site\/#website"},"primaryImageOfPage":{"@id":"https:\/\/www.ticketrio.com.br\/site\/ingressos-carnaval-rio\/#primaryimage"},"image":{"@id":"https:\/\/www.ticketrio.com.br\/site\/ingressos-carnaval-rio\/#primaryimage"},"thumbnailUrl":"https:\/\/riocarnaval-ticketrio.com\/wp-content\/uploads\/2016\/10\/Frisas-view-with-color-indification-cropped-min-500x500-300x300.jpg","datePublished":"2017-03-20T22:55:56+00:00","dateModified":"2026-03-03T17:17:56+00:00","description":"rio carnival sambadrome tickets. Rio Carnaval Samb\u00f3dromo 2018. Rio Carnaval Entradas Samb\u00f3dromo. Rio Parade Tickets. Rio Carnaval billets. Rio karneval tickets. Rio carnavales biglietti.","breadcrumb":{"@id":"https:\/\/www.ticketrio.com.br\/site\/ingressos-carnaval-rio\/#breadcrumb"},"inLanguage":"pt-BR","potentialAction":[{"@type":"ReadAction","target":["https:\/\/www.ticketrio.com.br\/site\/ingressos-carnaval-rio\/"]}]},{"@type":"ImageObject","inLanguage":"pt-BR","@id":"https:\/\/www.ticketrio.com.br\/site\/ingressos-carnaval-rio\/#primaryimage","url":"https:\/\/riocarnaval-ticketrio.com\/wp-content\/uploads\/2016\/10\/Frisas-view-with-color-indification-cropped-min-500x500-300x300.jpg","contentUrl":"https:\/\/riocarnaval-ticketrio.com\/wp-content\/uploads\/2016\/10\/Frisas-view-with-color-indification-cropped-min-500x500-300x300.jpg"},{"@type":"BreadcrumbList","@id":"https:\/\/www.ticketrio.com.br\/site\/ingressos-carnaval-rio\/#breadcrumb","itemListElement":[{"@type":"ListItem","position":1,"name":"In\u00edcio","item":"https:\/\/www.ticketrio.com.br\/site\/"},{"@type":"ListItem","position":2,"name":"Ingressos Carnaval Rio"}]},{"@type":"WebSite","@id":"https:\/\/www.ticketrio.com.br\/site\/#website","url":"https:\/\/www.ticketrio.com.br\/site\/","name":"Ticket Rio - Billets Carnaval Rio, Karneval Rio de Janeiro Tickets, Tickets for Rio Carnival Sambadrome, Boletos Carnaval Rio, Entradas Carnaval Rio Samb\u00f3dromo","description":"Billets Carnaval Rio, Karneval Rio de Janeiro Tickets, Tickets for Rio Carnival Sambadrome, Boletos Carnaval Rio, Entradas Carnaval Rio Samb\u00f3dromo","potentialAction":[{"@type":"SearchAction","target":{"@type":"EntryPoint","urlTemplate":"https:\/\/www.ticketrio.com.br\/site\/?s={search_term_string}"},"query-input":{"@type":"PropertyValueSpecification","valueRequired":true,"valueName":"search_term_string"}}],"inLanguage":"pt-BR"}]}},"_links":{"self":[{"href":"https:\/\/www.ticketrio.com.br\/site\/wp-json\/wp\/v2\/pages\/2477","targetHints":{"allow":["GET"]}}],"collection":[{"href":"https:\/\/www.ticketrio.com.br\/site\/wp-json\/wp\/v2\/pages"}],"about":[{"href":"https:\/\/www.ticketrio.com.br\/site\/wp-json\/wp\/v2\/types\/page"}],"author":[{"embeddable":true,"href":"https:\/\/www.ticketrio.com.br\/site\/wp-json\/wp\/v2\/users\/1"}],"replies":[{"embeddable":true,"href":"https:\/\/www.ticketrio.com.br\/site\/wp-json\/wp\/v2\/comments?post=2477"}],"version-history":[{"count":9,"href":"https:\/\/www.ticketrio.com.br\/site\/wp-json\/wp\/v2\/pages\/2477\/revisions"}],"predecessor-version":[{"id":2671,"href":"https:\/\/www.ticketrio.com.br\/site\/wp-json\/wp\/v2\/pages\/2477\/revisions\/2671"}],"wp:attachment":[{"href":"https:\/\/www.ticketrio.com.br\/site\/wp-json\/wp\/v2\/media?parent=2477"}],"curies":[{"name":"wp","href":"https:\/\/api.w.org\/{rel}","templated":true}]}}