{"id":19,"date":"2013-03-05T16:11:56","date_gmt":"2013-03-05T16:11:56","guid":{"rendered":"https:\/\/www.ticketrio.com.br\/site\/?page_id=19"},"modified":"2026-03-05T17:22:15","modified_gmt":"2026-03-05T17:22:15","slug":"fale-conosco-ticket-rio-carnaval","status":"publish","type":"page","link":"https:\/\/www.ticketrio.com.br\/site\/fale-conosco-ticket-rio-carnaval\/","title":{"rendered":"Contato"},"content":{"rendered":"<h1><span style=\"color: #003366;\">TELEFONES<\/span><\/h1>\n<h2><span style=\"color: #003366;\">Fixos:<\/span> 55 21 3982-1515 \/ 2025-5000<\/h2>\n<h2><span style=\"color: #003366;\">Celular:<\/span> 55 21 98636-1515<\/p>\n<p>E-mail: atendimento@ticketrio.com.br<\/h2>\n<p>LOJA F\u00cdSICA: Av das Americas 700, Loja 112L Citta America Mall<br \/>\nBarra da Tijuca &#8211; Rio de Janeiro &#8211; Brasil&nbsp;<br \/>\n<img decoding=\"async\" src=\"https:\/\/store.ticketrio.com.br\/wp-content\/uploads\/2024\/06\/ondeestamosmenor1-1-2.jpg\"><\/p>\n<div class=\"wp-block-uagb-image uagb-block-958af359 wp-block-uagb-image--layout-default wp-block-uagb-image--effect-static wp-block-uagb-image--align-none\">&nbsp;<\/div>\n","protected":false},"excerpt":{"rendered":"<p>TELEFONES Fixos: 55 21 3982-1515 \/ 2025-5000 Celular: 55 21 98636-1515 E-mail: atendimento@ticketrio.com.br LOJA F\u00cdSICA: Av das Americas 700, Loja 112L Citta America Mall Barra da Tijuca &#8211; Rio de Janeiro &#8211; Brasil&nbsp; &nbsp;<\/p>\n","protected":false},"author":1,"featured_media":0,"parent":0,"menu_order":5,"comment_status":"closed","ping_status":"closed","template":"page-full.php","meta":{"ngg_post_thumbnail":0,"footnotes":""},"class_list":["post-19","page","type-page","status-publish","hentry"],"yoast_head":"<!-- This site is optimized with the Yoast SEO plugin v25.9 - https:\/\/yoast.com\/wordpress\/plugins\/seo\/ -->\n<title>Contato - Ticket Rio - Billets Carnaval Rio, Karneval Rio de Janeiro Tickets, Tickets for Rio Carnival Sambadrome, Boletos Carnaval Rio, Entradas Carnaval Rio Samb\u00f3dromo<\/title>\n<meta name=\"description\" content=\"rio carnival sambadrome tickets. Rio Carnaval Samb\u00f3dromo 2018. Rio Carnaval Entradas Samb\u00f3dromo. Rio Parade Tickets. Rio Carnaval billets. Rio karneval tickets. Rio carnavales biglietti.\" \/>\n<meta name=\"robots\" content=\"index, follow, max-snippet:-1, max-image-preview:large, max-video-preview:-1\" \/>\n<link rel=\"canonical\" href=\"https:\/\/www.ticketrio.com.br\/site\/fale-conosco-ticket-rio-carnaval\/\" \/>\n<meta property=\"og:locale\" content=\"pt_BR\" \/>\n<meta property=\"og:type\" content=\"article\" \/>\n<meta property=\"og:title\" content=\"Contato - Ticket Rio - Billets Carnaval Rio, Karneval Rio de Janeiro Tickets, Tickets for Rio Carnival Sambadrome, Boletos Carnaval Rio, Entradas Carnaval Rio Samb\u00f3dromo\" \/>\n<meta property=\"og:description\" content=\"rio carnival sambadrome tickets. Rio Carnaval Samb\u00f3dromo 2018. Rio Carnaval Entradas Samb\u00f3dromo. Rio Parade Tickets. Rio Carnaval billets. Rio karneval tickets. Rio carnavales biglietti.\" \/>\n<meta property=\"og:url\" content=\"https:\/\/www.ticketrio.com.br\/site\/fale-conosco-ticket-rio-carnaval\/\" \/>\n<meta property=\"og:site_name\" content=\"Ticket Rio - Billets Carnaval Rio, Karneval Rio de Janeiro Tickets, Tickets for Rio Carnival Sambadrome, Boletos Carnaval Rio, Entradas Carnaval Rio Samb\u00f3dromo\" \/>\n<meta property=\"article:modified_time\" content=\"2026-03-05T17:22:15+00:00\" \/>\n<meta property=\"og:image\" content=\"https:\/\/store.ticketrio.com.br\/wp-content\/uploads\/2024\/06\/ondeestamosmenor1-1-2.jpg\" \/>\n<meta name=\"twitter:card\" content=\"summary_large_image\" \/>\n<meta name=\"twitter:label1\" content=\"Est. tempo de leitura\" \/>\n\t<meta name=\"twitter:data1\" content=\"1 minuto\" \/>\n<script type=\"application\/ld+json\" class=\"yoast-schema-graph\">{\"@context\":\"https:\/\/schema.org\",\"@graph\":[{\"@type\":\"WebPage\",\"@id\":\"https:\/\/www.ticketrio.com.br\/site\/fale-conosco-ticket-rio-carnaval\/\",\"url\":\"https:\/\/www.ticketrio.com.br\/site\/fale-conosco-ticket-rio-carnaval\/\",\"name\":\"Contato - Ticket Rio - Billets Carnaval Rio, Karneval Rio de Janeiro Tickets, Tickets for Rio Carnival Sambadrome, Boletos Carnaval Rio, Entradas Carnaval Rio Samb\u00f3dromo\",\"isPartOf\":{\"@id\":\"https:\/\/www.ticketrio.com.br\/site\/#website\"},\"primaryImageOfPage\":{\"@id\":\"https:\/\/www.ticketrio.com.br\/site\/fale-conosco-ticket-rio-carnaval\/#primaryimage\"},\"image\":{\"@id\":\"https:\/\/www.ticketrio.com.br\/site\/fale-conosco-ticket-rio-carnaval\/#primaryimage\"},\"thumbnailUrl\":\"https:\/\/store.ticketrio.com.br\/wp-content\/uploads\/2024\/06\/ondeestamosmenor1-1-2.jpg\",\"datePublished\":\"2013-03-05T16:11:56+00:00\",\"dateModified\":\"2026-03-05T17:22:15+00:00\",\"description\":\"rio carnival sambadrome tickets. Rio Carnaval Samb\u00f3dromo 2018. Rio Carnaval Entradas Samb\u00f3dromo. Rio Parade Tickets. Rio Carnaval billets. Rio karneval tickets. Rio carnavales biglietti.\",\"breadcrumb\":{\"@id\":\"https:\/\/www.ticketrio.com.br\/site\/fale-conosco-ticket-rio-carnaval\/#breadcrumb\"},\"inLanguage\":\"pt-BR\",\"potentialAction\":[{\"@type\":\"ReadAction\",\"target\":[\"https:\/\/www.ticketrio.com.br\/site\/fale-conosco-ticket-rio-carnaval\/\"]}]},{\"@type\":\"ImageObject\",\"inLanguage\":\"pt-BR\",\"@id\":\"https:\/\/www.ticketrio.com.br\/site\/fale-conosco-ticket-rio-carnaval\/#primaryimage\",\"url\":\"https:\/\/store.ticketrio.com.br\/wp-content\/uploads\/2024\/06\/ondeestamosmenor1-1-2.jpg\",\"contentUrl\":\"https:\/\/store.ticketrio.com.br\/wp-content\/uploads\/2024\/06\/ondeestamosmenor1-1-2.jpg\"},{\"@type\":\"BreadcrumbList\",\"@id\":\"https:\/\/www.ticketrio.com.br\/site\/fale-conosco-ticket-rio-carnaval\/#breadcrumb\",\"itemListElement\":[{\"@type\":\"ListItem\",\"position\":1,\"name\":\"In\u00edcio\",\"item\":\"https:\/\/www.ticketrio.com.br\/site\/\"},{\"@type\":\"ListItem\",\"position\":2,\"name\":\"Contato\"}]},{\"@type\":\"WebSite\",\"@id\":\"https:\/\/www.ticketrio.com.br\/site\/#website\",\"url\":\"https:\/\/www.ticketrio.com.br\/site\/\",\"name\":\"Ticket Rio - Billets Carnaval Rio, Karneval Rio de Janeiro Tickets, Tickets for Rio Carnival Sambadrome, Boletos Carnaval Rio, Entradas Carnaval Rio Samb\u00f3dromo\",\"description\":\"Billets Carnaval Rio, Karneval Rio de Janeiro Tickets, Tickets for Rio Carnival Sambadrome, Boletos Carnaval Rio, Entradas Carnaval Rio Samb\u00f3dromo\",\"potentialAction\":[{\"@type\":\"SearchAction\",\"target\":{\"@type\":\"EntryPoint\",\"urlTemplate\":\"https:\/\/www.ticketrio.com.br\/site\/?s={search_term_string}\"},\"query-input\":{\"@type\":\"PropertyValueSpecification\",\"valueRequired\":true,\"valueName\":\"search_term_string\"}}],\"inLanguage\":\"pt-BR\"}]}<\/script>\n<!-- \/ Yoast SEO plugin. -->","yoast_head_json":{"title":"Contato - Ticket Rio - Billets Carnaval Rio, Karneval Rio de Janeiro Tickets, Tickets for Rio Carnival Sambadrome, Boletos Carnaval Rio, Entradas Carnaval Rio Samb\u00f3dromo","description":"rio carnival sambadrome tickets. Rio Carnaval Samb\u00f3dromo 2018. Rio Carnaval Entradas Samb\u00f3dromo. Rio Parade Tickets. Rio Carnaval billets. Rio karneval tickets. Rio carnavales biglietti.","robots":{"index":"index","follow":"follow","max-snippet":"max-snippet:-1","max-image-preview":"max-image-preview:large","max-video-preview":"max-video-preview:-1"},"canonical":"https:\/\/www.ticketrio.com.br\/site\/fale-conosco-ticket-rio-carnaval\/","og_locale":"pt_BR","og_type":"article","og_title":"Contato - Ticket Rio - Billets Carnaval Rio, Karneval Rio de Janeiro Tickets, Tickets for Rio Carnival Sambadrome, Boletos Carnaval Rio, Entradas Carnaval Rio Samb\u00f3dromo","og_description":"rio carnival sambadrome tickets. Rio Carnaval Samb\u00f3dromo 2018. Rio Carnaval Entradas Samb\u00f3dromo. Rio Parade Tickets. Rio Carnaval billets. Rio karneval tickets. Rio carnavales biglietti.","og_url":"https:\/\/www.ticketrio.com.br\/site\/fale-conosco-ticket-rio-carnaval\/","og_site_name":"Ticket Rio - Billets Carnaval Rio, Karneval Rio de Janeiro Tickets, Tickets for Rio Carnival Sambadrome, Boletos Carnaval Rio, Entradas Carnaval Rio Samb\u00f3dromo","article_modified_time":"2026-03-05T17:22:15+00:00","og_image":[{"url":"https:\/\/store.ticketrio.com.br\/wp-content\/uploads\/2024\/06\/ondeestamosmenor1-1-2.jpg","type":"","width":"","height":""}],"twitter_card":"summary_large_image","twitter_misc":{"Est. tempo de leitura":"1 minuto"},"schema":{"@context":"https:\/\/schema.org","@graph":[{"@type":"WebPage","@id":"https:\/\/www.ticketrio.com.br\/site\/fale-conosco-ticket-rio-carnaval\/","url":"https:\/\/www.ticketrio.com.br\/site\/fale-conosco-ticket-rio-carnaval\/","name":"Contato - Ticket Rio - Billets Carnaval Rio, Karneval Rio de Janeiro Tickets, Tickets for Rio Carnival Sambadrome, Boletos Carnaval Rio, Entradas Carnaval Rio Samb\u00f3dromo","isPartOf":{"@id":"https:\/\/www.ticketrio.com.br\/site\/#website"},"primaryImageOfPage":{"@id":"https:\/\/www.ticketrio.com.br\/site\/fale-conosco-ticket-rio-carnaval\/#primaryimage"},"image":{"@id":"https:\/\/www.ticketrio.com.br\/site\/fale-conosco-ticket-rio-carnaval\/#primaryimage"},"thumbnailUrl":"https:\/\/store.ticketrio.com.br\/wp-content\/uploads\/2024\/06\/ondeestamosmenor1-1-2.jpg","datePublished":"2013-03-05T16:11:56+00:00","dateModified":"2026-03-05T17:22:15+00:00","description":"rio carnival sambadrome tickets. Rio Carnaval Samb\u00f3dromo 2018. Rio Carnaval Entradas Samb\u00f3dromo. Rio Parade Tickets. Rio Carnaval billets. Rio karneval tickets. Rio carnavales biglietti.","breadcrumb":{"@id":"https:\/\/www.ticketrio.com.br\/site\/fale-conosco-ticket-rio-carnaval\/#breadcrumb"},"inLanguage":"pt-BR","potentialAction":[{"@type":"ReadAction","target":["https:\/\/www.ticketrio.com.br\/site\/fale-conosco-ticket-rio-carnaval\/"]}]},{"@type":"ImageObject","inLanguage":"pt-BR","@id":"https:\/\/www.ticketrio.com.br\/site\/fale-conosco-ticket-rio-carnaval\/#primaryimage","url":"https:\/\/store.ticketrio.com.br\/wp-content\/uploads\/2024\/06\/ondeestamosmenor1-1-2.jpg","contentUrl":"https:\/\/store.ticketrio.com.br\/wp-content\/uploads\/2024\/06\/ondeestamosmenor1-1-2.jpg"},{"@type":"BreadcrumbList","@id":"https:\/\/www.ticketrio.com.br\/site\/fale-conosco-ticket-rio-carnaval\/#breadcrumb","itemListElement":[{"@type":"ListItem","position":1,"name":"In\u00edcio","item":"https:\/\/www.ticketrio.com.br\/site\/"},{"@type":"ListItem","position":2,"name":"Contato"}]},{"@type":"WebSite","@id":"https:\/\/www.ticketrio.com.br\/site\/#website","url":"https:\/\/www.ticketrio.com.br\/site\/","name":"Ticket Rio - Billets Carnaval Rio, Karneval Rio de Janeiro Tickets, Tickets for Rio Carnival Sambadrome, Boletos Carnaval Rio, Entradas Carnaval Rio Samb\u00f3dromo","description":"Billets Carnaval Rio, Karneval Rio de Janeiro Tickets, Tickets for Rio Carnival Sambadrome, Boletos Carnaval Rio, Entradas Carnaval Rio Samb\u00f3dromo","potentialAction":[{"@type":"SearchAction","target":{"@type":"EntryPoint","urlTemplate":"https:\/\/www.ticketrio.com.br\/site\/?s={search_term_string}"},"query-input":{"@type":"PropertyValueSpecification","valueRequired":true,"valueName":"search_term_string"}}],"inLanguage":"pt-BR"}]}},"_links":{"self":[{"href":"https:\/\/www.ticketrio.com.br\/site\/wp-json\/wp\/v2\/pages\/19","targetHints":{"allow":["GET"]}}],"collection":[{"href":"https:\/\/www.ticketrio.com.br\/site\/wp-json\/wp\/v2\/pages"}],"about":[{"href":"https:\/\/www.ticketrio.com.br\/site\/wp-json\/wp\/v2\/types\/page"}],"author":[{"embeddable":true,"href":"https:\/\/www.ticketrio.com.br\/site\/wp-json\/wp\/v2\/users\/1"}],"replies":[{"embeddable":true,"href":"https:\/\/www.ticketrio.com.br\/site\/wp-json\/wp\/v2\/comments?post=19"}],"version-history":[{"count":44,"href":"https:\/\/www.ticketrio.com.br\/site\/wp-json\/wp\/v2\/pages\/19\/revisions"}],"predecessor-version":[{"id":2697,"href":"https:\/\/www.ticketrio.com.br\/site\/wp-json\/wp\/v2\/pages\/19\/revisions\/2697"}],"wp:attachment":[{"href":"https:\/\/www.ticketrio.com.br\/site\/wp-json\/wp\/v2\/media?parent=19"}],"curies":[{"name":"wp","href":"https:\/\/api.w.org\/{rel}","templated":true}]}}