{"id":154,"date":"2013-03-11T13:33:35","date_gmt":"2013-03-11T13:33:35","guid":{"rendered":"https:\/\/www.ticketrio.com.br\/site\/?page_id=154"},"modified":"2026-03-03T17:26:09","modified_gmt":"2026-03-03T17:26:09","slug":"camarotes-carnaval-ingresso-sambodromo-2014","status":"publish","type":"page","link":"https:\/\/www.ticketrio.com.br\/site\/ingressos-carnaval-rio\/camarotes-carnaval-ingresso-sambodromo-2014\/","title":{"rendered":"Camarotes"},"content":{"rendered":"<h1><span style=\"color: #003366;\"><strong>CAMAROTES PARA GRUPOS OU EMPRESAS<\/strong><\/span><\/h1>\n<h3 style=\"text-align: justify;\">Os Camarotes do Samb\u00f3dromo s\u00e3o os \u00fanicos lugares cobertos e, portanto, os mais cobi\u00e7ados. Eles se encontram no lado par da Avenida em n\u00edveis elevados com varanda, tendo assim a melhor vis\u00e3o dos desfiles.<\/h3>\n<h3 style=\"text-align: justify;\">Especialmente decorados, possuem ar condicionado, TV de LED, poltrona e parapeito acolchoado.<\/h3>\n<h3 style=\"text-align: justify;\">2\u00ba n\u00edvel com varanda, proporcionando vis\u00e3o privilegiada do Desfile<\/h3>\n<h3 style=\"text-align: justify;\">\u00b7 Cada camarote acomoda 18 pessoas, podendo ser modulados para 36. Vendemos completo ou vagas.<\/h3>\n<h3><strong><span style=\"color: #003366;\">Pacote inclui:<\/span><\/strong> Ingresso Individual + ALL INCLUSIVE<\/h3>\n<h3><span style=\"color: #003366;\"><strong>Informa\u00e7\u00f5es:<\/strong> <\/span>Tel: (21) 2025-5000 \/ 3982-1515&nbsp;<\/h3>\n<p><strong><span style=\"color: #003366;\">E-mail:<\/span> <\/strong> <a href=\"mailto:atendimento@ticketrio.com.br\"> atendimento@ticketrio.com.br&nbsp;<\/a><\/p>\n\n\n<figure class=\"wp-block-image size-full\"><a href=\"https:\/\/store.ticketrio.com.br\/de\/\"><img loading=\"lazy\" decoding=\"async\" width=\"867\" height=\"595\" src=\"https:\/\/www.ticketrio.com.br\/site\/wp-content\/uploads\/2013\/11\/camarote_ibbca_varanda1.png\" alt=\"\" class=\"wp-image-801\" srcset=\"https:\/\/www.ticketrio.com.br\/site\/wp-content\/uploads\/2013\/11\/camarote_ibbca_varanda1.png 867w, https:\/\/www.ticketrio.com.br\/site\/wp-content\/uploads\/2013\/11\/camarote_ibbca_varanda1-300x205.png 300w\" sizes=\"auto, (max-width: 867px) 100vw, 867px\" \/><\/a><\/figure>\n","protected":false},"excerpt":{"rendered":"<p>CAMAROTES PARA GRUPOS OU EMPRESAS Os Camarotes do Samb\u00f3dromo s\u00e3o os \u00fanicos lugares cobertos e, portanto, os mais cobi\u00e7ados. Eles se encontram no lado par da Avenida em n\u00edveis elevados com varanda, tendo assim a melhor vis\u00e3o dos desfiles. Especialmente decorados, possuem ar condicionado, TV de LED, poltrona e parapeito acolchoado. 2\u00ba n\u00edvel com varanda, [&hellip;]<\/p>\n","protected":false},"author":1,"featured_media":0,"parent":2477,"menu_order":5,"comment_status":"closed","ping_status":"closed","template":"page-full.php","meta":{"ngg_post_thumbnail":0,"footnotes":""},"class_list":["post-154","page","type-page","status-publish","hentry"],"yoast_head":"<!-- This site is optimized with the Yoast SEO plugin v25.9 - https:\/\/yoast.com\/wordpress\/plugins\/seo\/ -->\n<title>Camarotes - Ticket Rio - Billets Carnaval Rio, Karneval Rio de Janeiro Tickets, Tickets for Rio Carnival Sambadrome, Boletos Carnaval Rio, Entradas Carnaval Rio Samb\u00f3dromo<\/title>\n<meta name=\"description\" content=\"rio carnival sambadrome tickets. Rio Carnaval Samb\u00f3dromo 2018. Rio Carnaval Entradas Samb\u00f3dromo. Rio Parade Tickets. Rio Carnaval billets. Rio karneval tickets. Rio carnavales biglietti.\" \/>\n<meta name=\"robots\" content=\"index, follow, max-snippet:-1, max-image-preview:large, max-video-preview:-1\" \/>\n<link rel=\"canonical\" href=\"https:\/\/www.ticketrio.com.br\/site\/ingressos-carnaval-rio\/camarotes-carnaval-ingresso-sambodromo-2014\/\" \/>\n<meta property=\"og:locale\" content=\"fr_FR\" \/>\n<meta property=\"og:type\" content=\"article\" \/>\n<meta property=\"og:title\" content=\"Camarotes - Ticket Rio - Billets Carnaval Rio, Karneval Rio de Janeiro Tickets, Tickets for Rio Carnival Sambadrome, Boletos Carnaval Rio, Entradas Carnaval Rio Samb\u00f3dromo\" \/>\n<meta property=\"og:description\" content=\"rio carnival sambadrome tickets. Rio Carnaval Samb\u00f3dromo 2018. Rio Carnaval Entradas Samb\u00f3dromo. Rio Parade Tickets. Rio Carnaval billets. Rio karneval tickets. Rio carnavales biglietti.\" \/>\n<meta property=\"og:url\" content=\"https:\/\/www.ticketrio.com.br\/site\/ingressos-carnaval-rio\/camarotes-carnaval-ingresso-sambodromo-2014\/\" \/>\n<meta property=\"og:site_name\" content=\"Ticket Rio - Billets Carnaval Rio, Karneval Rio de Janeiro Tickets, Tickets for Rio Carnival Sambadrome, Boletos Carnaval Rio, Entradas Carnaval Rio Samb\u00f3dromo\" \/>\n<meta property=\"article:modified_time\" content=\"2026-03-03T17:26:09+00:00\" \/>\n<meta property=\"og:image\" content=\"https:\/\/www.ticketrio.com.br\/site\/wp-content\/uploads\/2013\/11\/camarote_ibbca_varanda1.png\" \/>\n\t<meta property=\"og:image:width\" content=\"867\" \/>\n\t<meta property=\"og:image:height\" content=\"595\" \/>\n\t<meta property=\"og:image:type\" content=\"image\/png\" \/>\n<meta name=\"twitter:card\" content=\"summary_large_image\" \/>\n<meta name=\"twitter:label1\" content=\"Est. reading time\" \/>\n\t<meta name=\"twitter:data1\" content=\"1 minute\" \/>\n<script type=\"application\/ld+json\" class=\"yoast-schema-graph\">{\"@context\":\"https:\/\/schema.org\",\"@graph\":[{\"@type\":\"WebPage\",\"@id\":\"https:\/\/www.ticketrio.com.br\/site\/ingressos-carnaval-rio\/camarotes-carnaval-ingresso-sambodromo-2014\/\",\"url\":\"https:\/\/www.ticketrio.com.br\/site\/ingressos-carnaval-rio\/camarotes-carnaval-ingresso-sambodromo-2014\/\",\"name\":\"Camarotes - Ticket Rio - Billets Carnaval Rio, Karneval Rio de Janeiro Tickets, Tickets for Rio Carnival Sambadrome, Boletos Carnaval Rio, Entradas Carnaval Rio Samb\u00f3dromo\",\"isPartOf\":{\"@id\":\"https:\/\/www.ticketrio.com.br\/site\/#website\"},\"primaryImageOfPage\":{\"@id\":\"https:\/\/www.ticketrio.com.br\/site\/ingressos-carnaval-rio\/camarotes-carnaval-ingresso-sambodromo-2014\/#primaryimage\"},\"image\":{\"@id\":\"https:\/\/www.ticketrio.com.br\/site\/ingressos-carnaval-rio\/camarotes-carnaval-ingresso-sambodromo-2014\/#primaryimage\"},\"thumbnailUrl\":\"https:\/\/www.ticketrio.com.br\/site\/wp-content\/uploads\/2013\/11\/camarote_ibbca_varanda1.png\",\"datePublished\":\"2013-03-11T13:33:35+00:00\",\"dateModified\":\"2026-03-03T17:26:09+00:00\",\"description\":\"rio carnival sambadrome tickets. Rio Carnaval Samb\u00f3dromo 2018. Rio Carnaval Entradas Samb\u00f3dromo. Rio Parade Tickets. Rio Carnaval billets. Rio karneval tickets. Rio carnavales biglietti.\",\"breadcrumb\":{\"@id\":\"https:\/\/www.ticketrio.com.br\/site\/ingressos-carnaval-rio\/camarotes-carnaval-ingresso-sambodromo-2014\/#breadcrumb\"},\"inLanguage\":\"fr-FR\",\"potentialAction\":[{\"@type\":\"ReadAction\",\"target\":[\"https:\/\/www.ticketrio.com.br\/site\/ingressos-carnaval-rio\/camarotes-carnaval-ingresso-sambodromo-2014\/\"]}]},{\"@type\":\"ImageObject\",\"inLanguage\":\"fr-FR\",\"@id\":\"https:\/\/www.ticketrio.com.br\/site\/ingressos-carnaval-rio\/camarotes-carnaval-ingresso-sambodromo-2014\/#primaryimage\",\"url\":\"https:\/\/www.ticketrio.com.br\/site\/wp-content\/uploads\/2013\/11\/camarote_ibbca_varanda1.png\",\"contentUrl\":\"https:\/\/www.ticketrio.com.br\/site\/wp-content\/uploads\/2013\/11\/camarote_ibbca_varanda1.png\"},{\"@type\":\"BreadcrumbList\",\"@id\":\"https:\/\/www.ticketrio.com.br\/site\/ingressos-carnaval-rio\/camarotes-carnaval-ingresso-sambodromo-2014\/#breadcrumb\",\"itemListElement\":[{\"@type\":\"ListItem\",\"position\":1,\"name\":\"In\u00edcio\",\"item\":\"https:\/\/www.ticketrio.com.br\/site\/\"},{\"@type\":\"ListItem\",\"position\":2,\"name\":\"Ingressos Carnaval Rio\",\"item\":\"https:\/\/www.ticketrio.com.br\/site\/ingressos-carnaval-rio\/\"},{\"@type\":\"ListItem\",\"position\":3,\"name\":\"Camarotes\"}]},{\"@type\":\"WebSite\",\"@id\":\"https:\/\/www.ticketrio.com.br\/site\/#website\",\"url\":\"https:\/\/www.ticketrio.com.br\/site\/\",\"name\":\"Ticket Rio - Billets Carnaval Rio, Karneval Rio de Janeiro Tickets, Tickets for Rio Carnival Sambadrome, Boletos Carnaval Rio, Entradas Carnaval Rio Samb\u00f3dromo\",\"description\":\"Billets Carnaval Rio, Karneval Rio de Janeiro Tickets, Tickets for Rio Carnival Sambadrome, Boletos Carnaval Rio, Entradas Carnaval Rio Samb\u00f3dromo\",\"potentialAction\":[{\"@type\":\"SearchAction\",\"target\":{\"@type\":\"EntryPoint\",\"urlTemplate\":\"https:\/\/www.ticketrio.com.br\/site\/?s={search_term_string}\"},\"query-input\":{\"@type\":\"PropertyValueSpecification\",\"valueRequired\":true,\"valueName\":\"search_term_string\"}}],\"inLanguage\":\"fr-FR\"}]}<\/script>\n<!-- \/ Yoast SEO plugin. -->","yoast_head_json":{"title":"Camarotes - Ticket Rio - Billets Carnaval Rio, Karneval Rio de Janeiro Tickets, Tickets for Rio Carnival Sambadrome, Boletos Carnaval Rio, Entradas Carnaval Rio Samb\u00f3dromo","description":"rio carnival sambadrome tickets. Rio Carnaval Samb\u00f3dromo 2018. Rio Carnaval Entradas Samb\u00f3dromo. Rio Parade Tickets. Rio Carnaval billets. Rio karneval tickets. Rio carnavales biglietti.","robots":{"index":"index","follow":"follow","max-snippet":"max-snippet:-1","max-image-preview":"max-image-preview:large","max-video-preview":"max-video-preview:-1"},"canonical":"https:\/\/www.ticketrio.com.br\/site\/ingressos-carnaval-rio\/camarotes-carnaval-ingresso-sambodromo-2014\/","og_locale":"fr_FR","og_type":"article","og_title":"Camarotes - Ticket Rio - Billets Carnaval Rio, Karneval Rio de Janeiro Tickets, Tickets for Rio Carnival Sambadrome, Boletos Carnaval Rio, Entradas Carnaval Rio Samb\u00f3dromo","og_description":"rio carnival sambadrome tickets. Rio Carnaval Samb\u00f3dromo 2018. Rio Carnaval Entradas Samb\u00f3dromo. Rio Parade Tickets. Rio Carnaval billets. Rio karneval tickets. Rio carnavales biglietti.","og_url":"https:\/\/www.ticketrio.com.br\/site\/ingressos-carnaval-rio\/camarotes-carnaval-ingresso-sambodromo-2014\/","og_site_name":"Ticket Rio - Billets Carnaval Rio, Karneval Rio de Janeiro Tickets, Tickets for Rio Carnival Sambadrome, Boletos Carnaval Rio, Entradas Carnaval Rio Samb\u00f3dromo","article_modified_time":"2026-03-03T17:26:09+00:00","og_image":[{"width":867,"height":595,"url":"https:\/\/www.ticketrio.com.br\/site\/wp-content\/uploads\/2013\/11\/camarote_ibbca_varanda1.png","type":"image\/png"}],"twitter_card":"summary_large_image","twitter_misc":{"Est. reading time":"1 minute"},"schema":{"@context":"https:\/\/schema.org","@graph":[{"@type":"WebPage","@id":"https:\/\/www.ticketrio.com.br\/site\/ingressos-carnaval-rio\/camarotes-carnaval-ingresso-sambodromo-2014\/","url":"https:\/\/www.ticketrio.com.br\/site\/ingressos-carnaval-rio\/camarotes-carnaval-ingresso-sambodromo-2014\/","name":"Camarotes - Ticket Rio - Billets Carnaval Rio, Karneval Rio de Janeiro Tickets, Tickets for Rio Carnival Sambadrome, Boletos Carnaval Rio, Entradas Carnaval Rio Samb\u00f3dromo","isPartOf":{"@id":"https:\/\/www.ticketrio.com.br\/site\/#website"},"primaryImageOfPage":{"@id":"https:\/\/www.ticketrio.com.br\/site\/ingressos-carnaval-rio\/camarotes-carnaval-ingresso-sambodromo-2014\/#primaryimage"},"image":{"@id":"https:\/\/www.ticketrio.com.br\/site\/ingressos-carnaval-rio\/camarotes-carnaval-ingresso-sambodromo-2014\/#primaryimage"},"thumbnailUrl":"https:\/\/www.ticketrio.com.br\/site\/wp-content\/uploads\/2013\/11\/camarote_ibbca_varanda1.png","datePublished":"2013-03-11T13:33:35+00:00","dateModified":"2026-03-03T17:26:09+00:00","description":"rio carnival sambadrome tickets. Rio Carnaval Samb\u00f3dromo 2018. Rio Carnaval Entradas Samb\u00f3dromo. Rio Parade Tickets. Rio Carnaval billets. Rio karneval tickets. Rio carnavales biglietti.","breadcrumb":{"@id":"https:\/\/www.ticketrio.com.br\/site\/ingressos-carnaval-rio\/camarotes-carnaval-ingresso-sambodromo-2014\/#breadcrumb"},"inLanguage":"fr-FR","potentialAction":[{"@type":"ReadAction","target":["https:\/\/www.ticketrio.com.br\/site\/ingressos-carnaval-rio\/camarotes-carnaval-ingresso-sambodromo-2014\/"]}]},{"@type":"ImageObject","inLanguage":"fr-FR","@id":"https:\/\/www.ticketrio.com.br\/site\/ingressos-carnaval-rio\/camarotes-carnaval-ingresso-sambodromo-2014\/#primaryimage","url":"https:\/\/www.ticketrio.com.br\/site\/wp-content\/uploads\/2013\/11\/camarote_ibbca_varanda1.png","contentUrl":"https:\/\/www.ticketrio.com.br\/site\/wp-content\/uploads\/2013\/11\/camarote_ibbca_varanda1.png"},{"@type":"BreadcrumbList","@id":"https:\/\/www.ticketrio.com.br\/site\/ingressos-carnaval-rio\/camarotes-carnaval-ingresso-sambodromo-2014\/#breadcrumb","itemListElement":[{"@type":"ListItem","position":1,"name":"In\u00edcio","item":"https:\/\/www.ticketrio.com.br\/site\/"},{"@type":"ListItem","position":2,"name":"Ingressos Carnaval Rio","item":"https:\/\/www.ticketrio.com.br\/site\/ingressos-carnaval-rio\/"},{"@type":"ListItem","position":3,"name":"Camarotes"}]},{"@type":"WebSite","@id":"https:\/\/www.ticketrio.com.br\/site\/#website","url":"https:\/\/www.ticketrio.com.br\/site\/","name":"Ticket Rio - Billets Carnaval Rio, Karneval Rio de Janeiro Tickets, Tickets for Rio Carnival Sambadrome, Boletos Carnaval Rio, Entradas Carnaval Rio Samb\u00f3dromo","description":"Billets Carnaval Rio, Karneval Rio de Janeiro Tickets, Tickets for Rio Carnival Sambadrome, Boletos Carnaval Rio, Entradas Carnaval Rio Samb\u00f3dromo","potentialAction":[{"@type":"SearchAction","target":{"@type":"EntryPoint","urlTemplate":"https:\/\/www.ticketrio.com.br\/site\/?s={search_term_string}"},"query-input":{"@type":"PropertyValueSpecification","valueRequired":true,"valueName":"search_term_string"}}],"inLanguage":"fr-FR"}]}},"_links":{"self":[{"href":"https:\/\/www.ticketrio.com.br\/site\/fr\/wp-json\/wp\/v2\/pages\/154","targetHints":{"allow":["GET"]}}],"collection":[{"href":"https:\/\/www.ticketrio.com.br\/site\/fr\/wp-json\/wp\/v2\/pages"}],"about":[{"href":"https:\/\/www.ticketrio.com.br\/site\/fr\/wp-json\/wp\/v2\/types\/page"}],"author":[{"embeddable":true,"href":"https:\/\/www.ticketrio.com.br\/site\/fr\/wp-json\/wp\/v2\/users\/1"}],"replies":[{"embeddable":true,"href":"https:\/\/www.ticketrio.com.br\/site\/fr\/wp-json\/wp\/v2\/comments?post=154"}],"version-history":[{"count":43,"href":"https:\/\/www.ticketrio.com.br\/site\/fr\/wp-json\/wp\/v2\/pages\/154\/revisions"}],"predecessor-version":[{"id":2678,"href":"https:\/\/www.ticketrio.com.br\/site\/fr\/wp-json\/wp\/v2\/pages\/154\/revisions\/2678"}],"up":[{"embeddable":true,"href":"https:\/\/www.ticketrio.com.br\/site\/fr\/wp-json\/wp\/v2\/pages\/2477"}],"wp:attachment":[{"href":"https:\/\/www.ticketrio.com.br\/site\/fr\/wp-json\/wp\/v2\/media?parent=154"}],"curies":[{"name":"wp","href":"https:\/\/api.w.org\/{rel}","templated":true}]}}