{"id":369,"date":"2013-03-27T16:48:02","date_gmt":"2013-03-27T16:48:02","guid":{"rendered":"https:\/\/www.ticketrio.com.br\/site\/?page_id=369"},"modified":"2013-05-02T16:49:58","modified_gmt":"2013-05-02T16:49:58","slug":"royal-caribbean","status":"publish","type":"page","link":"https:\/\/www.ticketrio.com.br\/site\/ticket-rio-carnival\/cruzeiros-rio\/royal-caribbean\/","title":{"rendered":"ROYAL CARIBBEAN"},"content":{"rendered":"<h1><strong><span style=\"color: #003366;\">Royal Caribbean<\/span><\/strong><\/h1>\n<p style=\"text-align: justify;\"><span style=\"line-height: 1.6em;\">A Royal Caribbean \u00e9 uma companhia de cruzeiros que sempre procura inovar lan\u00e7ando novos roteiros mar\u00edtimos. A cada ano a companhia Royal Caribbean procura elaborar diversos roteiros, passando pelo Alasca, Austr\u00e1lia, Europa, Hava\u00ed, Canal do Panam\u00e1, Caribe entre outros.<\/span><\/p>\n<p style=\"text-align: justify;\">Os navios da Royal Caribbean s\u00e3o todos muito bem equipados e preparados para realizar de pequenas a grandes expedi\u00e7\u00f5es por todo o mar, explorando todo o oceano. As cabines dos navios que comp\u00f5e a companhia s\u00e3o extremamente elegantes e agrad\u00e1veis, proporcionando grande conforto a toda a popula\u00e7\u00e3o a bordo.<\/p>\n<h1 style=\"text-align: justify;\"><span style=\"color: #ff6600;\">Splendour of the Seas<\/span><\/h1>\n<p style=\"text-align: justify;\">Splendour of the Seas \u00e9 um navio formid\u00e1vel. Milhares de janelas mostram todos os detalhes por onde ele passa. Com uma gama infinita de op\u00e7\u00f5es de entretenimento e bem-estar, o Splendour of the Seas oferece prazer garantido para todos os h\u00f3spedes. Atrativos como mini campo de golfe, piscina, restaurante e solarium com cobertura de vidro retr\u00e1til fazem com que sempre haja algo para cada h\u00f3spede fazer a bordo com muito estilo.<\/p>\n<h1 style=\"text-align: justify;\"><strong>Restaurantes<\/strong><\/h1>\n<p style=\"text-align: justify;\">\u2022 Restaurante principal com menu completo e de cortesia, composto de v\u00e1rios pratos para caf\u00e9 da manh\u00e3, almo\u00e7o e jantar.<br \/>\n\u2022 Mais op\u00e7\u00f5es gratuitas, incluindo o Windjammer Caf\u00e9 e o Solarium Caf\u00e9, al\u00e9m de servi\u00e7o de quarto *<br \/>\n* A taxa para servi\u00e7os noturnos ser\u00e1 aplicada aos pedidos de servi\u00e7o de quarto solicitados entre meia-noite e 5:00. Aplicam-se encargos adicionais para restaurantes exclusivos. Bebidas especiais, cerveja, vinho e refrigerantes s\u00e3o cobrados separadamente e oferecidos conforme o card\u00e1pio do bar.<br \/>\n\u2022 Park Caf\u00e9 gr\u00e1tis<br \/>\n\u2022 A culin\u00e1ria asi\u00e1tica do Izumi, apresentando as melhores pe\u00e7as de sushi a la carte<br \/>\n\u2022 O menu \u00e0 la carte no novo Viking Crown Lounge, com pequenas por\u00e7\u00f5es de pratos cl\u00e1ssicos<br \/>\n\u2022 Chops Grille, a churrascaria distintiva da Royal Caribbean<\/p>\n<h1 style=\"text-align: justify;\"><strong><span style=\"color: #003366;\">A\u00e7\u00e3o e Aventura<\/span><\/strong><\/h1>\n<p style=\"text-align: justify;\">\u2022 Parede de escalada<br \/>\n\u2022 Pista de corrida no deck superior<br \/>\n\u2022 Campo de minigolfe com 18 buracos<br \/>\n\u2022 Sala de videogames Arcade<\/p>\n<h1 style=\"text-align: justify;\"><span style=\"color: #003366;\"><strong>CRIAN\u00c7AS E FAM\u00cdLIAS<\/strong><\/span><\/h1>\n<p style=\"text-align: justify;\">\u2022 Programa gratuito para jovens Adventure Ocean\u00ae<br \/>\n\u2022 Royal Babies\u00ae e Royal Tots\u00ae com atividades especialmente projetadas pela Fisher Price de acordo com as faixas et\u00e1rias<br \/>\n\u2022 \u00c1reas em expans\u00e3o somente para jovens<br \/>\n\u2022 Atividades pr\u00f3prias para fam\u00edlias, incluindo jogos, concursos, semin\u00e1rios e palestras de autoajuda<\/p>\n<h1 style=\"text-align: justify;\"><strong><span style=\"color: #003366;\">ENTRETENIMENTO E COMPRAS<\/span><\/strong><\/h1>\n<p style=\"text-align: justify;\">\u2022 Centrum, espa\u00e7o de entretenimento chique e sofisticado, com atividades diurnas instrutivas, excelente entretenimento noturno e espet\u00e1culos a\u00e9reos surpreendentes.<br \/>\n\u2022 R Bar, com um ambiente sofisticado dos anos 1960, complementado pelo mobili\u00e1rio da \u00e9poca e coquet\u00e9is exclusivos criados pessoalmente por um mixologista experiente.<br \/>\n\u2022 Entretenimento de cortesia ao estilo da Broadway no teatro principal.<br \/>\n\u2022 Cassino com 603 m\u00b2 ao estilo Las Vegas Casino Royale\u00ae com 164 m\u00e1quinas ca\u00e7a-n\u00edqueis e 11 mesas.<br \/>\n\u2022 Galeria BRITTO, que exp\u00f5e as obras do \u00edcone da pop art Romero Britto<br \/>\n\u2022 10 bares e lounges que n\u00e3o cobram couvert<br \/>\n\u2022 Lojas duty-free a bordo, com destaque para as marcas famosas em joias, perfumes, roupas e muito mais<\/p>\n<h1 style=\"text-align: justify;\"><strong><span style=\"color: #003366;\">DESCANSO E RELAXAMENTO<\/span><\/strong><\/h1>\n<p style=\"text-align: justify;\">\u2022 124 novas cabines com varanda<br \/>\n\u2022 Comodidades de cabine como televis\u00f5es de tela plana, novos banheiros e interiores completamente reformados, incluindo novas roupas de cama e m\u00f3veis.<br \/>\n\u2022 Em Breve: IPads em todas as cabines, o que permitir\u00e1 aos h\u00f3spedes acessar o programa di\u00e1rio de eventos e atividades Cruise Compass; verificar itiner\u00e1rios di\u00e1rios pessoais, incluindo excurs\u00f5es; monitorar sua conta a bordo; pedir servi\u00e7o de quarto; visualizar menus de restaurantes; acessar a Internet; assistir a filmes.<br \/>\n\u2022 Academia de gin\u00e1stica de \u00faltima gera\u00e7\u00e3o, com aulas desde aer\u00f3bica, passando por kickboxing at\u00e9 ioga<br \/>\n\u2022 2 piscinas, incluindo a do Solarium, um ref\u00fagio somente para adultos.<br \/>\n\u2022 4 hidromassagens.<\/p>\n<h1 style=\"text-align: justify;\"><strong>Cabines do Splendour of the Seas<\/strong><\/h1>\n<p style=\"text-align: justify;\">Total de cabines do Splendour of the Seas: 902<br \/>\n<strong><span style=\"color: #ff6600;\">\u2022 Cabines internas<\/span><\/strong><br \/>\nRelaxe no conforto de nossas cabines internas. Esses quartos bem mobiliados s\u00e3o uma excelente pedida.<\/p>\n<p style=\"text-align: justify;\"><span style=\"color: #ff6600;\"><strong>\u2022 Cabine externa<\/strong><\/span><br \/>\nVoc\u00ea sempre poder\u00e1 apreciar paisagens surpreendentes de sua pr\u00f3pria cabine.<\/p>\n<p style=\"text-align: justify;\">\u2022<span style=\"color: #ff6600;\"><strong> Cabine com varanda<\/strong><\/span><br \/>\nAbra sua varanda privativa e aprecie a linda vista. \u00c9 uma \u00f3tima maneira de ver de perto cada destino e aproveitar ao m\u00e1ximo suas f\u00e9rias no mar.<\/p>\n<p style=\"text-align: justify;\"><strong><span style=\"color: #ff6600;\">\u2022 Su\u00edte\/Deluxe<\/span><\/strong><br \/>\nRelaxe com requinte em nossas confort\u00e1veis su\u00edtes. A maioria oferece v\u00e1rios quartos, varandas e algumas at\u00e9 vantagens extras como servi\u00e7o de concierge de cortesia ou piano de meia cauda.<\/p>\n","protected":false},"excerpt":{"rendered":"<p>Royal Caribbean A Royal Caribbean \u00e9 uma companhia de cruzeiros que sempre procura inovar lan\u00e7ando novos roteiros mar\u00edtimos. A cada ano a companhia Royal Caribbean procura elaborar diversos roteiros, passando pelo Alasca, Austr\u00e1lia, Europa, Hava\u00ed, Canal do Panam\u00e1, Caribe entre outros. Os navios da Royal Caribbean s\u00e3o todos muito bem equipados e preparados para realizar [&hellip;]<\/p>\n","protected":false},"author":1,"featured_media":0,"parent":345,"menu_order":4,"comment_status":"closed","ping_status":"closed","template":"page-full.php","meta":{"ngg_post_thumbnail":0,"footnotes":""},"class_list":["post-369","page","type-page","status-publish","hentry"],"yoast_head":"<!-- This site is optimized with the Yoast SEO plugin v25.9 - https:\/\/yoast.com\/wordpress\/plugins\/seo\/ -->\n<title>ROYAL CARIBBEAN - Ticket Rio - Billets Carnaval Rio, Karneval Rio de Janeiro Tickets, Tickets for Rio Carnival Sambadrome, Boletos Carnaval Rio, Entradas Carnaval Rio Samb\u00f3dromo<\/title>\n<meta name=\"description\" content=\"rio carnival sambadrome tickets. Rio Carnaval Samb\u00f3dromo 2018. Rio Carnaval Entradas Samb\u00f3dromo. Rio Parade Tickets. Rio Carnaval billets. Rio karneval tickets. Rio carnavales biglietti.\" \/>\n<meta name=\"robots\" content=\"index, follow, max-snippet:-1, max-image-preview:large, max-video-preview:-1\" \/>\n<link rel=\"canonical\" href=\"https:\/\/www.ticketrio.com.br\/site\/ticket-rio-carnival\/cruzeiros-rio\/royal-caribbean\/\" \/>\n<meta property=\"og:locale\" content=\"es_ES\" \/>\n<meta property=\"og:type\" content=\"article\" \/>\n<meta property=\"og:title\" content=\"ROYAL CARIBBEAN - Ticket Rio - Billets Carnaval Rio, Karneval Rio de Janeiro Tickets, Tickets for Rio Carnival Sambadrome, Boletos Carnaval Rio, Entradas Carnaval Rio Samb\u00f3dromo\" \/>\n<meta property=\"og:description\" content=\"rio carnival sambadrome tickets. Rio Carnaval Samb\u00f3dromo 2018. Rio Carnaval Entradas Samb\u00f3dromo. Rio Parade Tickets. Rio Carnaval billets. Rio karneval tickets. Rio carnavales biglietti.\" \/>\n<meta property=\"og:url\" content=\"https:\/\/www.ticketrio.com.br\/site\/ticket-rio-carnival\/cruzeiros-rio\/royal-caribbean\/\" \/>\n<meta property=\"og:site_name\" content=\"Ticket Rio - Billets Carnaval Rio, Karneval Rio de Janeiro Tickets, Tickets for Rio Carnival Sambadrome, Boletos Carnaval Rio, Entradas Carnaval Rio Samb\u00f3dromo\" \/>\n<meta property=\"article:modified_time\" content=\"2013-05-02T16:49:58+00:00\" \/>\n<meta name=\"twitter:card\" content=\"summary_large_image\" \/>\n<meta name=\"twitter:label1\" content=\"Tiempo de lectura\" \/>\n\t<meta name=\"twitter:data1\" content=\"4 minutos\" \/>\n<script type=\"application\/ld+json\" class=\"yoast-schema-graph\">{\"@context\":\"https:\/\/schema.org\",\"@graph\":[{\"@type\":\"WebPage\",\"@id\":\"https:\/\/www.ticketrio.com.br\/site\/ticket-rio-carnival\/cruzeiros-rio\/royal-caribbean\/\",\"url\":\"https:\/\/www.ticketrio.com.br\/site\/ticket-rio-carnival\/cruzeiros-rio\/royal-caribbean\/\",\"name\":\"ROYAL CARIBBEAN - Ticket Rio - Billets Carnaval Rio, Karneval Rio de Janeiro Tickets, Tickets for Rio Carnival Sambadrome, Boletos Carnaval Rio, Entradas Carnaval Rio Samb\u00f3dromo\",\"isPartOf\":{\"@id\":\"https:\/\/www.ticketrio.com.br\/site\/#website\"},\"datePublished\":\"2013-03-27T16:48:02+00:00\",\"dateModified\":\"2013-05-02T16:49:58+00:00\",\"description\":\"rio carnival sambadrome tickets. Rio Carnaval Samb\u00f3dromo 2018. Rio Carnaval Entradas Samb\u00f3dromo. Rio Parade Tickets. Rio Carnaval billets. Rio karneval tickets. Rio carnavales biglietti.\",\"breadcrumb\":{\"@id\":\"https:\/\/www.ticketrio.com.br\/site\/ticket-rio-carnival\/cruzeiros-rio\/royal-caribbean\/#breadcrumb\"},\"inLanguage\":\"es\",\"potentialAction\":[{\"@type\":\"ReadAction\",\"target\":[\"https:\/\/www.ticketrio.com.br\/site\/ticket-rio-carnival\/cruzeiros-rio\/royal-caribbean\/\"]}]},{\"@type\":\"BreadcrumbList\",\"@id\":\"https:\/\/www.ticketrio.com.br\/site\/ticket-rio-carnival\/cruzeiros-rio\/royal-caribbean\/#breadcrumb\",\"itemListElement\":[{\"@type\":\"ListItem\",\"position\":1,\"name\":\"In\u00edcio\",\"item\":\"https:\/\/www.ticketrio.com.br\/site\/\"},{\"@type\":\"ListItem\",\"position\":2,\"name\":\"Ticket Rio\",\"item\":\"https:\/\/www.ticketrio.com.br\/site\/en\/ticket-rio-carnival\/\"},{\"@type\":\"ListItem\",\"position\":3,\"name\":\"Cruzeiros &#8211; Temporada 2015\/2016\",\"item\":\"https:\/\/www.ticketrio.com.br\/site\/ticket-rio-carnival\/cruzeiros-rio\/\"},{\"@type\":\"ListItem\",\"position\":4,\"name\":\"ROYAL CARIBBEAN\"}]},{\"@type\":\"WebSite\",\"@id\":\"https:\/\/www.ticketrio.com.br\/site\/#website\",\"url\":\"https:\/\/www.ticketrio.com.br\/site\/\",\"name\":\"Ticket Rio - Billets Carnaval Rio, Karneval Rio de Janeiro Tickets, Tickets for Rio Carnival Sambadrome, Boletos Carnaval Rio, Entradas Carnaval Rio Samb\u00f3dromo\",\"description\":\"Billets Carnaval Rio, Karneval Rio de Janeiro Tickets, Tickets for Rio Carnival Sambadrome, Boletos Carnaval Rio, Entradas Carnaval Rio Samb\u00f3dromo\",\"potentialAction\":[{\"@type\":\"SearchAction\",\"target\":{\"@type\":\"EntryPoint\",\"urlTemplate\":\"https:\/\/www.ticketrio.com.br\/site\/?s={search_term_string}\"},\"query-input\":{\"@type\":\"PropertyValueSpecification\",\"valueRequired\":true,\"valueName\":\"search_term_string\"}}],\"inLanguage\":\"es\"}]}<\/script>\n<!-- \/ Yoast SEO plugin. -->","yoast_head_json":{"title":"ROYAL CARIBBEAN - Ticket Rio - Billets Carnaval Rio, Karneval Rio de Janeiro Tickets, Tickets for Rio Carnival Sambadrome, Boletos Carnaval Rio, Entradas Carnaval Rio Samb\u00f3dromo","description":"rio carnival sambadrome tickets. Rio Carnaval Samb\u00f3dromo 2018. Rio Carnaval Entradas Samb\u00f3dromo. Rio Parade Tickets. Rio Carnaval billets. Rio karneval tickets. Rio carnavales biglietti.","robots":{"index":"index","follow":"follow","max-snippet":"max-snippet:-1","max-image-preview":"max-image-preview:large","max-video-preview":"max-video-preview:-1"},"canonical":"https:\/\/www.ticketrio.com.br\/site\/ticket-rio-carnival\/cruzeiros-rio\/royal-caribbean\/","og_locale":"es_ES","og_type":"article","og_title":"ROYAL CARIBBEAN - Ticket Rio - Billets Carnaval Rio, Karneval Rio de Janeiro Tickets, Tickets for Rio Carnival Sambadrome, Boletos Carnaval Rio, Entradas Carnaval Rio Samb\u00f3dromo","og_description":"rio carnival sambadrome tickets. Rio Carnaval Samb\u00f3dromo 2018. Rio Carnaval Entradas Samb\u00f3dromo. Rio Parade Tickets. Rio Carnaval billets. Rio karneval tickets. Rio carnavales biglietti.","og_url":"https:\/\/www.ticketrio.com.br\/site\/ticket-rio-carnival\/cruzeiros-rio\/royal-caribbean\/","og_site_name":"Ticket Rio - Billets Carnaval Rio, Karneval Rio de Janeiro Tickets, Tickets for Rio Carnival Sambadrome, Boletos Carnaval Rio, Entradas Carnaval Rio Samb\u00f3dromo","article_modified_time":"2013-05-02T16:49:58+00:00","twitter_card":"summary_large_image","twitter_misc":{"Tiempo de lectura":"4 minutos"},"schema":{"@context":"https:\/\/schema.org","@graph":[{"@type":"WebPage","@id":"https:\/\/www.ticketrio.com.br\/site\/ticket-rio-carnival\/cruzeiros-rio\/royal-caribbean\/","url":"https:\/\/www.ticketrio.com.br\/site\/ticket-rio-carnival\/cruzeiros-rio\/royal-caribbean\/","name":"ROYAL CARIBBEAN - Ticket Rio - Billets Carnaval Rio, Karneval Rio de Janeiro Tickets, Tickets for Rio Carnival Sambadrome, Boletos Carnaval Rio, Entradas Carnaval Rio Samb\u00f3dromo","isPartOf":{"@id":"https:\/\/www.ticketrio.com.br\/site\/#website"},"datePublished":"2013-03-27T16:48:02+00:00","dateModified":"2013-05-02T16:49:58+00:00","description":"rio carnival sambadrome tickets. Rio Carnaval Samb\u00f3dromo 2018. Rio Carnaval Entradas Samb\u00f3dromo. Rio Parade Tickets. Rio Carnaval billets. Rio karneval tickets. Rio carnavales biglietti.","breadcrumb":{"@id":"https:\/\/www.ticketrio.com.br\/site\/ticket-rio-carnival\/cruzeiros-rio\/royal-caribbean\/#breadcrumb"},"inLanguage":"es","potentialAction":[{"@type":"ReadAction","target":["https:\/\/www.ticketrio.com.br\/site\/ticket-rio-carnival\/cruzeiros-rio\/royal-caribbean\/"]}]},{"@type":"BreadcrumbList","@id":"https:\/\/www.ticketrio.com.br\/site\/ticket-rio-carnival\/cruzeiros-rio\/royal-caribbean\/#breadcrumb","itemListElement":[{"@type":"ListItem","position":1,"name":"In\u00edcio","item":"https:\/\/www.ticketrio.com.br\/site\/"},{"@type":"ListItem","position":2,"name":"Ticket Rio","item":"https:\/\/www.ticketrio.com.br\/site\/en\/ticket-rio-carnival\/"},{"@type":"ListItem","position":3,"name":"Cruzeiros &#8211; Temporada 2015\/2016","item":"https:\/\/www.ticketrio.com.br\/site\/ticket-rio-carnival\/cruzeiros-rio\/"},{"@type":"ListItem","position":4,"name":"ROYAL CARIBBEAN"}]},{"@type":"WebSite","@id":"https:\/\/www.ticketrio.com.br\/site\/#website","url":"https:\/\/www.ticketrio.com.br\/site\/","name":"Ticket Rio - Billets Carnaval Rio, Karneval Rio de Janeiro Tickets, Tickets for Rio Carnival Sambadrome, Boletos Carnaval Rio, Entradas Carnaval Rio Samb\u00f3dromo","description":"Billets Carnaval Rio, Karneval Rio de Janeiro Tickets, Tickets for Rio Carnival Sambadrome, Boletos Carnaval Rio, Entradas Carnaval Rio Samb\u00f3dromo","potentialAction":[{"@type":"SearchAction","target":{"@type":"EntryPoint","urlTemplate":"https:\/\/www.ticketrio.com.br\/site\/?s={search_term_string}"},"query-input":{"@type":"PropertyValueSpecification","valueRequired":true,"valueName":"search_term_string"}}],"inLanguage":"es"}]}},"_links":{"self":[{"href":"https:\/\/www.ticketrio.com.br\/site\/es\/wp-json\/wp\/v2\/pages\/369","targetHints":{"allow":["GET"]}}],"collection":[{"href":"https:\/\/www.ticketrio.com.br\/site\/es\/wp-json\/wp\/v2\/pages"}],"about":[{"href":"https:\/\/www.ticketrio.com.br\/site\/es\/wp-json\/wp\/v2\/types\/page"}],"author":[{"embeddable":true,"href":"https:\/\/www.ticketrio.com.br\/site\/es\/wp-json\/wp\/v2\/users\/1"}],"replies":[{"embeddable":true,"href":"https:\/\/www.ticketrio.com.br\/site\/es\/wp-json\/wp\/v2\/comments?post=369"}],"version-history":[{"count":6,"href":"https:\/\/www.ticketrio.com.br\/site\/es\/wp-json\/wp\/v2\/pages\/369\/revisions"}],"predecessor-version":[{"id":498,"href":"https:\/\/www.ticketrio.com.br\/site\/es\/wp-json\/wp\/v2\/pages\/369\/revisions\/498"}],"up":[{"embeddable":true,"href":"https:\/\/www.ticketrio.com.br\/site\/es\/wp-json\/wp\/v2\/pages\/345"}],"wp:attachment":[{"href":"https:\/\/www.ticketrio.com.br\/site\/es\/wp-json\/wp\/v2\/media?parent=369"}],"curies":[{"name":"wp","href":"https:\/\/api.w.org\/{rel}","templated":true}]}}