{"id":367,"date":"2013-03-27T16:47:26","date_gmt":"2013-03-27T16:47:26","guid":{"rendered":"https:\/\/www.ticketrio.com.br\/site\/?page_id=367"},"modified":"2013-05-02T16:49:08","modified_gmt":"2013-05-02T16:49:08","slug":"ibero","status":"publish","type":"page","link":"https:\/\/www.ticketrio.com.br\/site\/ticket-rio-carnival\/cruzeiros-rio\/ibero\/","title":{"rendered":"IBERO"},"content":{"rendered":"<h1><strong><span style=\"color: #003366;\">IBERO CRUZEIROS<\/span><\/strong><\/h1>\n<p style=\"text-align: justify;\"><span style=\"line-height: 1.6em;\">A Ibero oferece uma frota europeia, com navios sob medida para que voc\u00ea aproveite bem cada detalhe do seu cruzeiro. Saiba mais sobre os transatl\u00e2nticos Ibero e comece a se imaginar a bordo de um deles nas suas pr\u00f3ximas f\u00e9rias:<\/span><\/p>\n<h2><strong><span style=\"color: #003366; font-size: 22px; line-height: 1.6em;\">Gastronomia<\/span><\/strong><\/h2>\n<h2><strong><\/strong><span style=\"font-size: 12px; line-height: 1.6em; color: #003366;\">Num cruzeiro Ibero, voc\u00ea saboreia a vida por inteiro.<\/span><\/h2>\n<p style=\"text-align: justify;\">Cozinha mediterr\u00e2nea e internacional s\u00e3o as refer\u00eancias culin\u00e1rias que predominam nos navios Ibero. Voc\u00ea vai se deliciar com pratos que comp\u00f5em os principais menus do mundo, numa viagem gastron\u00f4mica que dar\u00e1 do seu cruzeiro um sabor ainda mais especial. Tudo isso servido por uma equipe sempre am\u00e1vel e gentil, que transmite \u00e0 perfei\u00e7\u00e3o o esp\u00edrito acolhedor de nossos restaurantes.<\/p>\n<h2><strong><span style=\"color: #003366;\">Vida Noturna<\/span><\/strong><\/h2>\n<h5><span style=\"color: #003366;\">Anime-se! Nos navios Ibero, a noite \u00e9 uma festa.<\/span><\/h5>\n<p style=\"text-align: justify;\">Em todos os cruzeiros Ibero, as noites s\u00e3o plenas de festa, alegria e divers\u00e3o. Shows e espet\u00e1culos internacionais, jogos de sociedade, apostas no cassino, m\u00fasica, dan\u00e7a nos sal\u00f5es e na discoteca e uma atmosfera m\u00e1gica de descontra\u00e7\u00e3o e glamour que envolve tudo. Al\u00e9m disso, os navios Ibero oferecem, em todos os cruzeiros,\u00a0<a title=\"La Noche Blanca\" href=\"http:\/\/www.iberocruzeiros.com.br\/ibero\/vantagens-ibero\/la-noche-blanca\"><strong>La Noche Blanca<\/strong><\/a>, uma noite tem\u00e1tica com todo o charme e anima\u00e7\u00e3o de uma festa exclusiva, que s\u00f3 as viagens Ibero tem.<\/p>\n<h2><strong><span style=\"color: #003366;\">Entretenimento<\/span><\/strong><\/h2>\n<h5><span style=\"color: #003366;\">O dia todo, voc\u00ea escolhe: atividades, divers\u00e3o ou relax.<\/span><\/h5>\n<p style=\"text-align: justify;\">Num cruzeiro Ibero, h\u00e1 in\u00fameras alternativas de entretenimento. Nos dias de navega\u00e7\u00e3o, as op\u00e7\u00f5es de atividades se multiplicam entre brincadeiras, aulas, esportes, tudo conduzido por uma equipe de anima\u00e7\u00e3o excelente! Mas voc\u00ea escolhe e, se preferir relaxar, o sol e a piscina estar\u00e3o \u00e0 sua espera, ou um bom livro na biblioteca. Para cuidar da forma, aproveite os equipamentos da academia. Se quiser caprichar no visual, experimente os tratamentos no sal\u00e3o de beleza. E, se deseja fazer boas compras, que tal conferir as lojas do navio?<\/p>\n<h2><strong><span style=\"color: #003366;\">Crian\u00e7as<\/span><\/strong><\/h2>\n<h5><span style=\"color: #003366;\">Anima\u00e7\u00e3o infantil: as crian\u00e7as se divertem e os pais relaxam.<\/span><\/h5>\n<p style=\"text-align: justify;\">Com atividades organizadas por faixa et\u00e1ria (de 3 a 5, de 6 a 8 e de 9 a 12 anos), nos cruzeiros Ibero as crian\u00e7as tamb\u00e9m t\u00eam muitas alternativas de lazer \u00e0 sua escolha. Uma equipe de anima\u00e7\u00e3o especializada est\u00e1 sempre a postos para fazer da viagem dos pequenos uma experi\u00eancia inesquec\u00edvel. Acompanhados pelos animadores, eles passam os dias entre brincadeiras, competi\u00e7\u00f5es, festas, karaok\u00eas, shows e degusta\u00e7\u00e3o de card\u00e1pios exclusivos. Enquanto isso, os pais relaxam e, tranquilos, aproveitam a viagem \u00e0 sua maneira.<\/p>\n<h2><strong><span style=\"color: #003366;\">Excurs\u00f5es<\/span><\/strong><\/h2>\n<h5><span style=\"color: #003366;\">Excurs\u00f5es: em terra tamb\u00e9m, sua viagem Ibero continua.<\/span><\/h5>\n<p style=\"text-align: justify;\">Aproveite ao m\u00e1ximo suas f\u00e9rias. Num cruzeiro Ibero, isso fica muito f\u00e1cil. Al\u00e9m de todas as op\u00e7\u00f5es de lazer a bordo durante a navega\u00e7\u00e3o, a cada escala voc\u00ea conhecer\u00e1 um lugar diferente e poder\u00e1 visit\u00e1-lo, se quiser, fazendo uma das excurs\u00f5es opcionais que o navio oferece. Uma equipe especializada estar\u00e1 \u00e0 sua disposi\u00e7\u00e3o para orient\u00e1-lo na escolha das excurs\u00f5es, todas selecionadas para apresentar as melhores alternativas em cada destino.<\/p>\n<h3><span style=\"color: #ff6600;\"><strong>Grand Holiday<\/strong><\/span><\/h3>\n<p>Este \u00e9 o mais novo navio da frota, inaugurado em maio 2010. Um transatl\u00e2ntico preparado para oferecer o m\u00e1ximo em conforto e divers\u00e3o. Embarque voc\u00ea tamb\u00e9m e descubra quanto as suas f\u00e9rias podem ser divertidas.<\/p>\n<h2><strong><span style=\"color: #003366;\">Cabines e Su\u00edtes<\/span><\/strong><\/h2>\n<ul>\n<li><span style=\"color: #ff6600;\">Cabine Interna<\/span> <strong><\/strong><\/li>\n<\/ul>\n<p style=\"text-align: justify;\">Duas camas de solteiro ou cama de casal. TV, telefone, cofre e ar condicionado. Banheiro e chuveiro.<\/p>\n<ul>\n<li><span style=\"color: #ff6600;\">Cabine externa<\/span><\/li>\n<\/ul>\n<p style=\"text-align: justify;\">Duas camas de solteiro ou uma grande cama, banheiro privativo com chuveiro e televis\u00e3o.<\/p>\n<ul>\n<li><span style=\"color: #ff6600;\">Su\u00edte<\/span><\/li>\n<\/ul>\n<p style=\"text-align: justify;\">Varanda privativa, duas camas de solteiro e uma grande cama, banheiro privativo com chuveiro e banheira, sal\u00e3o, televis\u00e3o e servi\u00e7o de quarto.<\/p>\n<h3><span style=\"color: #ff6600;\"><strong>Grand Mistral<\/strong><\/span><\/h3>\n<p style=\"text-align: justify;\"><strong>Grand Mistral<\/strong>\u00a0\u00e9 um transatl\u00e2ntico elegante, com uma ambienta\u00e7\u00e3o cheia de charme e bom gosto. Ao mesmo tempo, \u00e9 um navio muito aconchegante, cen\u00e1rio perfeito para um cruzeiro em que a fam\u00edlia toda se diverte durante as f\u00e9rias.<\/p>\n<h2><strong><span style=\"color: #003366;\">Cabines e Su\u00edtes<\/span><\/strong><\/h2>\n<ul>\n<li><span style=\"color: #ff6600;\">Cabine Interna<\/span><\/li>\n<\/ul>\n<p style=\"text-align: justify;\">Ar condicionado, casa de banho com chuveiro, minibar e cofre forte, TV, radio e telefone.<\/p>\n<ul>\n<li><span style=\"color: #ff6600;\">Cabine externa<\/span><\/li>\n<\/ul>\n<p style=\"text-align: justify;\">Ar condicionado, casa de banho com chuveiro, minibar e cofre forte, TV, radio e telefone.<\/p>\n<ul>\n<li><span style=\"color: #ff6600;\">Cabine com Varanda<\/span><\/li>\n<\/ul>\n<p style=\"text-align: justify;\">Cabines com varanda est\u00e3o equipadas de duas camas baixas confort\u00e1veis numa cama dupla, ar condicionado individual, uma casa de banho com chuveiro e WC privados, minibar, tv, telefone e varanda.<\/p>\n<ul>\n<li><span style=\"color: #ff6600;\">Su\u00edte<\/span><\/li>\n<\/ul>\n<p style=\"text-align: justify;\">Uma cama dupla transform\u00e1vel em duas camas simples, uma varanda privada, ar condicionado, casa de banho com banheira, cofre forte e mini bar, TV, radio e telefone.<\/p>\n<h3><strong><span style=\"color: #ff6600;\">Grand Celebration<\/span><\/strong><\/h3>\n<p style=\"text-align: justify;\">Um navio que \u00e9 uma del\u00edcia! Alegre, descontra\u00eddo, o\u00a0<strong>Grand Celebration<\/strong>\u00a0oferece uma excelente infraestrutura de conforto e lazer para o seu cruzeiro. Assim que subir a bordo, voc\u00ea entra imediatamente no clima das suas f\u00e9rias. Aproveite!<\/p>\n<h2><strong><span style=\"color: #003366;\">Cabines e Su\u00edtes<\/span><\/strong><\/h2>\n<ul>\n<li><span style=\"color: #ff6600;\">Cabine interna<\/span><\/li>\n<\/ul>\n<p style=\"text-align: justify;\">Duas camas de solteiro ou uma grande cama, banheiro privativo com chuveiro e televis\u00e3o.<\/p>\n<ul>\n<li style=\"text-align: justify;\"><span style=\"color: #ff6600;\">Cabine externa<\/span><\/li>\n<\/ul>\n<p style=\"text-align: justify;\">Duas camas de solteiro ou uma grande cama, banheiro privativo com chuveiro e televis\u00e3o.<\/p>\n<ul>\n<li><span style=\"color: #ff6600;\">Su\u00edte<\/span><\/li>\n<\/ul>\n<p style=\"text-align: justify;\">Duas camas de solteiro ou uma grande cama, banheiro privativo com chuveiro e banheira, sala de estar, varanda privativa e televis\u00e3o.<\/p>\n","protected":false},"excerpt":{"rendered":"<p>IBERO CRUZEIROS A Ibero oferece uma frota europeia, com navios sob medida para que voc\u00ea aproveite bem cada detalhe do seu cruzeiro. Saiba mais sobre os transatl\u00e2nticos Ibero e comece a se imaginar a bordo de um deles nas suas pr\u00f3ximas f\u00e9rias: Gastronomia Num cruzeiro Ibero, voc\u00ea saboreia a vida por inteiro. Cozinha mediterr\u00e2nea e [&hellip;]<\/p>\n","protected":false},"author":1,"featured_media":0,"parent":345,"menu_order":3,"comment_status":"closed","ping_status":"closed","template":"page-full.php","meta":{"ngg_post_thumbnail":0,"footnotes":""},"class_list":["post-367","page","type-page","status-publish","hentry"],"yoast_head":"<!-- This site is optimized with the Yoast SEO plugin v25.9 - https:\/\/yoast.com\/wordpress\/plugins\/seo\/ -->\n<title>IBERO - Ticket Rio - Billets Carnaval Rio, Karneval Rio de Janeiro Tickets, Tickets for Rio Carnival Sambadrome, Boletos Carnaval Rio, Entradas Carnaval Rio Samb\u00f3dromo<\/title>\n<meta name=\"description\" content=\"rio carnival sambadrome tickets. Rio Carnaval Samb\u00f3dromo 2018. Rio Carnaval Entradas Samb\u00f3dromo. Rio Parade Tickets. Rio Carnaval billets. Rio karneval tickets. Rio carnavales biglietti.\" \/>\n<meta name=\"robots\" content=\"index, follow, max-snippet:-1, max-image-preview:large, max-video-preview:-1\" \/>\n<link rel=\"canonical\" href=\"https:\/\/www.ticketrio.com.br\/site\/ticket-rio-carnival\/cruzeiros-rio\/ibero\/\" \/>\n<meta property=\"og:locale\" content=\"es_ES\" \/>\n<meta property=\"og:type\" content=\"article\" \/>\n<meta property=\"og:title\" content=\"IBERO - Ticket Rio - Billets Carnaval Rio, Karneval Rio de Janeiro Tickets, Tickets for Rio Carnival Sambadrome, Boletos Carnaval Rio, Entradas Carnaval Rio Samb\u00f3dromo\" \/>\n<meta property=\"og:description\" content=\"rio carnival sambadrome tickets. Rio Carnaval Samb\u00f3dromo 2018. Rio Carnaval Entradas Samb\u00f3dromo. Rio Parade Tickets. Rio Carnaval billets. Rio karneval tickets. Rio carnavales biglietti.\" \/>\n<meta property=\"og:url\" content=\"https:\/\/www.ticketrio.com.br\/site\/ticket-rio-carnival\/cruzeiros-rio\/ibero\/\" \/>\n<meta property=\"og:site_name\" content=\"Ticket Rio - Billets Carnaval Rio, Karneval Rio de Janeiro Tickets, Tickets for Rio Carnival Sambadrome, Boletos Carnaval Rio, Entradas Carnaval Rio Samb\u00f3dromo\" \/>\n<meta property=\"article:modified_time\" content=\"2013-05-02T16:49:08+00:00\" \/>\n<meta name=\"twitter:card\" content=\"summary_large_image\" \/>\n<meta name=\"twitter:label1\" content=\"Tiempo de lectura\" \/>\n\t<meta name=\"twitter:data1\" content=\"4 minutos\" \/>\n<script type=\"application\/ld+json\" class=\"yoast-schema-graph\">{\"@context\":\"https:\/\/schema.org\",\"@graph\":[{\"@type\":\"WebPage\",\"@id\":\"https:\/\/www.ticketrio.com.br\/site\/ticket-rio-carnival\/cruzeiros-rio\/ibero\/\",\"url\":\"https:\/\/www.ticketrio.com.br\/site\/ticket-rio-carnival\/cruzeiros-rio\/ibero\/\",\"name\":\"IBERO - Ticket Rio - Billets Carnaval Rio, Karneval Rio de Janeiro Tickets, Tickets for Rio Carnival Sambadrome, Boletos Carnaval Rio, Entradas Carnaval Rio Samb\u00f3dromo\",\"isPartOf\":{\"@id\":\"https:\/\/www.ticketrio.com.br\/site\/#website\"},\"datePublished\":\"2013-03-27T16:47:26+00:00\",\"dateModified\":\"2013-05-02T16:49:08+00:00\",\"description\":\"rio carnival sambadrome tickets. Rio Carnaval Samb\u00f3dromo 2018. Rio Carnaval Entradas Samb\u00f3dromo. Rio Parade Tickets. Rio Carnaval billets. Rio karneval tickets. Rio carnavales biglietti.\",\"breadcrumb\":{\"@id\":\"https:\/\/www.ticketrio.com.br\/site\/ticket-rio-carnival\/cruzeiros-rio\/ibero\/#breadcrumb\"},\"inLanguage\":\"es\",\"potentialAction\":[{\"@type\":\"ReadAction\",\"target\":[\"https:\/\/www.ticketrio.com.br\/site\/ticket-rio-carnival\/cruzeiros-rio\/ibero\/\"]}]},{\"@type\":\"BreadcrumbList\",\"@id\":\"https:\/\/www.ticketrio.com.br\/site\/ticket-rio-carnival\/cruzeiros-rio\/ibero\/#breadcrumb\",\"itemListElement\":[{\"@type\":\"ListItem\",\"position\":1,\"name\":\"In\u00edcio\",\"item\":\"https:\/\/www.ticketrio.com.br\/site\/\"},{\"@type\":\"ListItem\",\"position\":2,\"name\":\"Ticket Rio\",\"item\":\"https:\/\/www.ticketrio.com.br\/site\/en\/ticket-rio-carnival\/\"},{\"@type\":\"ListItem\",\"position\":3,\"name\":\"Cruzeiros &#8211; Temporada 2015\/2016\",\"item\":\"https:\/\/www.ticketrio.com.br\/site\/ticket-rio-carnival\/cruzeiros-rio\/\"},{\"@type\":\"ListItem\",\"position\":4,\"name\":\"IBERO\"}]},{\"@type\":\"WebSite\",\"@id\":\"https:\/\/www.ticketrio.com.br\/site\/#website\",\"url\":\"https:\/\/www.ticketrio.com.br\/site\/\",\"name\":\"Ticket Rio - Billets Carnaval Rio, Karneval Rio de Janeiro Tickets, Tickets for Rio Carnival Sambadrome, Boletos Carnaval Rio, Entradas Carnaval Rio Samb\u00f3dromo\",\"description\":\"Billets Carnaval Rio, Karneval Rio de Janeiro Tickets, Tickets for Rio Carnival Sambadrome, Boletos Carnaval Rio, Entradas Carnaval Rio Samb\u00f3dromo\",\"potentialAction\":[{\"@type\":\"SearchAction\",\"target\":{\"@type\":\"EntryPoint\",\"urlTemplate\":\"https:\/\/www.ticketrio.com.br\/site\/?s={search_term_string}\"},\"query-input\":{\"@type\":\"PropertyValueSpecification\",\"valueRequired\":true,\"valueName\":\"search_term_string\"}}],\"inLanguage\":\"es\"}]}<\/script>\n<!-- \/ Yoast SEO plugin. -->","yoast_head_json":{"title":"IBERO - Ticket Rio - Billets Carnaval Rio, Karneval Rio de Janeiro Tickets, Tickets for Rio Carnival Sambadrome, Boletos Carnaval Rio, Entradas Carnaval Rio Samb\u00f3dromo","description":"rio carnival sambadrome tickets. Rio Carnaval Samb\u00f3dromo 2018. Rio Carnaval Entradas Samb\u00f3dromo. Rio Parade Tickets. Rio Carnaval billets. Rio karneval tickets. Rio carnavales biglietti.","robots":{"index":"index","follow":"follow","max-snippet":"max-snippet:-1","max-image-preview":"max-image-preview:large","max-video-preview":"max-video-preview:-1"},"canonical":"https:\/\/www.ticketrio.com.br\/site\/ticket-rio-carnival\/cruzeiros-rio\/ibero\/","og_locale":"es_ES","og_type":"article","og_title":"IBERO - Ticket Rio - Billets Carnaval Rio, Karneval Rio de Janeiro Tickets, Tickets for Rio Carnival Sambadrome, Boletos Carnaval Rio, Entradas Carnaval Rio Samb\u00f3dromo","og_description":"rio carnival sambadrome tickets. Rio Carnaval Samb\u00f3dromo 2018. Rio Carnaval Entradas Samb\u00f3dromo. Rio Parade Tickets. Rio Carnaval billets. Rio karneval tickets. Rio carnavales biglietti.","og_url":"https:\/\/www.ticketrio.com.br\/site\/ticket-rio-carnival\/cruzeiros-rio\/ibero\/","og_site_name":"Ticket Rio - Billets Carnaval Rio, Karneval Rio de Janeiro Tickets, Tickets for Rio Carnival Sambadrome, Boletos Carnaval Rio, Entradas Carnaval Rio Samb\u00f3dromo","article_modified_time":"2013-05-02T16:49:08+00:00","twitter_card":"summary_large_image","twitter_misc":{"Tiempo de lectura":"4 minutos"},"schema":{"@context":"https:\/\/schema.org","@graph":[{"@type":"WebPage","@id":"https:\/\/www.ticketrio.com.br\/site\/ticket-rio-carnival\/cruzeiros-rio\/ibero\/","url":"https:\/\/www.ticketrio.com.br\/site\/ticket-rio-carnival\/cruzeiros-rio\/ibero\/","name":"IBERO - Ticket Rio - Billets Carnaval Rio, Karneval Rio de Janeiro Tickets, Tickets for Rio Carnival Sambadrome, Boletos Carnaval Rio, Entradas Carnaval Rio Samb\u00f3dromo","isPartOf":{"@id":"https:\/\/www.ticketrio.com.br\/site\/#website"},"datePublished":"2013-03-27T16:47:26+00:00","dateModified":"2013-05-02T16:49:08+00:00","description":"rio carnival sambadrome tickets. Rio Carnaval Samb\u00f3dromo 2018. Rio Carnaval Entradas Samb\u00f3dromo. Rio Parade Tickets. Rio Carnaval billets. Rio karneval tickets. Rio carnavales biglietti.","breadcrumb":{"@id":"https:\/\/www.ticketrio.com.br\/site\/ticket-rio-carnival\/cruzeiros-rio\/ibero\/#breadcrumb"},"inLanguage":"es","potentialAction":[{"@type":"ReadAction","target":["https:\/\/www.ticketrio.com.br\/site\/ticket-rio-carnival\/cruzeiros-rio\/ibero\/"]}]},{"@type":"BreadcrumbList","@id":"https:\/\/www.ticketrio.com.br\/site\/ticket-rio-carnival\/cruzeiros-rio\/ibero\/#breadcrumb","itemListElement":[{"@type":"ListItem","position":1,"name":"In\u00edcio","item":"https:\/\/www.ticketrio.com.br\/site\/"},{"@type":"ListItem","position":2,"name":"Ticket Rio","item":"https:\/\/www.ticketrio.com.br\/site\/en\/ticket-rio-carnival\/"},{"@type":"ListItem","position":3,"name":"Cruzeiros &#8211; Temporada 2015\/2016","item":"https:\/\/www.ticketrio.com.br\/site\/ticket-rio-carnival\/cruzeiros-rio\/"},{"@type":"ListItem","position":4,"name":"IBERO"}]},{"@type":"WebSite","@id":"https:\/\/www.ticketrio.com.br\/site\/#website","url":"https:\/\/www.ticketrio.com.br\/site\/","name":"Ticket Rio - Billets Carnaval Rio, Karneval Rio de Janeiro Tickets, Tickets for Rio Carnival Sambadrome, Boletos Carnaval Rio, Entradas Carnaval Rio Samb\u00f3dromo","description":"Billets Carnaval Rio, Karneval Rio de Janeiro Tickets, Tickets for Rio Carnival Sambadrome, Boletos Carnaval Rio, Entradas Carnaval Rio Samb\u00f3dromo","potentialAction":[{"@type":"SearchAction","target":{"@type":"EntryPoint","urlTemplate":"https:\/\/www.ticketrio.com.br\/site\/?s={search_term_string}"},"query-input":{"@type":"PropertyValueSpecification","valueRequired":true,"valueName":"search_term_string"}}],"inLanguage":"es"}]}},"_links":{"self":[{"href":"https:\/\/www.ticketrio.com.br\/site\/es\/wp-json\/wp\/v2\/pages\/367","targetHints":{"allow":["GET"]}}],"collection":[{"href":"https:\/\/www.ticketrio.com.br\/site\/es\/wp-json\/wp\/v2\/pages"}],"about":[{"href":"https:\/\/www.ticketrio.com.br\/site\/es\/wp-json\/wp\/v2\/types\/page"}],"author":[{"embeddable":true,"href":"https:\/\/www.ticketrio.com.br\/site\/es\/wp-json\/wp\/v2\/users\/1"}],"replies":[{"embeddable":true,"href":"https:\/\/www.ticketrio.com.br\/site\/es\/wp-json\/wp\/v2\/comments?post=367"}],"version-history":[{"count":7,"href":"https:\/\/www.ticketrio.com.br\/site\/es\/wp-json\/wp\/v2\/pages\/367\/revisions"}],"predecessor-version":[{"id":497,"href":"https:\/\/www.ticketrio.com.br\/site\/es\/wp-json\/wp\/v2\/pages\/367\/revisions\/497"}],"up":[{"embeddable":true,"href":"https:\/\/www.ticketrio.com.br\/site\/es\/wp-json\/wp\/v2\/pages\/345"}],"wp:attachment":[{"href":"https:\/\/www.ticketrio.com.br\/site\/es\/wp-json\/wp\/v2\/media?parent=367"}],"curies":[{"name":"wp","href":"https:\/\/api.w.org\/{rel}","templated":true}]}}