{"id":297,"date":"2013-03-20T17:09:10","date_gmt":"2013-03-20T17:09:10","guid":{"rendered":"https:\/\/www.ticketrio.com.br\/site\/?page_id=297"},"modified":"2013-05-02T16:43:15","modified_gmt":"2013-05-02T16:43:15","slug":"show-plataforma-passeio-noturno-rio","status":"publish","type":"page","link":"https:\/\/www.ticketrio.com.br\/site\/ticket-rio-carnival\/citytour-riodejaneiro\/show-plataforma-passeio-noturno-rio\/","title":{"rendered":"SHOW PLATAFORMA"},"content":{"rendered":"<h1><span style=\"color: #003366;\">SHOW PLATAFORMA<\/span><\/h1>\n<p style=\"text-align: justify;\">Show musical de m\u00fasica brasileira, com cantos e dan\u00e7as dos \u00edndios e escravos, resumo do carnaval com mulatas e fantasias. Jantar opcional no restaurante Sol\u00e1rio em Copacabana.<\/p>\n<h2><span style=\"line-height: 1.6em; color: #003366;\">Sa\u00eddas<\/span><\/h2>\n<p>Segunda a S\u00e1bado<\/p>\n<h2><span style=\"color: #003366;\">Dura\u00e7\u00e3o<\/span><\/h2>\n<p>6 horas<\/p>\n<h3><span style=\"color: #ff6600;\">PACOTE SEM JANTAR<\/span><\/h3>\n<p><span style=\"color: #ff6600;\">Inclui:<\/span> transfer in\/out + Ingresso show + guia bilingue<\/p>\n<h3><span style=\"color: #ff6600;\">PACOTE COM JANTAR<\/span><\/h3>\n<p><span style=\"color: #ff6600;\">Inclui:<\/span> transfer in\/out + Ingresso show +jantar no Grill In + guia bilingue<br \/>\n<em><strong>* N\u00e3o inclui bebidas nem sobremesa\u00a0<\/strong><\/em><\/p>\n<div><\/div>\n","protected":false},"excerpt":{"rendered":"<p>SHOW PLATAFORMA Show musical de m\u00fasica brasileira, com cantos e dan\u00e7as dos \u00edndios e escravos, resumo do carnaval com mulatas e fantasias. Jantar opcional no restaurante Sol\u00e1rio em Copacabana. Sa\u00eddas Segunda a S\u00e1bado Dura\u00e7\u00e3o 6 horas PACOTE SEM JANTAR Inclui: transfer in\/out + Ingresso show + guia bilingue PACOTE COM JANTAR Inclui: transfer in\/out + [&hellip;]<\/p>\n","protected":false},"author":1,"featured_media":0,"parent":244,"menu_order":5,"comment_status":"closed","ping_status":"closed","template":"page-full.php","meta":{"ngg_post_thumbnail":0,"footnotes":""},"class_list":["post-297","page","type-page","status-publish","hentry"],"yoast_head":"<!-- This site is optimized with the Yoast SEO plugin v25.9 - https:\/\/yoast.com\/wordpress\/plugins\/seo\/ -->\n<title>SHOW PLATAFORMA - Ticket Rio - Billets Carnaval Rio, Karneval Rio de Janeiro Tickets, Tickets for Rio Carnival Sambadrome, Boletos Carnaval Rio, Entradas Carnaval Rio Samb\u00f3dromo<\/title>\n<meta name=\"description\" content=\"rio carnival sambadrome tickets. Rio Carnaval Samb\u00f3dromo 2018. Rio Carnaval Entradas Samb\u00f3dromo. Rio Parade Tickets. Rio Carnaval billets. Rio karneval tickets. Rio carnavales biglietti.\" \/>\n<meta name=\"robots\" content=\"index, follow, max-snippet:-1, max-image-preview:large, max-video-preview:-1\" \/>\n<link rel=\"canonical\" href=\"https:\/\/www.ticketrio.com.br\/site\/ticket-rio-carnival\/citytour-riodejaneiro\/show-plataforma-passeio-noturno-rio\/\" \/>\n<meta property=\"og:locale\" content=\"es_ES\" \/>\n<meta property=\"og:type\" content=\"article\" \/>\n<meta property=\"og:title\" content=\"SHOW PLATAFORMA - Ticket Rio - Billets Carnaval Rio, Karneval Rio de Janeiro Tickets, Tickets for Rio Carnival Sambadrome, Boletos Carnaval Rio, Entradas Carnaval Rio Samb\u00f3dromo\" \/>\n<meta property=\"og:description\" content=\"rio carnival sambadrome tickets. Rio Carnaval Samb\u00f3dromo 2018. Rio Carnaval Entradas Samb\u00f3dromo. Rio Parade Tickets. Rio Carnaval billets. Rio karneval tickets. Rio carnavales biglietti.\" \/>\n<meta property=\"og:url\" content=\"https:\/\/www.ticketrio.com.br\/site\/ticket-rio-carnival\/citytour-riodejaneiro\/show-plataforma-passeio-noturno-rio\/\" \/>\n<meta property=\"og:site_name\" content=\"Ticket Rio - Billets Carnaval Rio, Karneval Rio de Janeiro Tickets, Tickets for Rio Carnival Sambadrome, Boletos Carnaval Rio, Entradas Carnaval Rio Samb\u00f3dromo\" \/>\n<meta property=\"article:modified_time\" content=\"2013-05-02T16:43:15+00:00\" \/>\n<meta name=\"twitter:card\" content=\"summary_large_image\" \/>\n<script type=\"application\/ld+json\" class=\"yoast-schema-graph\">{\"@context\":\"https:\/\/schema.org\",\"@graph\":[{\"@type\":\"WebPage\",\"@id\":\"https:\/\/www.ticketrio.com.br\/site\/ticket-rio-carnival\/citytour-riodejaneiro\/show-plataforma-passeio-noturno-rio\/\",\"url\":\"https:\/\/www.ticketrio.com.br\/site\/ticket-rio-carnival\/citytour-riodejaneiro\/show-plataforma-passeio-noturno-rio\/\",\"name\":\"SHOW PLATAFORMA - Ticket Rio - Billets Carnaval Rio, Karneval Rio de Janeiro Tickets, Tickets for Rio Carnival Sambadrome, Boletos Carnaval Rio, Entradas Carnaval Rio Samb\u00f3dromo\",\"isPartOf\":{\"@id\":\"https:\/\/www.ticketrio.com.br\/site\/#website\"},\"datePublished\":\"2013-03-20T17:09:10+00:00\",\"dateModified\":\"2013-05-02T16:43:15+00:00\",\"description\":\"rio carnival sambadrome tickets. Rio Carnaval Samb\u00f3dromo 2018. Rio Carnaval Entradas Samb\u00f3dromo. Rio Parade Tickets. Rio Carnaval billets. Rio karneval tickets. Rio carnavales biglietti.\",\"breadcrumb\":{\"@id\":\"https:\/\/www.ticketrio.com.br\/site\/ticket-rio-carnival\/citytour-riodejaneiro\/show-plataforma-passeio-noturno-rio\/#breadcrumb\"},\"inLanguage\":\"es\",\"potentialAction\":[{\"@type\":\"ReadAction\",\"target\":[\"https:\/\/www.ticketrio.com.br\/site\/ticket-rio-carnival\/citytour-riodejaneiro\/show-plataforma-passeio-noturno-rio\/\"]}]},{\"@type\":\"BreadcrumbList\",\"@id\":\"https:\/\/www.ticketrio.com.br\/site\/ticket-rio-carnival\/citytour-riodejaneiro\/show-plataforma-passeio-noturno-rio\/#breadcrumb\",\"itemListElement\":[{\"@type\":\"ListItem\",\"position\":1,\"name\":\"In\u00edcio\",\"item\":\"https:\/\/www.ticketrio.com.br\/site\/\"},{\"@type\":\"ListItem\",\"position\":2,\"name\":\"Ticket Rio\",\"item\":\"https:\/\/www.ticketrio.com.br\/site\/en\/ticket-rio-carnival\/\"},{\"@type\":\"ListItem\",\"position\":3,\"name\":\"Passeios Tur\u00edsticos Rio de Janeiro\",\"item\":\"https:\/\/www.ticketrio.com.br\/site\/ticket-rio-carnival\/citytour-riodejaneiro\/\"},{\"@type\":\"ListItem\",\"position\":4,\"name\":\"SHOW PLATAFORMA\"}]},{\"@type\":\"WebSite\",\"@id\":\"https:\/\/www.ticketrio.com.br\/site\/#website\",\"url\":\"https:\/\/www.ticketrio.com.br\/site\/\",\"name\":\"Ticket Rio - Billets Carnaval Rio, Karneval Rio de Janeiro Tickets, Tickets for Rio Carnival Sambadrome, Boletos Carnaval Rio, Entradas Carnaval Rio Samb\u00f3dromo\",\"description\":\"Billets Carnaval Rio, Karneval Rio de Janeiro Tickets, Tickets for Rio Carnival Sambadrome, Boletos Carnaval Rio, Entradas Carnaval Rio Samb\u00f3dromo\",\"potentialAction\":[{\"@type\":\"SearchAction\",\"target\":{\"@type\":\"EntryPoint\",\"urlTemplate\":\"https:\/\/www.ticketrio.com.br\/site\/?s={search_term_string}\"},\"query-input\":{\"@type\":\"PropertyValueSpecification\",\"valueRequired\":true,\"valueName\":\"search_term_string\"}}],\"inLanguage\":\"es\"}]}<\/script>\n<!-- \/ Yoast SEO plugin. -->","yoast_head_json":{"title":"SHOW PLATAFORMA - Ticket Rio - Billets Carnaval Rio, Karneval Rio de Janeiro Tickets, Tickets for Rio Carnival Sambadrome, Boletos Carnaval Rio, Entradas Carnaval Rio Samb\u00f3dromo","description":"rio carnival sambadrome tickets. Rio Carnaval Samb\u00f3dromo 2018. Rio Carnaval Entradas Samb\u00f3dromo. Rio Parade Tickets. Rio Carnaval billets. Rio karneval tickets. Rio carnavales biglietti.","robots":{"index":"index","follow":"follow","max-snippet":"max-snippet:-1","max-image-preview":"max-image-preview:large","max-video-preview":"max-video-preview:-1"},"canonical":"https:\/\/www.ticketrio.com.br\/site\/ticket-rio-carnival\/citytour-riodejaneiro\/show-plataforma-passeio-noturno-rio\/","og_locale":"es_ES","og_type":"article","og_title":"SHOW PLATAFORMA - Ticket Rio - Billets Carnaval Rio, Karneval Rio de Janeiro Tickets, Tickets for Rio Carnival Sambadrome, Boletos Carnaval Rio, Entradas Carnaval Rio Samb\u00f3dromo","og_description":"rio carnival sambadrome tickets. Rio Carnaval Samb\u00f3dromo 2018. Rio Carnaval Entradas Samb\u00f3dromo. Rio Parade Tickets. Rio Carnaval billets. Rio karneval tickets. Rio carnavales biglietti.","og_url":"https:\/\/www.ticketrio.com.br\/site\/ticket-rio-carnival\/citytour-riodejaneiro\/show-plataforma-passeio-noturno-rio\/","og_site_name":"Ticket Rio - Billets Carnaval Rio, Karneval Rio de Janeiro Tickets, Tickets for Rio Carnival Sambadrome, Boletos Carnaval Rio, Entradas Carnaval Rio Samb\u00f3dromo","article_modified_time":"2013-05-02T16:43:15+00:00","twitter_card":"summary_large_image","schema":{"@context":"https:\/\/schema.org","@graph":[{"@type":"WebPage","@id":"https:\/\/www.ticketrio.com.br\/site\/ticket-rio-carnival\/citytour-riodejaneiro\/show-plataforma-passeio-noturno-rio\/","url":"https:\/\/www.ticketrio.com.br\/site\/ticket-rio-carnival\/citytour-riodejaneiro\/show-plataforma-passeio-noturno-rio\/","name":"SHOW PLATAFORMA - Ticket Rio - Billets Carnaval Rio, Karneval Rio de Janeiro Tickets, Tickets for Rio Carnival Sambadrome, Boletos Carnaval Rio, Entradas Carnaval Rio Samb\u00f3dromo","isPartOf":{"@id":"https:\/\/www.ticketrio.com.br\/site\/#website"},"datePublished":"2013-03-20T17:09:10+00:00","dateModified":"2013-05-02T16:43:15+00:00","description":"rio carnival sambadrome tickets. Rio Carnaval Samb\u00f3dromo 2018. Rio Carnaval Entradas Samb\u00f3dromo. Rio Parade Tickets. Rio Carnaval billets. Rio karneval tickets. Rio carnavales biglietti.","breadcrumb":{"@id":"https:\/\/www.ticketrio.com.br\/site\/ticket-rio-carnival\/citytour-riodejaneiro\/show-plataforma-passeio-noturno-rio\/#breadcrumb"},"inLanguage":"es","potentialAction":[{"@type":"ReadAction","target":["https:\/\/www.ticketrio.com.br\/site\/ticket-rio-carnival\/citytour-riodejaneiro\/show-plataforma-passeio-noturno-rio\/"]}]},{"@type":"BreadcrumbList","@id":"https:\/\/www.ticketrio.com.br\/site\/ticket-rio-carnival\/citytour-riodejaneiro\/show-plataforma-passeio-noturno-rio\/#breadcrumb","itemListElement":[{"@type":"ListItem","position":1,"name":"In\u00edcio","item":"https:\/\/www.ticketrio.com.br\/site\/"},{"@type":"ListItem","position":2,"name":"Ticket Rio","item":"https:\/\/www.ticketrio.com.br\/site\/en\/ticket-rio-carnival\/"},{"@type":"ListItem","position":3,"name":"Passeios Tur\u00edsticos Rio de Janeiro","item":"https:\/\/www.ticketrio.com.br\/site\/ticket-rio-carnival\/citytour-riodejaneiro\/"},{"@type":"ListItem","position":4,"name":"SHOW PLATAFORMA"}]},{"@type":"WebSite","@id":"https:\/\/www.ticketrio.com.br\/site\/#website","url":"https:\/\/www.ticketrio.com.br\/site\/","name":"Ticket Rio - Billets Carnaval Rio, Karneval Rio de Janeiro Tickets, Tickets for Rio Carnival Sambadrome, Boletos Carnaval Rio, Entradas Carnaval Rio Samb\u00f3dromo","description":"Billets Carnaval Rio, Karneval Rio de Janeiro Tickets, Tickets for Rio Carnival Sambadrome, Boletos Carnaval Rio, Entradas Carnaval Rio Samb\u00f3dromo","potentialAction":[{"@type":"SearchAction","target":{"@type":"EntryPoint","urlTemplate":"https:\/\/www.ticketrio.com.br\/site\/?s={search_term_string}"},"query-input":{"@type":"PropertyValueSpecification","valueRequired":true,"valueName":"search_term_string"}}],"inLanguage":"es"}]}},"_links":{"self":[{"href":"https:\/\/www.ticketrio.com.br\/site\/es\/wp-json\/wp\/v2\/pages\/297","targetHints":{"allow":["GET"]}}],"collection":[{"href":"https:\/\/www.ticketrio.com.br\/site\/es\/wp-json\/wp\/v2\/pages"}],"about":[{"href":"https:\/\/www.ticketrio.com.br\/site\/es\/wp-json\/wp\/v2\/types\/page"}],"author":[{"embeddable":true,"href":"https:\/\/www.ticketrio.com.br\/site\/es\/wp-json\/wp\/v2\/users\/1"}],"replies":[{"embeddable":true,"href":"https:\/\/www.ticketrio.com.br\/site\/es\/wp-json\/wp\/v2\/comments?post=297"}],"version-history":[{"count":14,"href":"https:\/\/www.ticketrio.com.br\/site\/es\/wp-json\/wp\/v2\/pages\/297\/revisions"}],"predecessor-version":[{"id":493,"href":"https:\/\/www.ticketrio.com.br\/site\/es\/wp-json\/wp\/v2\/pages\/297\/revisions\/493"}],"up":[{"embeddable":true,"href":"https:\/\/www.ticketrio.com.br\/site\/es\/wp-json\/wp\/v2\/pages\/244"}],"wp:attachment":[{"href":"https:\/\/www.ticketrio.com.br\/site\/es\/wp-json\/wp\/v2\/media?parent=297"}],"curies":[{"name":"wp","href":"https:\/\/api.w.org\/{rel}","templated":true}]}}