{"id":277,"date":"2013-03-20T16:50:00","date_gmt":"2013-03-20T16:50:00","guid":{"rendered":"https:\/\/www.ticketrio.com.br\/site\/?page_id=277"},"modified":"2014-05-26T18:22:33","modified_gmt":"2014-05-26T18:22:33","slug":"pao-de-acucar","status":"publish","type":"page","link":"https:\/\/www.ticketrio.com.br\/site\/ticket-rio-carnival\/citytour-riodejaneiro\/pao-de-acucar\/","title":{"rendered":"P\u00c3O DE A\u00c7\u00daCAR-daytour"},"content":{"rendered":"<h1><span style=\"line-height: 1.6em; color: #003366;\">P\u00c3O DE A\u00c7\u00daCAR COM PRAIAS<\/span><\/h1>\n<h2><span style=\"line-height: 1.6em; color: #003366;\">EXCURS\u00d5ES<\/span><\/h2>\n<p><span style=\"line-height: 1.6em;\">P\u00e3o de A\u00e7\u00facar passando pelas praias<\/span><\/p>\n<h2><span style=\"line-height: 1.6em; color: #003366;\">FREQU\u00caNCIA<\/span><\/h2>\n<p><span style=\"line-height: 1.6em;\">Diariamente de tarde<\/span><\/p>\n<h2><span style=\"color: #003366;\">DURA\u00c7\u00c3O<\/span><\/h2>\n<p>4 horas<\/p>\n<p style=\"text-align: justify;\">O Bondinho do P\u00e3o de A\u00e7\u00facar \u00e9 um telef\u00e9rico localizado na cidade do Rio de Janeiro, no P\u00e3o de A\u00e7\u00facar, inaugurado em 1912.<\/p>\n<p style=\"text-align: justify;\">Subida ao morros da Urca e P\u00e3o-de-a\u00e7\u00facar, por telef\u00e9rico. Visitas ao Maracan\u00e3, Samb\u00f3dromo, Catedral, Centro hist\u00f3rico. Regresso ao local de origem.<\/p>\n<h2 style=\"text-align: justify;\"><span style=\"color: #003366;\"><strong>Observa\u00e7\u00f5es gerais de todos os Passeios:<\/strong><\/span><\/h2>\n<ul>\n<li><span style=\"line-height: 1.6em;\">Crian\u00e7as de 0 a 5 anos FREE<\/span><\/li>\n<li><span style=\"line-height: 1.6em;\">Ve\u00edculos = \u00d4nibus com ar condicionado+ Guia bil\u00edngue<\/span><\/li>\n<li><span style=\"line-height: 1.6em;\">Ve\u00edculos totalmente segurados inclusive para os pax\u2019s<\/span><\/li>\n<li><span style=\"line-height: 1.6em;\">Guia incluso bil\u00edngue<\/span><\/li>\n<li><span style=\"line-height: 1.6em;\">Os passageiros dever\u00e3o aguardar em frente ao Hotel<\/span><\/li>\n<li><span style=\"line-height: 1.6em;\">Pacotes\/Servi\u00e7os n\u00e3o pass\u00edveis de cancelamento.<\/span><\/li>\n<\/ul>\n","protected":false},"excerpt":{"rendered":"<p>P\u00c3O DE A\u00c7\u00daCAR COM PRAIAS EXCURS\u00d5ES P\u00e3o de A\u00e7\u00facar passando pelas praias FREQU\u00caNCIA Diariamente de tarde DURA\u00c7\u00c3O 4 horas O Bondinho do P\u00e3o de A\u00e7\u00facar \u00e9 um telef\u00e9rico localizado na cidade do Rio de Janeiro, no P\u00e3o de A\u00e7\u00facar, inaugurado em 1912. Subida ao morros da Urca e P\u00e3o-de-a\u00e7\u00facar, por telef\u00e9rico. Visitas ao Maracan\u00e3, Samb\u00f3dromo, [&hellip;]<\/p>\n","protected":false},"author":1,"featured_media":0,"parent":244,"menu_order":3,"comment_status":"closed","ping_status":"closed","template":"page-full.php","meta":{"ngg_post_thumbnail":0,"footnotes":""},"class_list":["post-277","page","type-page","status-publish","hentry"],"yoast_head":"<!-- This site is optimized with the Yoast SEO plugin v25.9 - https:\/\/yoast.com\/wordpress\/plugins\/seo\/ -->\n<title>P\u00c3O DE A\u00c7\u00daCAR-daytour - Ticket Rio - Billets Carnaval Rio, Karneval Rio de Janeiro Tickets, Tickets for Rio Carnival Sambadrome, Boletos Carnaval Rio, Entradas Carnaval Rio Samb\u00f3dromo<\/title>\n<meta name=\"description\" content=\"rio carnival sambadrome tickets. Rio Carnaval Samb\u00f3dromo 2018. Rio Carnaval Entradas Samb\u00f3dromo. Rio Parade Tickets. Rio Carnaval billets. Rio karneval tickets. Rio carnavales biglietti.\" \/>\n<meta name=\"robots\" content=\"index, follow, max-snippet:-1, max-image-preview:large, max-video-preview:-1\" \/>\n<link rel=\"canonical\" href=\"https:\/\/www.ticketrio.com.br\/site\/ticket-rio-carnival\/citytour-riodejaneiro\/pao-de-acucar\/\" \/>\n<meta property=\"og:locale\" content=\"es_ES\" \/>\n<meta property=\"og:type\" content=\"article\" \/>\n<meta property=\"og:title\" content=\"P\u00c3O DE A\u00c7\u00daCAR-daytour - Ticket Rio - Billets Carnaval Rio, Karneval Rio de Janeiro Tickets, Tickets for Rio Carnival Sambadrome, Boletos Carnaval Rio, Entradas Carnaval Rio Samb\u00f3dromo\" \/>\n<meta property=\"og:description\" content=\"rio carnival sambadrome tickets. Rio Carnaval Samb\u00f3dromo 2018. Rio Carnaval Entradas Samb\u00f3dromo. Rio Parade Tickets. Rio Carnaval billets. Rio karneval tickets. Rio carnavales biglietti.\" \/>\n<meta property=\"og:url\" content=\"https:\/\/www.ticketrio.com.br\/site\/ticket-rio-carnival\/citytour-riodejaneiro\/pao-de-acucar\/\" \/>\n<meta property=\"og:site_name\" content=\"Ticket Rio - Billets Carnaval Rio, Karneval Rio de Janeiro Tickets, Tickets for Rio Carnival Sambadrome, Boletos Carnaval Rio, Entradas Carnaval Rio Samb\u00f3dromo\" \/>\n<meta property=\"article:modified_time\" content=\"2014-05-26T18:22:33+00:00\" \/>\n<meta name=\"twitter:card\" content=\"summary_large_image\" \/>\n<meta name=\"twitter:label1\" content=\"Tiempo de lectura\" \/>\n\t<meta name=\"twitter:data1\" content=\"1 minuto\" \/>\n<script type=\"application\/ld+json\" class=\"yoast-schema-graph\">{\"@context\":\"https:\/\/schema.org\",\"@graph\":[{\"@type\":\"WebPage\",\"@id\":\"https:\/\/www.ticketrio.com.br\/site\/ticket-rio-carnival\/citytour-riodejaneiro\/pao-de-acucar\/\",\"url\":\"https:\/\/www.ticketrio.com.br\/site\/ticket-rio-carnival\/citytour-riodejaneiro\/pao-de-acucar\/\",\"name\":\"P\u00c3O DE A\u00c7\u00daCAR-daytour - Ticket Rio - Billets Carnaval Rio, Karneval Rio de Janeiro Tickets, Tickets for Rio Carnival Sambadrome, Boletos Carnaval Rio, Entradas Carnaval Rio Samb\u00f3dromo\",\"isPartOf\":{\"@id\":\"https:\/\/www.ticketrio.com.br\/site\/#website\"},\"datePublished\":\"2013-03-20T16:50:00+00:00\",\"dateModified\":\"2014-05-26T18:22:33+00:00\",\"description\":\"rio carnival sambadrome tickets. Rio Carnaval Samb\u00f3dromo 2018. Rio Carnaval Entradas Samb\u00f3dromo. Rio Parade Tickets. Rio Carnaval billets. Rio karneval tickets. Rio carnavales biglietti.\",\"breadcrumb\":{\"@id\":\"https:\/\/www.ticketrio.com.br\/site\/ticket-rio-carnival\/citytour-riodejaneiro\/pao-de-acucar\/#breadcrumb\"},\"inLanguage\":\"es\",\"potentialAction\":[{\"@type\":\"ReadAction\",\"target\":[\"https:\/\/www.ticketrio.com.br\/site\/ticket-rio-carnival\/citytour-riodejaneiro\/pao-de-acucar\/\"]}]},{\"@type\":\"BreadcrumbList\",\"@id\":\"https:\/\/www.ticketrio.com.br\/site\/ticket-rio-carnival\/citytour-riodejaneiro\/pao-de-acucar\/#breadcrumb\",\"itemListElement\":[{\"@type\":\"ListItem\",\"position\":1,\"name\":\"In\u00edcio\",\"item\":\"https:\/\/www.ticketrio.com.br\/site\/\"},{\"@type\":\"ListItem\",\"position\":2,\"name\":\"Ticket Rio\",\"item\":\"https:\/\/www.ticketrio.com.br\/site\/en\/ticket-rio-carnival\/\"},{\"@type\":\"ListItem\",\"position\":3,\"name\":\"Passeios Tur\u00edsticos Rio de Janeiro\",\"item\":\"https:\/\/www.ticketrio.com.br\/site\/ticket-rio-carnival\/citytour-riodejaneiro\/\"},{\"@type\":\"ListItem\",\"position\":4,\"name\":\"P\u00c3O DE A\u00c7\u00daCAR-daytour\"}]},{\"@type\":\"WebSite\",\"@id\":\"https:\/\/www.ticketrio.com.br\/site\/#website\",\"url\":\"https:\/\/www.ticketrio.com.br\/site\/\",\"name\":\"Ticket Rio - Billets Carnaval Rio, Karneval Rio de Janeiro Tickets, Tickets for Rio Carnival Sambadrome, Boletos Carnaval Rio, Entradas Carnaval Rio Samb\u00f3dromo\",\"description\":\"Billets Carnaval Rio, Karneval Rio de Janeiro Tickets, Tickets for Rio Carnival Sambadrome, Boletos Carnaval Rio, Entradas Carnaval Rio Samb\u00f3dromo\",\"potentialAction\":[{\"@type\":\"SearchAction\",\"target\":{\"@type\":\"EntryPoint\",\"urlTemplate\":\"https:\/\/www.ticketrio.com.br\/site\/?s={search_term_string}\"},\"query-input\":{\"@type\":\"PropertyValueSpecification\",\"valueRequired\":true,\"valueName\":\"search_term_string\"}}],\"inLanguage\":\"es\"}]}<\/script>\n<!-- \/ Yoast SEO plugin. -->","yoast_head_json":{"title":"P\u00c3O DE A\u00c7\u00daCAR-daytour - Ticket Rio - Billets Carnaval Rio, Karneval Rio de Janeiro Tickets, Tickets for Rio Carnival Sambadrome, Boletos Carnaval Rio, Entradas Carnaval Rio Samb\u00f3dromo","description":"rio carnival sambadrome tickets. Rio Carnaval Samb\u00f3dromo 2018. Rio Carnaval Entradas Samb\u00f3dromo. Rio Parade Tickets. Rio Carnaval billets. Rio karneval tickets. Rio carnavales biglietti.","robots":{"index":"index","follow":"follow","max-snippet":"max-snippet:-1","max-image-preview":"max-image-preview:large","max-video-preview":"max-video-preview:-1"},"canonical":"https:\/\/www.ticketrio.com.br\/site\/ticket-rio-carnival\/citytour-riodejaneiro\/pao-de-acucar\/","og_locale":"es_ES","og_type":"article","og_title":"P\u00c3O DE A\u00c7\u00daCAR-daytour - Ticket Rio - Billets Carnaval Rio, Karneval Rio de Janeiro Tickets, Tickets for Rio Carnival Sambadrome, Boletos Carnaval Rio, Entradas Carnaval Rio Samb\u00f3dromo","og_description":"rio carnival sambadrome tickets. Rio Carnaval Samb\u00f3dromo 2018. Rio Carnaval Entradas Samb\u00f3dromo. Rio Parade Tickets. Rio Carnaval billets. Rio karneval tickets. Rio carnavales biglietti.","og_url":"https:\/\/www.ticketrio.com.br\/site\/ticket-rio-carnival\/citytour-riodejaneiro\/pao-de-acucar\/","og_site_name":"Ticket Rio - Billets Carnaval Rio, Karneval Rio de Janeiro Tickets, Tickets for Rio Carnival Sambadrome, Boletos Carnaval Rio, Entradas Carnaval Rio Samb\u00f3dromo","article_modified_time":"2014-05-26T18:22:33+00:00","twitter_card":"summary_large_image","twitter_misc":{"Tiempo de lectura":"1 minuto"},"schema":{"@context":"https:\/\/schema.org","@graph":[{"@type":"WebPage","@id":"https:\/\/www.ticketrio.com.br\/site\/ticket-rio-carnival\/citytour-riodejaneiro\/pao-de-acucar\/","url":"https:\/\/www.ticketrio.com.br\/site\/ticket-rio-carnival\/citytour-riodejaneiro\/pao-de-acucar\/","name":"P\u00c3O DE A\u00c7\u00daCAR-daytour - Ticket Rio - Billets Carnaval Rio, Karneval Rio de Janeiro Tickets, Tickets for Rio Carnival Sambadrome, Boletos Carnaval Rio, Entradas Carnaval Rio Samb\u00f3dromo","isPartOf":{"@id":"https:\/\/www.ticketrio.com.br\/site\/#website"},"datePublished":"2013-03-20T16:50:00+00:00","dateModified":"2014-05-26T18:22:33+00:00","description":"rio carnival sambadrome tickets. Rio Carnaval Samb\u00f3dromo 2018. Rio Carnaval Entradas Samb\u00f3dromo. Rio Parade Tickets. Rio Carnaval billets. Rio karneval tickets. Rio carnavales biglietti.","breadcrumb":{"@id":"https:\/\/www.ticketrio.com.br\/site\/ticket-rio-carnival\/citytour-riodejaneiro\/pao-de-acucar\/#breadcrumb"},"inLanguage":"es","potentialAction":[{"@type":"ReadAction","target":["https:\/\/www.ticketrio.com.br\/site\/ticket-rio-carnival\/citytour-riodejaneiro\/pao-de-acucar\/"]}]},{"@type":"BreadcrumbList","@id":"https:\/\/www.ticketrio.com.br\/site\/ticket-rio-carnival\/citytour-riodejaneiro\/pao-de-acucar\/#breadcrumb","itemListElement":[{"@type":"ListItem","position":1,"name":"In\u00edcio","item":"https:\/\/www.ticketrio.com.br\/site\/"},{"@type":"ListItem","position":2,"name":"Ticket Rio","item":"https:\/\/www.ticketrio.com.br\/site\/en\/ticket-rio-carnival\/"},{"@type":"ListItem","position":3,"name":"Passeios Tur\u00edsticos Rio de Janeiro","item":"https:\/\/www.ticketrio.com.br\/site\/ticket-rio-carnival\/citytour-riodejaneiro\/"},{"@type":"ListItem","position":4,"name":"P\u00c3O DE A\u00c7\u00daCAR-daytour"}]},{"@type":"WebSite","@id":"https:\/\/www.ticketrio.com.br\/site\/#website","url":"https:\/\/www.ticketrio.com.br\/site\/","name":"Ticket Rio - Billets Carnaval Rio, Karneval Rio de Janeiro Tickets, Tickets for Rio Carnival Sambadrome, Boletos Carnaval Rio, Entradas Carnaval Rio Samb\u00f3dromo","description":"Billets Carnaval Rio, Karneval Rio de Janeiro Tickets, Tickets for Rio Carnival Sambadrome, Boletos Carnaval Rio, Entradas Carnaval Rio Samb\u00f3dromo","potentialAction":[{"@type":"SearchAction","target":{"@type":"EntryPoint","urlTemplate":"https:\/\/www.ticketrio.com.br\/site\/?s={search_term_string}"},"query-input":{"@type":"PropertyValueSpecification","valueRequired":true,"valueName":"search_term_string"}}],"inLanguage":"es"}]}},"_links":{"self":[{"href":"https:\/\/www.ticketrio.com.br\/site\/es\/wp-json\/wp\/v2\/pages\/277","targetHints":{"allow":["GET"]}}],"collection":[{"href":"https:\/\/www.ticketrio.com.br\/site\/es\/wp-json\/wp\/v2\/pages"}],"about":[{"href":"https:\/\/www.ticketrio.com.br\/site\/es\/wp-json\/wp\/v2\/types\/page"}],"author":[{"embeddable":true,"href":"https:\/\/www.ticketrio.com.br\/site\/es\/wp-json\/wp\/v2\/users\/1"}],"replies":[{"embeddable":true,"href":"https:\/\/www.ticketrio.com.br\/site\/es\/wp-json\/wp\/v2\/comments?post=277"}],"version-history":[{"count":17,"href":"https:\/\/www.ticketrio.com.br\/site\/es\/wp-json\/wp\/v2\/pages\/277\/revisions"}],"predecessor-version":[{"id":866,"href":"https:\/\/www.ticketrio.com.br\/site\/es\/wp-json\/wp\/v2\/pages\/277\/revisions\/866"}],"up":[{"embeddable":true,"href":"https:\/\/www.ticketrio.com.br\/site\/es\/wp-json\/wp\/v2\/pages\/244"}],"wp:attachment":[{"href":"https:\/\/www.ticketrio.com.br\/site\/es\/wp-json\/wp\/v2\/media?parent=277"}],"curies":[{"name":"wp","href":"https:\/\/api.w.org\/{rel}","templated":true}]}}