{"id":254,"date":"2013-03-20T15:45:48","date_gmt":"2013-03-20T15:45:48","guid":{"rendered":"https:\/\/www.ticketrio.com.br\/site\/?page_id=254"},"modified":"2014-05-26T18:21:25","modified_gmt":"2014-05-26T18:21:25","slug":"um-dia-no-rio-de-janeiro","status":"publish","type":"page","link":"https:\/\/www.ticketrio.com.br\/site\/ticket-rio-carnival\/citytour-riodejaneiro\/um-dia-no-rio-de-janeiro\/","title":{"rendered":"UM DIA NO RIO DE JANEIRO"},"content":{"rendered":"<h1><strong><span style=\"color: #003366;\">UM DIA NO RIO DE JANEIRO<\/span><\/strong><\/h1>\n<h2><span style=\"color: #ff6600;\">City Tour, P\u00e3o de A\u00e7\u00facar e Corcovado<\/span><\/h2>\n<h3><span style=\"color: #003366;\"><strong>EXCURS\u00d5ES<\/strong><\/span><\/h3>\n<p>Um Dia no Rio (City Tour Pan, P\u00e3o de A\u00e7ucar, Almo\u00e7o e Corcovado)<\/p>\n<h3><span style=\"color: #003366;\"><strong>FREQU\u00caNCIA<\/strong><\/span><\/h3>\n<p>Diariamente \/ Dia inteiro<\/p>\n<h3><span style=\"color: #003366;\"><strong>DURA\u00c7\u00c3O<\/strong><\/span><\/h3>\n<p>8 horas<\/p>\n<p style=\"text-align: justify;\">Tour pelos principais pontos tur\u00edsticos da Cidade, com subida de telef\u00e9rico aos morros da Urca e P\u00e3o de A\u00e7\u00facar, visitas ao Maracan\u00e3, Samb\u00f3dromo, Catedral e Centro Hist\u00f3rico. Almo\u00e7o em Churrascaria \u00a0em Copacabana (Almo\u00e7o inclu\u00eddo no pre\u00e7o, sem bebidas e sem sobremesa). Subida ao Morro do Corcovado para visita ao Cristo Redentor e retorno pela orla mar\u00edtima at\u00e9 o local de origem.<\/p>\n<h2><span style=\"color: #003366;\"><strong>Observa\u00e7\u00f5es gerais de todos os Passeios:<\/strong><\/span><\/h2>\n<ul>\n<li><span style=\"line-height: 1.6em;\">Crian\u00e7as de 0 a 5 anos FREE<\/span><\/li>\n<li><span style=\"line-height: 1.6em;\">Ve\u00edculos = \u00d4nibus com ar condicionado+ Guia tril\u00edngue<\/span><\/li>\n<li><span style=\"line-height: 1.6em;\">Ve\u00edculos totalmente segurados inclusive para os pax\u2019s<\/span><\/li>\n<li><span style=\"line-height: 1.6em;\">Guia incluso bil\u00edngue<\/span><\/li>\n<li><span style=\"line-height: 1.6em;\">Os passageiros dever\u00e3o aguardar em frente ao Hotel<\/span><\/li>\n<li><span style=\"line-height: 1.6em;\">Pacotes\/Servi\u00e7os n\u00e3o pass\u00edveis de cancelamento.<\/span><\/li>\n<\/ul>\n","protected":false},"excerpt":{"rendered":"<p>UM DIA NO RIO DE JANEIRO City Tour, P\u00e3o de A\u00e7\u00facar e Corcovado EXCURS\u00d5ES Um Dia no Rio (City Tour Pan, P\u00e3o de A\u00e7ucar, Almo\u00e7o e Corcovado) FREQU\u00caNCIA Diariamente \/ Dia inteiro DURA\u00c7\u00c3O 8 horas Tour pelos principais pontos tur\u00edsticos da Cidade, com subida de telef\u00e9rico aos morros da Urca e P\u00e3o de A\u00e7\u00facar, visitas [&hellip;]<\/p>\n","protected":false},"author":1,"featured_media":0,"parent":244,"menu_order":1,"comment_status":"closed","ping_status":"closed","template":"page-full.php","meta":{"ngg_post_thumbnail":0,"footnotes":""},"class_list":["post-254","page","type-page","status-publish","hentry"],"yoast_head":"<!-- This site is optimized with the Yoast SEO plugin v25.9 - https:\/\/yoast.com\/wordpress\/plugins\/seo\/ -->\n<title>UM DIA NO RIO DE JANEIRO - Ticket Rio - Billets Carnaval Rio, Karneval Rio de Janeiro Tickets, Tickets for Rio Carnival Sambadrome, Boletos Carnaval Rio, Entradas Carnaval Rio Samb\u00f3dromo<\/title>\n<meta name=\"description\" content=\"rio carnival sambadrome tickets. Rio Carnaval Samb\u00f3dromo 2018. Rio Carnaval Entradas Samb\u00f3dromo. Rio Parade Tickets. Rio Carnaval billets. Rio karneval tickets. Rio carnavales biglietti.\" \/>\n<meta name=\"robots\" content=\"index, follow, max-snippet:-1, max-image-preview:large, max-video-preview:-1\" \/>\n<link rel=\"canonical\" href=\"https:\/\/www.ticketrio.com.br\/site\/ticket-rio-carnival\/citytour-riodejaneiro\/um-dia-no-rio-de-janeiro\/\" \/>\n<meta property=\"og:locale\" content=\"es_ES\" \/>\n<meta property=\"og:type\" content=\"article\" \/>\n<meta property=\"og:title\" content=\"UM DIA NO RIO DE JANEIRO - Ticket Rio - Billets Carnaval Rio, Karneval Rio de Janeiro Tickets, Tickets for Rio Carnival Sambadrome, Boletos Carnaval Rio, Entradas Carnaval Rio Samb\u00f3dromo\" \/>\n<meta property=\"og:description\" content=\"rio carnival sambadrome tickets. Rio Carnaval Samb\u00f3dromo 2018. Rio Carnaval Entradas Samb\u00f3dromo. Rio Parade Tickets. Rio Carnaval billets. Rio karneval tickets. Rio carnavales biglietti.\" \/>\n<meta property=\"og:url\" content=\"https:\/\/www.ticketrio.com.br\/site\/ticket-rio-carnival\/citytour-riodejaneiro\/um-dia-no-rio-de-janeiro\/\" \/>\n<meta property=\"og:site_name\" content=\"Ticket Rio - Billets Carnaval Rio, Karneval Rio de Janeiro Tickets, Tickets for Rio Carnival Sambadrome, Boletos Carnaval Rio, Entradas Carnaval Rio Samb\u00f3dromo\" \/>\n<meta property=\"article:modified_time\" content=\"2014-05-26T18:21:25+00:00\" \/>\n<meta name=\"twitter:card\" content=\"summary_large_image\" \/>\n<meta name=\"twitter:label1\" content=\"Tiempo de lectura\" \/>\n\t<meta name=\"twitter:data1\" content=\"1 minuto\" \/>\n<script type=\"application\/ld+json\" class=\"yoast-schema-graph\">{\"@context\":\"https:\/\/schema.org\",\"@graph\":[{\"@type\":\"WebPage\",\"@id\":\"https:\/\/www.ticketrio.com.br\/site\/ticket-rio-carnival\/citytour-riodejaneiro\/um-dia-no-rio-de-janeiro\/\",\"url\":\"https:\/\/www.ticketrio.com.br\/site\/ticket-rio-carnival\/citytour-riodejaneiro\/um-dia-no-rio-de-janeiro\/\",\"name\":\"UM DIA NO RIO DE JANEIRO - Ticket Rio - Billets Carnaval Rio, Karneval Rio de Janeiro Tickets, Tickets for Rio Carnival Sambadrome, Boletos Carnaval Rio, Entradas Carnaval Rio Samb\u00f3dromo\",\"isPartOf\":{\"@id\":\"https:\/\/www.ticketrio.com.br\/site\/#website\"},\"datePublished\":\"2013-03-20T15:45:48+00:00\",\"dateModified\":\"2014-05-26T18:21:25+00:00\",\"description\":\"rio carnival sambadrome tickets. Rio Carnaval Samb\u00f3dromo 2018. Rio Carnaval Entradas Samb\u00f3dromo. Rio Parade Tickets. Rio Carnaval billets. Rio karneval tickets. Rio carnavales biglietti.\",\"breadcrumb\":{\"@id\":\"https:\/\/www.ticketrio.com.br\/site\/ticket-rio-carnival\/citytour-riodejaneiro\/um-dia-no-rio-de-janeiro\/#breadcrumb\"},\"inLanguage\":\"es\",\"potentialAction\":[{\"@type\":\"ReadAction\",\"target\":[\"https:\/\/www.ticketrio.com.br\/site\/ticket-rio-carnival\/citytour-riodejaneiro\/um-dia-no-rio-de-janeiro\/\"]}]},{\"@type\":\"BreadcrumbList\",\"@id\":\"https:\/\/www.ticketrio.com.br\/site\/ticket-rio-carnival\/citytour-riodejaneiro\/um-dia-no-rio-de-janeiro\/#breadcrumb\",\"itemListElement\":[{\"@type\":\"ListItem\",\"position\":1,\"name\":\"In\u00edcio\",\"item\":\"https:\/\/www.ticketrio.com.br\/site\/\"},{\"@type\":\"ListItem\",\"position\":2,\"name\":\"Ticket Rio\",\"item\":\"https:\/\/www.ticketrio.com.br\/site\/en\/ticket-rio-carnival\/\"},{\"@type\":\"ListItem\",\"position\":3,\"name\":\"Passeios Tur\u00edsticos Rio de Janeiro\",\"item\":\"https:\/\/www.ticketrio.com.br\/site\/ticket-rio-carnival\/citytour-riodejaneiro\/\"},{\"@type\":\"ListItem\",\"position\":4,\"name\":\"UM DIA NO RIO DE JANEIRO\"}]},{\"@type\":\"WebSite\",\"@id\":\"https:\/\/www.ticketrio.com.br\/site\/#website\",\"url\":\"https:\/\/www.ticketrio.com.br\/site\/\",\"name\":\"Ticket Rio - Billets Carnaval Rio, Karneval Rio de Janeiro Tickets, Tickets for Rio Carnival Sambadrome, Boletos Carnaval Rio, Entradas Carnaval Rio Samb\u00f3dromo\",\"description\":\"Billets Carnaval Rio, Karneval Rio de Janeiro Tickets, Tickets for Rio Carnival Sambadrome, Boletos Carnaval Rio, Entradas Carnaval Rio Samb\u00f3dromo\",\"potentialAction\":[{\"@type\":\"SearchAction\",\"target\":{\"@type\":\"EntryPoint\",\"urlTemplate\":\"https:\/\/www.ticketrio.com.br\/site\/?s={search_term_string}\"},\"query-input\":{\"@type\":\"PropertyValueSpecification\",\"valueRequired\":true,\"valueName\":\"search_term_string\"}}],\"inLanguage\":\"es\"}]}<\/script>\n<!-- \/ Yoast SEO plugin. -->","yoast_head_json":{"title":"UM DIA NO RIO DE JANEIRO - Ticket Rio - Billets Carnaval Rio, Karneval Rio de Janeiro Tickets, Tickets for Rio Carnival Sambadrome, Boletos Carnaval Rio, Entradas Carnaval Rio Samb\u00f3dromo","description":"rio carnival sambadrome tickets. Rio Carnaval Samb\u00f3dromo 2018. Rio Carnaval Entradas Samb\u00f3dromo. Rio Parade Tickets. Rio Carnaval billets. Rio karneval tickets. Rio carnavales biglietti.","robots":{"index":"index","follow":"follow","max-snippet":"max-snippet:-1","max-image-preview":"max-image-preview:large","max-video-preview":"max-video-preview:-1"},"canonical":"https:\/\/www.ticketrio.com.br\/site\/ticket-rio-carnival\/citytour-riodejaneiro\/um-dia-no-rio-de-janeiro\/","og_locale":"es_ES","og_type":"article","og_title":"UM DIA NO RIO DE JANEIRO - Ticket Rio - Billets Carnaval Rio, Karneval Rio de Janeiro Tickets, Tickets for Rio Carnival Sambadrome, Boletos Carnaval Rio, Entradas Carnaval Rio Samb\u00f3dromo","og_description":"rio carnival sambadrome tickets. Rio Carnaval Samb\u00f3dromo 2018. Rio Carnaval Entradas Samb\u00f3dromo. Rio Parade Tickets. Rio Carnaval billets. Rio karneval tickets. Rio carnavales biglietti.","og_url":"https:\/\/www.ticketrio.com.br\/site\/ticket-rio-carnival\/citytour-riodejaneiro\/um-dia-no-rio-de-janeiro\/","og_site_name":"Ticket Rio - Billets Carnaval Rio, Karneval Rio de Janeiro Tickets, Tickets for Rio Carnival Sambadrome, Boletos Carnaval Rio, Entradas Carnaval Rio Samb\u00f3dromo","article_modified_time":"2014-05-26T18:21:25+00:00","twitter_card":"summary_large_image","twitter_misc":{"Tiempo de lectura":"1 minuto"},"schema":{"@context":"https:\/\/schema.org","@graph":[{"@type":"WebPage","@id":"https:\/\/www.ticketrio.com.br\/site\/ticket-rio-carnival\/citytour-riodejaneiro\/um-dia-no-rio-de-janeiro\/","url":"https:\/\/www.ticketrio.com.br\/site\/ticket-rio-carnival\/citytour-riodejaneiro\/um-dia-no-rio-de-janeiro\/","name":"UM DIA NO RIO DE JANEIRO - Ticket Rio - Billets Carnaval Rio, Karneval Rio de Janeiro Tickets, Tickets for Rio Carnival Sambadrome, Boletos Carnaval Rio, Entradas Carnaval Rio Samb\u00f3dromo","isPartOf":{"@id":"https:\/\/www.ticketrio.com.br\/site\/#website"},"datePublished":"2013-03-20T15:45:48+00:00","dateModified":"2014-05-26T18:21:25+00:00","description":"rio carnival sambadrome tickets. Rio Carnaval Samb\u00f3dromo 2018. Rio Carnaval Entradas Samb\u00f3dromo. Rio Parade Tickets. Rio Carnaval billets. Rio karneval tickets. Rio carnavales biglietti.","breadcrumb":{"@id":"https:\/\/www.ticketrio.com.br\/site\/ticket-rio-carnival\/citytour-riodejaneiro\/um-dia-no-rio-de-janeiro\/#breadcrumb"},"inLanguage":"es","potentialAction":[{"@type":"ReadAction","target":["https:\/\/www.ticketrio.com.br\/site\/ticket-rio-carnival\/citytour-riodejaneiro\/um-dia-no-rio-de-janeiro\/"]}]},{"@type":"BreadcrumbList","@id":"https:\/\/www.ticketrio.com.br\/site\/ticket-rio-carnival\/citytour-riodejaneiro\/um-dia-no-rio-de-janeiro\/#breadcrumb","itemListElement":[{"@type":"ListItem","position":1,"name":"In\u00edcio","item":"https:\/\/www.ticketrio.com.br\/site\/"},{"@type":"ListItem","position":2,"name":"Ticket Rio","item":"https:\/\/www.ticketrio.com.br\/site\/en\/ticket-rio-carnival\/"},{"@type":"ListItem","position":3,"name":"Passeios Tur\u00edsticos Rio de Janeiro","item":"https:\/\/www.ticketrio.com.br\/site\/ticket-rio-carnival\/citytour-riodejaneiro\/"},{"@type":"ListItem","position":4,"name":"UM DIA NO RIO DE JANEIRO"}]},{"@type":"WebSite","@id":"https:\/\/www.ticketrio.com.br\/site\/#website","url":"https:\/\/www.ticketrio.com.br\/site\/","name":"Ticket Rio - Billets Carnaval Rio, Karneval Rio de Janeiro Tickets, Tickets for Rio Carnival Sambadrome, Boletos Carnaval Rio, Entradas Carnaval Rio Samb\u00f3dromo","description":"Billets Carnaval Rio, Karneval Rio de Janeiro Tickets, Tickets for Rio Carnival Sambadrome, Boletos Carnaval Rio, Entradas Carnaval Rio Samb\u00f3dromo","potentialAction":[{"@type":"SearchAction","target":{"@type":"EntryPoint","urlTemplate":"https:\/\/www.ticketrio.com.br\/site\/?s={search_term_string}"},"query-input":{"@type":"PropertyValueSpecification","valueRequired":true,"valueName":"search_term_string"}}],"inLanguage":"es"}]}},"_links":{"self":[{"href":"https:\/\/www.ticketrio.com.br\/site\/es\/wp-json\/wp\/v2\/pages\/254","targetHints":{"allow":["GET"]}}],"collection":[{"href":"https:\/\/www.ticketrio.com.br\/site\/es\/wp-json\/wp\/v2\/pages"}],"about":[{"href":"https:\/\/www.ticketrio.com.br\/site\/es\/wp-json\/wp\/v2\/types\/page"}],"author":[{"embeddable":true,"href":"https:\/\/www.ticketrio.com.br\/site\/es\/wp-json\/wp\/v2\/users\/1"}],"replies":[{"embeddable":true,"href":"https:\/\/www.ticketrio.com.br\/site\/es\/wp-json\/wp\/v2\/comments?post=254"}],"version-history":[{"count":28,"href":"https:\/\/www.ticketrio.com.br\/site\/es\/wp-json\/wp\/v2\/pages\/254\/revisions"}],"predecessor-version":[{"id":864,"href":"https:\/\/www.ticketrio.com.br\/site\/es\/wp-json\/wp\/v2\/pages\/254\/revisions\/864"}],"up":[{"embeddable":true,"href":"https:\/\/www.ticketrio.com.br\/site\/es\/wp-json\/wp\/v2\/pages\/244"}],"wp:attachment":[{"href":"https:\/\/www.ticketrio.com.br\/site\/es\/wp-json\/wp\/v2\/media?parent=254"}],"curies":[{"name":"wp","href":"https:\/\/api.w.org\/{rel}","templated":true}]}}