{"id":500,"date":"2013-05-02T18:20:28","date_gmt":"2013-05-02T18:20:28","guid":{"rendered":"https:\/\/www.ticketrio.com.br\/site\/?page_id=500"},"modified":"2025-10-14T18:55:59","modified_gmt":"2025-10-14T18:55:59","slug":"hoteis-carnaval-rio","status":"publish","type":"page","link":"https:\/\/www.ticketrio.com.br\/site\/ingressos-carnaval-sambodromo-rj\/hoteis-carnaval-rio\/","title":{"rendered":"Hot\u00e9is Rio"},"content":{"rendered":"<h1><span style=\"color: #ff9900;\"><strong>HOT\u00c9IS<\/strong><\/span><\/h1>\n<p>Com a finalidade de atender e proporcionar os seus clientes conforto e comodidade, a Ticket rio buscou parceria com as maiores redes de hot\u00e9is da cidade do Rio de Janeiro, buscando assim uma forma de melhor atend\u00ea-los.<\/p>\n<p><span style=\"color: #0000ff;\">Riale Vila Mar Copacabana<\/span><br \/>\n\u00c8 o hotel que alugamos o salao de eventos durante o carnaval. Rua Bolivar, 75 Copacabana.&nbsp;<br \/>\nO Riale Vilamar Copacabana possui excelente localiza\u00e7\u00e3o em Copacabana, praticidade, conforto, seguran\u00e7a e eleg\u00e2ncia, proporcionando uma experi\u00eancia completa de hospedagem.<br \/>\nO Hotel em Copacabana da Rede Riale \u00e9 a escolha perfeita para quem deseja explorar o Rio de Janeiro, aproveitar cada momento da viagem e viver uma Experi\u00eancia Riale inesquec\u00edvel.<\/p>\n<h3><span style=\"color: #0000ff;\"><strong style=\"line-height: 1.6em;\">Rede Othon<\/strong><\/span><\/h3>\n<p>Presente no mercado desde 1943 a Rede Othon oferece aos seus clientes luxo, conforto e excel\u00eancia na presta\u00e7\u00e3o de seus servi\u00e7os, sendo assim considerada uma das maiores redes de hot\u00e9is da Am\u00e9rica do Sul.<\/p>\n<p>Os hot\u00e9is da Rede Othon s\u00e3o divididos nas seguintes categorias: Othon Palace, Othon Classic, Othon Travel, Othon Su\u00edtes e Othon Pousadas.<\/p>\n<h3><span style=\"color: #0000ff;\"><strong style=\"line-height: 1.6em;\">Rede Windsor<\/strong><\/span><\/h3>\n<p>Na cidade do Rio de Janeiro \u00e9 uma das l\u00edderes do mercado.<\/p>\n<p><span style=\"line-height: 1.6em;\">Oferecendo aos seus clientes servi\u00e7os de hospitalidade e eventos com excel\u00eancia. Atualmente \u00e9 a rede que mais se dedica a atender ao p\u00fablico empresarial, tendo seus hot\u00e9is nos principais pontos da cidade.<\/span><\/p>\n<p>Os hot\u00e9is da Rede Windsor na cidade s\u00e3o: Windsor Leme Hotel, Windsor Barra, Windsor Atl\u00e2ntica, Windsor Excelsior, Windsor Miramar, Windsor Plaza, Windsor Palace, Windsor Martinique, Windsor Copa Hotel, Windsor Florida, Windsor Asturias e Windsor Guanabara.<\/p>\n<h3><span style=\"color: #0000ff;\"><strong style=\"line-height: 1.6em;\">Hotel Royalty Barra<\/strong><\/span><\/h3>\n<p>Localizado na Barra da Tijuca, o Hotel Royalty Barra encontra-se de frente para a praia, sendo um moderno e confort\u00e1vel hotel 4 estrelas, onde voc\u00ea poder\u00e1 desfrutar de dias maravilhosos, com muito conforto e tranquilidade.<\/p>\n<h3><span style=\"color: #0000ff;\"><strong style=\"line-height: 1.6em;\">Hotel Ritz<\/strong><\/span><\/h3>\n<p><span style=\"line-height: 1.6em;\">Localizado no bairro do Leblon, o Hotel Ritz possui uma estrutura completa para atender aos seus clientes oferecendo uma hospedagem no padr\u00e3o 4 estrelas em apartamentos confort\u00e1veis e completos. A \u00e1rea de lazer do hotel oferece sauna, piscina, sala de gin\u00e1stica e um charmoso Bar tropical no lobby do hotel.<\/span><\/p>\n<h3><span style=\"color: #0000ff;\"><strong style=\"line-height: 1.6em;\">Mercure Arpoador<\/strong><\/span><\/h3>\n<p><strong>&nbsp;<\/strong><span style=\"line-height: 1.6em;\">O Hotel Mercure Rio de Janeiro Arpoador est\u00e1 localizado na Rua Francisco Otaviano, que interliga a Av. Vieira Souto em Ipanema \u00e0 Av. Atl\u00e2ntica em Copacabana, ao lado da Pedra do Arpoador e do Forte de Copacabana, onde fica a Confeitaria Colombo. Pr\u00f3ximo ao hotel est\u00e3o as melhores op\u00e7\u00f5es da cidade em lojas, bares e restaurantes. O hotel fica pr\u00f3ximo \u00e0 Pra\u00e7a General Os\u00f3rio que, aos domingos recebe a famosa feira de artesanato. F\u00e1cil acesso aos principais pontos tur\u00edsticos da cidade.<\/span><\/p>\n<p>&nbsp;<\/p>\n","protected":false},"excerpt":{"rendered":"<p>HOT\u00c9IS Com a finalidade de atender e proporcionar os seus clientes conforto e comodidade, a Ticket rio buscou parceria com as maiores redes de hot\u00e9is da cidade do Rio de Janeiro, buscando assim uma forma de melhor atend\u00ea-los. Riale Vila Mar Copacabana \u00c8 o hotel que alugamos o salao de eventos durante o carnaval. Rua [&hellip;]<\/p>\n","protected":false},"author":1,"featured_media":0,"parent":147,"menu_order":9,"comment_status":"closed","ping_status":"closed","template":"page-full.php","meta":{"ngg_post_thumbnail":0,"footnotes":""},"class_list":["post-500","page","type-page","status-publish","hentry"],"yoast_head":"<!-- This site is optimized with the Yoast SEO plugin v25.9 - https:\/\/yoast.com\/wordpress\/plugins\/seo\/ -->\n<title>Hot\u00e9is Rio - Ticket Rio - Billets Carnaval Rio, Karneval Rio de Janeiro Tickets, Tickets for Rio Carnival Sambadrome, Boletos Carnaval Rio, Entradas Carnaval Rio Samb\u00f3dromo<\/title>\n<meta name=\"description\" content=\"rio carnival sambadrome tickets. Rio Carnaval Samb\u00f3dromo 2018. Rio Carnaval Entradas Samb\u00f3dromo. Rio Parade Tickets. Rio Carnaval billets. Rio karneval tickets. Rio carnavales biglietti.\" \/>\n<meta name=\"robots\" content=\"index, follow, max-snippet:-1, max-image-preview:large, max-video-preview:-1\" \/>\n<link rel=\"canonical\" href=\"https:\/\/www.ticketrio.com.br\/site\/ingressos-carnaval-sambodromo-rj\/hoteis-carnaval-rio\/\" \/>\n<meta property=\"og:locale\" content=\"de_DE\" \/>\n<meta property=\"og:type\" content=\"article\" \/>\n<meta property=\"og:title\" content=\"Hot\u00e9is Rio - Ticket Rio - Billets Carnaval Rio, Karneval Rio de Janeiro Tickets, Tickets for Rio Carnival Sambadrome, Boletos Carnaval Rio, Entradas Carnaval Rio Samb\u00f3dromo\" \/>\n<meta property=\"og:description\" content=\"rio carnival sambadrome tickets. Rio Carnaval Samb\u00f3dromo 2018. Rio Carnaval Entradas Samb\u00f3dromo. Rio Parade Tickets. Rio Carnaval billets. Rio karneval tickets. Rio carnavales biglietti.\" \/>\n<meta property=\"og:url\" content=\"https:\/\/www.ticketrio.com.br\/site\/ingressos-carnaval-sambodromo-rj\/hoteis-carnaval-rio\/\" \/>\n<meta property=\"og:site_name\" content=\"Ticket Rio - Billets Carnaval Rio, Karneval Rio de Janeiro Tickets, Tickets for Rio Carnival Sambadrome, Boletos Carnaval Rio, Entradas Carnaval Rio Samb\u00f3dromo\" \/>\n<meta property=\"article:modified_time\" content=\"2025-10-14T18:55:59+00:00\" \/>\n<meta name=\"twitter:card\" content=\"summary_large_image\" \/>\n<meta name=\"twitter:label1\" content=\"Gesch\u00e4tzte Lesezeit\" \/>\n\t<meta name=\"twitter:data1\" content=\"3\u00a0Minuten\" \/>\n<script type=\"application\/ld+json\" class=\"yoast-schema-graph\">{\"@context\":\"https:\/\/schema.org\",\"@graph\":[{\"@type\":\"WebPage\",\"@id\":\"https:\/\/www.ticketrio.com.br\/site\/ingressos-carnaval-sambodromo-rj\/hoteis-carnaval-rio\/\",\"url\":\"https:\/\/www.ticketrio.com.br\/site\/ingressos-carnaval-sambodromo-rj\/hoteis-carnaval-rio\/\",\"name\":\"Hot\u00e9is Rio - Ticket Rio - Billets Carnaval Rio, Karneval Rio de Janeiro Tickets, Tickets for Rio Carnival Sambadrome, Boletos Carnaval Rio, Entradas Carnaval Rio Samb\u00f3dromo\",\"isPartOf\":{\"@id\":\"https:\/\/www.ticketrio.com.br\/site\/#website\"},\"datePublished\":\"2013-05-02T18:20:28+00:00\",\"dateModified\":\"2025-10-14T18:55:59+00:00\",\"description\":\"rio carnival sambadrome tickets. Rio Carnaval Samb\u00f3dromo 2018. Rio Carnaval Entradas Samb\u00f3dromo. Rio Parade Tickets. Rio Carnaval billets. Rio karneval tickets. Rio carnavales biglietti.\",\"breadcrumb\":{\"@id\":\"https:\/\/www.ticketrio.com.br\/site\/ingressos-carnaval-sambodromo-rj\/hoteis-carnaval-rio\/#breadcrumb\"},\"inLanguage\":\"de\",\"potentialAction\":[{\"@type\":\"ReadAction\",\"target\":[\"https:\/\/www.ticketrio.com.br\/site\/ingressos-carnaval-sambodromo-rj\/hoteis-carnaval-rio\/\"]}]},{\"@type\":\"BreadcrumbList\",\"@id\":\"https:\/\/www.ticketrio.com.br\/site\/ingressos-carnaval-sambodromo-rj\/hoteis-carnaval-rio\/#breadcrumb\",\"itemListElement\":[{\"@type\":\"ListItem\",\"position\":1,\"name\":\"In\u00edcio\",\"item\":\"https:\/\/www.ticketrio.com.br\/site\/\"},{\"@type\":\"ListItem\",\"position\":2,\"name\":\"Sambodromo\",\"item\":\"https:\/\/www.ticketrio.com.br\/site\/ingressos-carnaval-sambodromo-rj\/\"},{\"@type\":\"ListItem\",\"position\":3,\"name\":\"Hot\u00e9is Rio\"}]},{\"@type\":\"WebSite\",\"@id\":\"https:\/\/www.ticketrio.com.br\/site\/#website\",\"url\":\"https:\/\/www.ticketrio.com.br\/site\/\",\"name\":\"Ticket Rio - Billets Carnaval Rio, Karneval Rio de Janeiro Tickets, Tickets for Rio Carnival Sambadrome, Boletos Carnaval Rio, Entradas Carnaval Rio Samb\u00f3dromo\",\"description\":\"Billets Carnaval Rio, Karneval Rio de Janeiro Tickets, Tickets for Rio Carnival Sambadrome, Boletos Carnaval Rio, Entradas Carnaval Rio Samb\u00f3dromo\",\"potentialAction\":[{\"@type\":\"SearchAction\",\"target\":{\"@type\":\"EntryPoint\",\"urlTemplate\":\"https:\/\/www.ticketrio.com.br\/site\/?s={search_term_string}\"},\"query-input\":{\"@type\":\"PropertyValueSpecification\",\"valueRequired\":true,\"valueName\":\"search_term_string\"}}],\"inLanguage\":\"de\"}]}<\/script>\n<!-- \/ Yoast SEO plugin. -->","yoast_head_json":{"title":"Hot\u00e9is Rio - Ticket Rio - Billets Carnaval Rio, Karneval Rio de Janeiro Tickets, Tickets for Rio Carnival Sambadrome, Boletos Carnaval Rio, Entradas Carnaval Rio Samb\u00f3dromo","description":"rio carnival sambadrome tickets. Rio Carnaval Samb\u00f3dromo 2018. Rio Carnaval Entradas Samb\u00f3dromo. Rio Parade Tickets. Rio Carnaval billets. Rio karneval tickets. Rio carnavales biglietti.","robots":{"index":"index","follow":"follow","max-snippet":"max-snippet:-1","max-image-preview":"max-image-preview:large","max-video-preview":"max-video-preview:-1"},"canonical":"https:\/\/www.ticketrio.com.br\/site\/ingressos-carnaval-sambodromo-rj\/hoteis-carnaval-rio\/","og_locale":"de_DE","og_type":"article","og_title":"Hot\u00e9is Rio - Ticket Rio - Billets Carnaval Rio, Karneval Rio de Janeiro Tickets, Tickets for Rio Carnival Sambadrome, Boletos Carnaval Rio, Entradas Carnaval Rio Samb\u00f3dromo","og_description":"rio carnival sambadrome tickets. Rio Carnaval Samb\u00f3dromo 2018. Rio Carnaval Entradas Samb\u00f3dromo. Rio Parade Tickets. Rio Carnaval billets. Rio karneval tickets. Rio carnavales biglietti.","og_url":"https:\/\/www.ticketrio.com.br\/site\/ingressos-carnaval-sambodromo-rj\/hoteis-carnaval-rio\/","og_site_name":"Ticket Rio - Billets Carnaval Rio, Karneval Rio de Janeiro Tickets, Tickets for Rio Carnival Sambadrome, Boletos Carnaval Rio, Entradas Carnaval Rio Samb\u00f3dromo","article_modified_time":"2025-10-14T18:55:59+00:00","twitter_card":"summary_large_image","twitter_misc":{"Gesch\u00e4tzte Lesezeit":"3\u00a0Minuten"},"schema":{"@context":"https:\/\/schema.org","@graph":[{"@type":"WebPage","@id":"https:\/\/www.ticketrio.com.br\/site\/ingressos-carnaval-sambodromo-rj\/hoteis-carnaval-rio\/","url":"https:\/\/www.ticketrio.com.br\/site\/ingressos-carnaval-sambodromo-rj\/hoteis-carnaval-rio\/","name":"Hot\u00e9is Rio - Ticket Rio - Billets Carnaval Rio, Karneval Rio de Janeiro Tickets, Tickets for Rio Carnival Sambadrome, Boletos Carnaval Rio, Entradas Carnaval Rio Samb\u00f3dromo","isPartOf":{"@id":"https:\/\/www.ticketrio.com.br\/site\/#website"},"datePublished":"2013-05-02T18:20:28+00:00","dateModified":"2025-10-14T18:55:59+00:00","description":"rio carnival sambadrome tickets. Rio Carnaval Samb\u00f3dromo 2018. Rio Carnaval Entradas Samb\u00f3dromo. Rio Parade Tickets. Rio Carnaval billets. Rio karneval tickets. Rio carnavales biglietti.","breadcrumb":{"@id":"https:\/\/www.ticketrio.com.br\/site\/ingressos-carnaval-sambodromo-rj\/hoteis-carnaval-rio\/#breadcrumb"},"inLanguage":"de","potentialAction":[{"@type":"ReadAction","target":["https:\/\/www.ticketrio.com.br\/site\/ingressos-carnaval-sambodromo-rj\/hoteis-carnaval-rio\/"]}]},{"@type":"BreadcrumbList","@id":"https:\/\/www.ticketrio.com.br\/site\/ingressos-carnaval-sambodromo-rj\/hoteis-carnaval-rio\/#breadcrumb","itemListElement":[{"@type":"ListItem","position":1,"name":"In\u00edcio","item":"https:\/\/www.ticketrio.com.br\/site\/"},{"@type":"ListItem","position":2,"name":"Sambodromo","item":"https:\/\/www.ticketrio.com.br\/site\/ingressos-carnaval-sambodromo-rj\/"},{"@type":"ListItem","position":3,"name":"Hot\u00e9is Rio"}]},{"@type":"WebSite","@id":"https:\/\/www.ticketrio.com.br\/site\/#website","url":"https:\/\/www.ticketrio.com.br\/site\/","name":"Ticket Rio - Billets Carnaval Rio, Karneval Rio de Janeiro Tickets, Tickets for Rio Carnival Sambadrome, Boletos Carnaval Rio, Entradas Carnaval Rio Samb\u00f3dromo","description":"Billets Carnaval Rio, Karneval Rio de Janeiro Tickets, Tickets for Rio Carnival Sambadrome, Boletos Carnaval Rio, Entradas Carnaval Rio Samb\u00f3dromo","potentialAction":[{"@type":"SearchAction","target":{"@type":"EntryPoint","urlTemplate":"https:\/\/www.ticketrio.com.br\/site\/?s={search_term_string}"},"query-input":{"@type":"PropertyValueSpecification","valueRequired":true,"valueName":"search_term_string"}}],"inLanguage":"de"}]}},"_links":{"self":[{"href":"https:\/\/www.ticketrio.com.br\/site\/de\/wp-json\/wp\/v2\/pages\/500","targetHints":{"allow":["GET"]}}],"collection":[{"href":"https:\/\/www.ticketrio.com.br\/site\/de\/wp-json\/wp\/v2\/pages"}],"about":[{"href":"https:\/\/www.ticketrio.com.br\/site\/de\/wp-json\/wp\/v2\/types\/page"}],"author":[{"embeddable":true,"href":"https:\/\/www.ticketrio.com.br\/site\/de\/wp-json\/wp\/v2\/users\/1"}],"replies":[{"embeddable":true,"href":"https:\/\/www.ticketrio.com.br\/site\/de\/wp-json\/wp\/v2\/comments?post=500"}],"version-history":[{"count":21,"href":"https:\/\/www.ticketrio.com.br\/site\/de\/wp-json\/wp\/v2\/pages\/500\/revisions"}],"predecessor-version":[{"id":2710,"href":"https:\/\/www.ticketrio.com.br\/site\/de\/wp-json\/wp\/v2\/pages\/500\/revisions\/2710"}],"up":[{"embeddable":true,"href":"https:\/\/www.ticketrio.com.br\/site\/de\/wp-json\/wp\/v2\/pages\/147"}],"wp:attachment":[{"href":"https:\/\/www.ticketrio.com.br\/site\/de\/wp-json\/wp\/v2\/media?parent=500"}],"curies":[{"name":"wp","href":"https:\/\/api.w.org\/{rel}","templated":true}]}}