{"id":348,"date":"2013-03-27T12:23:17","date_gmt":"2013-03-27T12:23:17","guid":{"rendered":"https:\/\/www.ticketrio.com.br\/site\/?page_id=348"},"modified":"2013-08-30T20:55:52","modified_gmt":"2013-08-30T20:55:52","slug":"msc","status":"publish","type":"page","link":"https:\/\/www.ticketrio.com.br\/site\/ticket-rio-carnival\/cruzeiros-rio\/msc\/","title":{"rendered":"MSC CRUZEIROS"},"content":{"rendered":"<h1><strong><span style=\"color: #003366;\">MSC CRUZEIROS<\/span><\/strong><\/h1>\n<p style=\"text-align: justify;\">A MSC Cruzeiros \u00e9 uma empresa l\u00edder no mercado de cruzeiros no Mediterr\u00e2neo, navegando na regi\u00e3o ao longo do ano, oferece uma ampla gama de itiner\u00e1rios sazonais no Norte da Europa, MSC Grand Voyages, Caribe e Antilhas, Am\u00e9rica do Sul, Sul da \u00c1frica, Mar Vermelho e Emirados \u00c1rabes Unidos.<\/p>\n<h2><span style=\"color: #ff0000;\">TEMPORADA 2013\/2014<\/span><\/h2>\n<p><img decoding=\"async\" class=\"aligncenter size-full wp-image-351\" title=\"Cruzeiros\" src=\"https:\/\/www.ticketrio.com.br\/site\/wp-content\/uploads\/2013\/03\/novo-navio-msc.jpg\" alt=\"\" \/><\/p>\n<p style=\"text-align: justify;\">Conhe\u00e7a o mais novo navio da MSC Cruzeiros, o MSC PREZIOSA\u00a0 que estar\u00e1 no Brasil a partir de dezembro de 2013.<\/p>\n<p style=\"text-align: justify;\"><span style=\"color: #ff0000;\"><strong>MSC PREZIOSA<\/strong><\/span>, a nova obra-prima da MSC, \u00e9 a excelente mistura entre luxo, sofistica\u00e7\u00e3o, modernidade, design italiano e alta gastronomia. Perfeito para voc\u00ea desfrutar com exclusividade do MSC Yacht Club, com servi\u00e7os personalizados, ambientes privativos e atendimento diferenciado.<\/p>\n<p><span style=\"color: #003366;\"><strong>EMBARQUE EM SANTOS<\/strong><\/span><\/p>\n<p><span style=\"color: #ff6600;\"><strong>Roteiros:<\/strong><\/span><\/p>\n<p><span style=\"color: #ff0000;\"><strong>Praias Tropicais 3 noites<\/strong><\/span><\/p>\n<p><strong>Porto de partida e chegada: Santos, Brasil<\/strong><\/p>\n<p><strong>Data de embarque:<\/strong> 01\/12\/2013<\/p>\n<p><strong>Data de Desembarque <\/strong>: 04\/12\/2013<\/p>\n<p><strong>Itiner\u00e1rio: <\/strong>( Santos\/B\u00fazios\/Ilhabela\/Santos)<\/p>\n<h2><strong><span style=\"color: #003366;\">Restaurantes<\/span><\/strong><\/h2>\n<p style=\"text-align: justify;\">Os navios oferecem diversos restaurantes principais. Cada uma deles possui uma sele\u00e7\u00e3o especial gastron\u00f4mica de pratos com qualidade excepcional dos alimentos, a escolha de carnes italianas, extremamente controladas, as frutas frescas e ingredientes sempre da melhor qualidade. Cada produto \u00e9 fresco e cuidadosamente tratado, tais como o p\u00e3o que tem a paix\u00e3o e conhecimento da boulangerie mais distinta. Os pratos v\u00e3o desde a tradicional e saborosa culin\u00e1ria mediterr\u00e2nea, com as mais refinadas receitas internacionais.<\/p>\n<h2><strong><span style=\"color: #003366;\">Bar &amp; Lounges<\/span><\/strong><\/h2>\n<p style=\"text-align: justify;\"><span style=\"line-height: 1.6em;\">Em meio aos diferentes bares a bordo do MSC, como o do caf\u00e9, do martini, do esporte e do jazz, sempre temos um espa\u00e7o comum para atender a todos os gostos a qualquer hora do dia. Se voc\u00ea deseja saborear um cappuccino pela manh\u00e3, tomar um coquetel depois de mergulhar na piscina, um martini antes do jantar, ou matar a sua sede enquanto dan\u00e7a na discoteca, voc\u00ea nunca estar\u00e1 longe do seu point ideal.<\/span><\/p>\n<h2><strong><span style=\"color: #003366;\">Entretenimento<\/span><\/strong><\/h2>\n<p style=\"text-align: justify;\"><span style=\"line-height: 1.6em;\">A extraordin\u00e1ria dedica\u00e7\u00e3o que a MSC Cruzeiros tem para com seus passageiros est\u00e1 mais que evidenciada nos inigual\u00e1veis programas de entretenimento oferecidos a bordo do MSC. Com teatros de alto n\u00edvel e seus shows incr\u00edveis, as discotecas, os Cassinos de luxo com diversos jogos, entre outros.<\/span><\/p>\n<h2><strong><span style=\"color: #003366;\">Cabines e Su\u00edtes<\/span><\/strong><\/h2>\n<ul>\n<li><span style=\"color: #ff6600; font-size: 12px; line-height: 1.6em;\">Interna<\/span><\/li>\n<\/ul>\n<p style=\"text-align: justify;\">Camas de solteiros que poder\u00e3o ser convertidas em cama de casal (mediante solicita\u00e7\u00e3o), exceto nas cabines destinadas aos portadores de defici\u00eancia f\u00edsica. Arm\u00e1rio espa\u00e7oso, Banheiro com chuveiro, TV interativa, Telefone, Conex\u00e3o de internet atrav\u00e9s de seu pr\u00f3prio laptop (servi\u00e7o pago), Minibar e cofre, Ar condicionado. Su\u00edtes com \u00e1rea de\u00a0\u224813m2.<\/p>\n<ul>\n<li><span style=\"line-height: 1.6em; color: #ff6600;\">Vista para o mar<\/span><\/li>\n<\/ul>\n<p style=\"text-align: justify;\">Camas de solteiros que poder\u00e3o ser convertidas em cama de casal (mediante solicita\u00e7\u00e3o), exceto nas cabines destinadas aos portadores de defici\u00eancia f\u00edsica. Arm\u00e1rio espa\u00e7oso, Banheiro com chuveiro, TV, Telefone, Conex\u00e3o de internet atrav\u00e9s de seu pr\u00f3prio laptop (servi\u00e7o pago), Minibar e cofre, Ar condicionado. Su\u00edtes com \u00e1rea de \u224816m2.<\/p>\n<p>*\u00a0Alguns camarotes t\u00eaem vista obstru\u00edda.<\/p>\n<ul>\n<li><span style=\"line-height: 1.6em; color: #ff6600;\">Cabine com varanda<\/span><\/li>\n<\/ul>\n<p style=\"text-align: justify;\">\u00a0<span style=\"line-height: 1.6em;\">Camas de solteiros que poder\u00e3o ser convertidas em cama de casal (mediante solicita\u00e7\u00e3o), exceto nas cabines destinadas aos portadores de defici\u00eancia f\u00edsica. Arm\u00e1rio espa\u00e7oso, Banheiro com chuveiro, TV, Telefone, Conex\u00e3o de internet atrav\u00e9s de seu pr\u00f3prio laptop (servi\u00e7o pago), Minibar e cofre, Ar condicionado. Su\u00edtes com \u00e1rea de \u224817m2 at\u00e9 \u224823m2.<\/span><\/p>\n<ul>\n<li><span style=\"line-height: 1.6em; color: #ff6600;\">Su\u00edte com varanda<\/span><\/li>\n<\/ul>\n<p style=\"text-align: justify;\"><span style=\"line-height: 1.6em;\">Camas de solteiros que poder\u00e3o ser convertidas em cama de casal (mediante solicita\u00e7\u00e3o). Arm\u00e1rio espa\u00e7oso, Banheiro com banheira, TV, Telefone, Conex\u00e3o de internet atrav\u00e9s de seu pr\u00f3prio laptop (servi\u00e7o pago), Minibar e cofre, Ar condicionado. Su\u00edtes com \u00e1rea de \u224831m2.<\/span><\/p>\n<ul>\n<li><span style=\"line-height: 1.6em; color: #ff6600;\">Cabine com Varanda &#8211; para portadores de defici\u00eancia f\u00edsica<\/span><\/li>\n<\/ul>\n<p style=\"text-align: justify;\"><span style=\"line-height: 1.6em;\">Camas de solteiros que poder\u00e3o ser convertidas em cama de casal (mediante solicita\u00e7\u00e3o), exceto nas cabines destinadas aos portadores de defici\u00eancia f\u00edsica. Arm\u00e1rio espa\u00e7oso, Banheiro com chuveiro, TV, Telefone, Conex\u00e3o de internet atrav\u00e9s de seu pr\u00f3prio laptop (servi\u00e7o pago), Minibar e cofre, Ar condicionado. Su\u00edtes com \u00e1rea de \u224833m\u00b2 at\u00e9 \u224839m\u00b2.<\/span><\/p>\n","protected":false},"excerpt":{"rendered":"<p>MSC CRUZEIROS A MSC Cruzeiros \u00e9 uma empresa l\u00edder no mercado de cruzeiros no Mediterr\u00e2neo, navegando na regi\u00e3o ao longo do ano, oferece uma ampla gama de itiner\u00e1rios sazonais no Norte da Europa, MSC Grand Voyages, Caribe e Antilhas, Am\u00e9rica do Sul, Sul da \u00c1frica, Mar Vermelho e Emirados \u00c1rabes Unidos. TEMPORADA 2013\/2014 Conhe\u00e7a o [&hellip;]<\/p>\n","protected":false},"author":1,"featured_media":0,"parent":345,"menu_order":1,"comment_status":"closed","ping_status":"closed","template":"page-full.php","meta":{"ngg_post_thumbnail":0,"footnotes":""},"class_list":["post-348","page","type-page","status-publish","hentry"],"yoast_head":"<!-- This site is optimized with the Yoast SEO plugin v25.9 - https:\/\/yoast.com\/wordpress\/plugins\/seo\/ -->\n<title>MSC CRUZEIROS - Ticket Rio - Billets Carnaval Rio, Karneval Rio de Janeiro Tickets, Tickets for Rio Carnival Sambadrome, Boletos Carnaval Rio, Entradas Carnaval Rio Samb\u00f3dromo<\/title>\n<meta name=\"description\" content=\"rio carnival sambadrome tickets. Rio Carnaval Samb\u00f3dromo 2018. Rio Carnaval Entradas Samb\u00f3dromo. Rio Parade Tickets. Rio Carnaval billets. Rio karneval tickets. Rio carnavales biglietti.\" \/>\n<meta name=\"robots\" content=\"index, follow, max-snippet:-1, max-image-preview:large, max-video-preview:-1\" \/>\n<link rel=\"canonical\" href=\"https:\/\/www.ticketrio.com.br\/site\/ticket-rio-carnival\/cruzeiros-rio\/msc\/\" \/>\n<meta property=\"og:locale\" content=\"de_DE\" \/>\n<meta property=\"og:type\" content=\"article\" \/>\n<meta property=\"og:title\" content=\"MSC CRUZEIROS - Ticket Rio - Billets Carnaval Rio, Karneval Rio de Janeiro Tickets, Tickets for Rio Carnival Sambadrome, Boletos Carnaval Rio, Entradas Carnaval Rio Samb\u00f3dromo\" \/>\n<meta property=\"og:description\" content=\"rio carnival sambadrome tickets. Rio Carnaval Samb\u00f3dromo 2018. Rio Carnaval Entradas Samb\u00f3dromo. Rio Parade Tickets. Rio Carnaval billets. Rio karneval tickets. Rio carnavales biglietti.\" \/>\n<meta property=\"og:url\" content=\"https:\/\/www.ticketrio.com.br\/site\/ticket-rio-carnival\/cruzeiros-rio\/msc\/\" \/>\n<meta property=\"og:site_name\" content=\"Ticket Rio - Billets Carnaval Rio, Karneval Rio de Janeiro Tickets, Tickets for Rio Carnival Sambadrome, Boletos Carnaval Rio, Entradas Carnaval Rio Samb\u00f3dromo\" \/>\n<meta property=\"article:modified_time\" content=\"2013-08-30T20:55:52+00:00\" \/>\n<meta property=\"og:image\" content=\"https:\/\/www.ticketrio.com.br\/site\/wp-content\/uploads\/2013\/03\/novo-navio-msc.jpg\" \/>\n<meta name=\"twitter:card\" content=\"summary_large_image\" \/>\n<meta name=\"twitter:label1\" content=\"Gesch\u00e4tzte Lesezeit\" \/>\n\t<meta name=\"twitter:data1\" content=\"3\u00a0Minuten\" \/>\n<script type=\"application\/ld+json\" class=\"yoast-schema-graph\">{\"@context\":\"https:\/\/schema.org\",\"@graph\":[{\"@type\":\"WebPage\",\"@id\":\"https:\/\/www.ticketrio.com.br\/site\/ticket-rio-carnival\/cruzeiros-rio\/msc\/\",\"url\":\"https:\/\/www.ticketrio.com.br\/site\/ticket-rio-carnival\/cruzeiros-rio\/msc\/\",\"name\":\"MSC CRUZEIROS - Ticket Rio - Billets Carnaval Rio, Karneval Rio de Janeiro Tickets, Tickets for Rio Carnival Sambadrome, Boletos Carnaval Rio, Entradas Carnaval Rio Samb\u00f3dromo\",\"isPartOf\":{\"@id\":\"https:\/\/www.ticketrio.com.br\/site\/#website\"},\"primaryImageOfPage\":{\"@id\":\"https:\/\/www.ticketrio.com.br\/site\/ticket-rio-carnival\/cruzeiros-rio\/msc\/#primaryimage\"},\"image\":{\"@id\":\"https:\/\/www.ticketrio.com.br\/site\/ticket-rio-carnival\/cruzeiros-rio\/msc\/#primaryimage\"},\"thumbnailUrl\":\"https:\/\/www.ticketrio.com.br\/site\/wp-content\/uploads\/2013\/03\/novo-navio-msc.jpg\",\"datePublished\":\"2013-03-27T12:23:17+00:00\",\"dateModified\":\"2013-08-30T20:55:52+00:00\",\"description\":\"rio carnival sambadrome tickets. Rio Carnaval Samb\u00f3dromo 2018. Rio Carnaval Entradas Samb\u00f3dromo. Rio Parade Tickets. Rio Carnaval billets. Rio karneval tickets. Rio carnavales biglietti.\",\"breadcrumb\":{\"@id\":\"https:\/\/www.ticketrio.com.br\/site\/ticket-rio-carnival\/cruzeiros-rio\/msc\/#breadcrumb\"},\"inLanguage\":\"de\",\"potentialAction\":[{\"@type\":\"ReadAction\",\"target\":[\"https:\/\/www.ticketrio.com.br\/site\/ticket-rio-carnival\/cruzeiros-rio\/msc\/\"]}]},{\"@type\":\"ImageObject\",\"inLanguage\":\"de\",\"@id\":\"https:\/\/www.ticketrio.com.br\/site\/ticket-rio-carnival\/cruzeiros-rio\/msc\/#primaryimage\",\"url\":\"https:\/\/www.ticketrio.com.br\/site\/wp-content\/uploads\/2013\/03\/novo-navio-msc.jpg\",\"contentUrl\":\"https:\/\/www.ticketrio.com.br\/site\/wp-content\/uploads\/2013\/03\/novo-navio-msc.jpg\"},{\"@type\":\"BreadcrumbList\",\"@id\":\"https:\/\/www.ticketrio.com.br\/site\/ticket-rio-carnival\/cruzeiros-rio\/msc\/#breadcrumb\",\"itemListElement\":[{\"@type\":\"ListItem\",\"position\":1,\"name\":\"In\u00edcio\",\"item\":\"https:\/\/www.ticketrio.com.br\/site\/\"},{\"@type\":\"ListItem\",\"position\":2,\"name\":\"Ticket Rio\",\"item\":\"https:\/\/www.ticketrio.com.br\/site\/en\/ticket-rio-carnival\/\"},{\"@type\":\"ListItem\",\"position\":3,\"name\":\"Cruzeiros &#8211; Temporada 2015\/2016\",\"item\":\"https:\/\/www.ticketrio.com.br\/site\/ticket-rio-carnival\/cruzeiros-rio\/\"},{\"@type\":\"ListItem\",\"position\":4,\"name\":\"MSC CRUZEIROS\"}]},{\"@type\":\"WebSite\",\"@id\":\"https:\/\/www.ticketrio.com.br\/site\/#website\",\"url\":\"https:\/\/www.ticketrio.com.br\/site\/\",\"name\":\"Ticket Rio - Billets Carnaval Rio, Karneval Rio de Janeiro Tickets, Tickets for Rio Carnival Sambadrome, Boletos Carnaval Rio, Entradas Carnaval Rio Samb\u00f3dromo\",\"description\":\"Billets Carnaval Rio, Karneval Rio de Janeiro Tickets, Tickets for Rio Carnival Sambadrome, Boletos Carnaval Rio, Entradas Carnaval Rio Samb\u00f3dromo\",\"potentialAction\":[{\"@type\":\"SearchAction\",\"target\":{\"@type\":\"EntryPoint\",\"urlTemplate\":\"https:\/\/www.ticketrio.com.br\/site\/?s={search_term_string}\"},\"query-input\":{\"@type\":\"PropertyValueSpecification\",\"valueRequired\":true,\"valueName\":\"search_term_string\"}}],\"inLanguage\":\"de\"}]}<\/script>\n<!-- \/ Yoast SEO plugin. -->","yoast_head_json":{"title":"MSC CRUZEIROS - Ticket Rio - Billets Carnaval Rio, Karneval Rio de Janeiro Tickets, Tickets for Rio Carnival Sambadrome, Boletos Carnaval Rio, Entradas Carnaval Rio Samb\u00f3dromo","description":"rio carnival sambadrome tickets. Rio Carnaval Samb\u00f3dromo 2018. Rio Carnaval Entradas Samb\u00f3dromo. Rio Parade Tickets. Rio Carnaval billets. Rio karneval tickets. Rio carnavales biglietti.","robots":{"index":"index","follow":"follow","max-snippet":"max-snippet:-1","max-image-preview":"max-image-preview:large","max-video-preview":"max-video-preview:-1"},"canonical":"https:\/\/www.ticketrio.com.br\/site\/ticket-rio-carnival\/cruzeiros-rio\/msc\/","og_locale":"de_DE","og_type":"article","og_title":"MSC CRUZEIROS - Ticket Rio - Billets Carnaval Rio, Karneval Rio de Janeiro Tickets, Tickets for Rio Carnival Sambadrome, Boletos Carnaval Rio, Entradas Carnaval Rio Samb\u00f3dromo","og_description":"rio carnival sambadrome tickets. Rio Carnaval Samb\u00f3dromo 2018. Rio Carnaval Entradas Samb\u00f3dromo. Rio Parade Tickets. Rio Carnaval billets. Rio karneval tickets. Rio carnavales biglietti.","og_url":"https:\/\/www.ticketrio.com.br\/site\/ticket-rio-carnival\/cruzeiros-rio\/msc\/","og_site_name":"Ticket Rio - Billets Carnaval Rio, Karneval Rio de Janeiro Tickets, Tickets for Rio Carnival Sambadrome, Boletos Carnaval Rio, Entradas Carnaval Rio Samb\u00f3dromo","article_modified_time":"2013-08-30T20:55:52+00:00","og_image":[{"url":"https:\/\/www.ticketrio.com.br\/site\/wp-content\/uploads\/2013\/03\/novo-navio-msc.jpg","type":"","width":"","height":""}],"twitter_card":"summary_large_image","twitter_misc":{"Gesch\u00e4tzte Lesezeit":"3\u00a0Minuten"},"schema":{"@context":"https:\/\/schema.org","@graph":[{"@type":"WebPage","@id":"https:\/\/www.ticketrio.com.br\/site\/ticket-rio-carnival\/cruzeiros-rio\/msc\/","url":"https:\/\/www.ticketrio.com.br\/site\/ticket-rio-carnival\/cruzeiros-rio\/msc\/","name":"MSC CRUZEIROS - Ticket Rio - Billets Carnaval Rio, Karneval Rio de Janeiro Tickets, Tickets for Rio Carnival Sambadrome, Boletos Carnaval Rio, Entradas Carnaval Rio Samb\u00f3dromo","isPartOf":{"@id":"https:\/\/www.ticketrio.com.br\/site\/#website"},"primaryImageOfPage":{"@id":"https:\/\/www.ticketrio.com.br\/site\/ticket-rio-carnival\/cruzeiros-rio\/msc\/#primaryimage"},"image":{"@id":"https:\/\/www.ticketrio.com.br\/site\/ticket-rio-carnival\/cruzeiros-rio\/msc\/#primaryimage"},"thumbnailUrl":"https:\/\/www.ticketrio.com.br\/site\/wp-content\/uploads\/2013\/03\/novo-navio-msc.jpg","datePublished":"2013-03-27T12:23:17+00:00","dateModified":"2013-08-30T20:55:52+00:00","description":"rio carnival sambadrome tickets. Rio Carnaval Samb\u00f3dromo 2018. Rio Carnaval Entradas Samb\u00f3dromo. Rio Parade Tickets. Rio Carnaval billets. Rio karneval tickets. Rio carnavales biglietti.","breadcrumb":{"@id":"https:\/\/www.ticketrio.com.br\/site\/ticket-rio-carnival\/cruzeiros-rio\/msc\/#breadcrumb"},"inLanguage":"de","potentialAction":[{"@type":"ReadAction","target":["https:\/\/www.ticketrio.com.br\/site\/ticket-rio-carnival\/cruzeiros-rio\/msc\/"]}]},{"@type":"ImageObject","inLanguage":"de","@id":"https:\/\/www.ticketrio.com.br\/site\/ticket-rio-carnival\/cruzeiros-rio\/msc\/#primaryimage","url":"https:\/\/www.ticketrio.com.br\/site\/wp-content\/uploads\/2013\/03\/novo-navio-msc.jpg","contentUrl":"https:\/\/www.ticketrio.com.br\/site\/wp-content\/uploads\/2013\/03\/novo-navio-msc.jpg"},{"@type":"BreadcrumbList","@id":"https:\/\/www.ticketrio.com.br\/site\/ticket-rio-carnival\/cruzeiros-rio\/msc\/#breadcrumb","itemListElement":[{"@type":"ListItem","position":1,"name":"In\u00edcio","item":"https:\/\/www.ticketrio.com.br\/site\/"},{"@type":"ListItem","position":2,"name":"Ticket Rio","item":"https:\/\/www.ticketrio.com.br\/site\/en\/ticket-rio-carnival\/"},{"@type":"ListItem","position":3,"name":"Cruzeiros &#8211; Temporada 2015\/2016","item":"https:\/\/www.ticketrio.com.br\/site\/ticket-rio-carnival\/cruzeiros-rio\/"},{"@type":"ListItem","position":4,"name":"MSC CRUZEIROS"}]},{"@type":"WebSite","@id":"https:\/\/www.ticketrio.com.br\/site\/#website","url":"https:\/\/www.ticketrio.com.br\/site\/","name":"Ticket Rio - Billets Carnaval Rio, Karneval Rio de Janeiro Tickets, Tickets for Rio Carnival Sambadrome, Boletos Carnaval Rio, Entradas Carnaval Rio Samb\u00f3dromo","description":"Billets Carnaval Rio, Karneval Rio de Janeiro Tickets, Tickets for Rio Carnival Sambadrome, Boletos Carnaval Rio, Entradas Carnaval Rio Samb\u00f3dromo","potentialAction":[{"@type":"SearchAction","target":{"@type":"EntryPoint","urlTemplate":"https:\/\/www.ticketrio.com.br\/site\/?s={search_term_string}"},"query-input":{"@type":"PropertyValueSpecification","valueRequired":true,"valueName":"search_term_string"}}],"inLanguage":"de"}]}},"_links":{"self":[{"href":"https:\/\/www.ticketrio.com.br\/site\/de\/wp-json\/wp\/v2\/pages\/348","targetHints":{"allow":["GET"]}}],"collection":[{"href":"https:\/\/www.ticketrio.com.br\/site\/de\/wp-json\/wp\/v2\/pages"}],"about":[{"href":"https:\/\/www.ticketrio.com.br\/site\/de\/wp-json\/wp\/v2\/types\/page"}],"author":[{"embeddable":true,"href":"https:\/\/www.ticketrio.com.br\/site\/de\/wp-json\/wp\/v2\/users\/1"}],"replies":[{"embeddable":true,"href":"https:\/\/www.ticketrio.com.br\/site\/de\/wp-json\/wp\/v2\/comments?post=348"}],"version-history":[{"count":15,"href":"https:\/\/www.ticketrio.com.br\/site\/de\/wp-json\/wp\/v2\/pages\/348\/revisions"}],"predecessor-version":[{"id":734,"href":"https:\/\/www.ticketrio.com.br\/site\/de\/wp-json\/wp\/v2\/pages\/348\/revisions\/734"}],"up":[{"embeddable":true,"href":"https:\/\/www.ticketrio.com.br\/site\/de\/wp-json\/wp\/v2\/pages\/345"}],"wp:attachment":[{"href":"https:\/\/www.ticketrio.com.br\/site\/de\/wp-json\/wp\/v2\/media?parent=348"}],"curies":[{"name":"wp","href":"https:\/\/api.w.org\/{rel}","templated":true}]}}