{"id":191,"date":"2013-03-14T16:40:56","date_gmt":"2013-03-14T16:40:56","guid":{"rendered":"https:\/\/www.ticketrio.com.br\/site\/?page_id=191"},"modified":"2025-10-14T19:05:15","modified_gmt":"2025-10-14T19:05:15","slug":"transporte-sambdromo-hotel-carnaval","status":"publish","type":"page","link":"https:\/\/www.ticketrio.com.br\/site\/ingressos-carnaval-sambodromo-rj\/transporte-sambdromo-hotel-carnaval\/","title":{"rendered":"Transfer Samb\u00f3dromo"},"content":{"rendered":"<h1><span style=\"color: #003366;\"><strong>TRANSPORTE<\/strong><\/span><\/h1>\n<p style=\"text-align: justify;\">Oferecemos servi\u00e7os de transporte hotel\/samb\u00f3dromo\/hotel.<\/p>\n<p style=\"text-align: justify;\">Em nossa frota temos \u00f4nibus, micro \u00f4nibus, vans e transporte exclusivo.<\/p>\n<p>&nbsp;<\/p>\n<h1><span style=\"color: #003366;\">SETORES \u00cdMPARES<\/span><\/h1>\n<h1 style=\"text-align: center;\"><span style=\"color: #ff6600; line-height: 1.6em;\">Transfer in\/out + guia + seguran\u00e7a para o samb\u00f3dromo<\/span><\/h1>\n<h2 style=\"text-align: justify;\"><span style=\"color: #003366;\"><strong>Descri\u00e7\u00e3o<\/strong><\/span><\/h2>\n<p style=\"text-align: justify;\">SETORES \u00cdMPARES &#8211; Transfer in\/out + guia + seguran\u00e7a para o samb\u00f3dromo<\/p>\n<p style=\"text-align: justify;\">Os \u00f4nibus de 46 lugares possuem ar condicionado, tv, v\u00eddeo e poltronas reclin\u00e1veis.<br>Traslado individual, leva dos principais hot\u00e9is do Centro da Cidade, da Zona Sul e da Barra da Tijuca, para o sambodromo e retorna para o hotel.<\/p>\n<p style=\"text-align: justify;\"><span style=\"color: #003366;\"><strong>Pacote inclui:<\/strong><\/span> Transfer in\/out + Guia + Seguran\u00e7a &#8211; SOMENTE LADO IMPAR (Setores 3, 5, 7, 9, 11)<br>Valor individual para cada dia de evento.<\/p>\n<p style=\"text-align: justify;\">Veja o Roteiro de Transfer &#8211; Hot\u00e9is e hor\u00e1rios de embarque. (clique abaixo<\/p>\n<h1 style=\"text-align: justify;\"><span style=\"color: #003366;\">SETORES PARES<\/span><\/h1>\n<h1 style=\"text-align: center;\"><span style=\"color: #ff6600;\">Transfer in\/out + guia + seguran\u00e7a para o samb\u00f3dromo<\/span><\/h1>\n<h2 style=\"text-align: justify;\"><span style=\"color: #003366;\"><strong>Descri\u00e7\u00e3o<\/strong><\/span><\/h2>\n<p style=\"text-align: justify;\"><span style=\"line-height: 1.6em;\">SETORES PARES:&nbsp;<\/span><span style=\"line-height: 1.6em;\">Transfer in\/out + guia + seguran\u00e7a para o samb\u00f3dromo&nbsp;LADO PAR<\/span><\/p>\n<p style=\"text-align: justify;\"><span style=\"line-height: 1.6em;\">Traslado individual, leva dos principais hot\u00e9is do Centro da Cidade, da Zona Sul e da Barra da Tijuca, para o samb\u00f3dromo e retorna para o hotel.<\/span><\/p>\n<p style=\"text-align: justify;\"><span style=\"color: #003366;\"><strong> Pacote inclui:<\/strong><\/span> Transfer in\/out + Guia + Seguran\u00e7a &#8211; SOMENTE LADO PAR (Setores 2, 4, 6, 8, 10)<br>Valor individual para cada dia de evento.<\/p>\n<p style=\"text-align: justify;\">Veja o Roteiro de Transfer &#8211; Hot\u00e9is e hor\u00e1rios de embarque. (clique abaixo)<\/p>\n<h2 style=\"text-align: justify;\"><span style=\"color: #003366;\">Vans<\/span><\/h2>\n<h2 style=\"text-align: justify;\"><span style=\"color: #003366;\"><strong>Descri\u00e7\u00e3o<\/strong><\/span><\/h2>\n<h2 style=\"text-align: justify;\">Em nossa frota possu\u00edmos vans com de 16 a 20 lugares com ar condicionado, cortinas e Dvd.<\/h2>\n\n\n<figure class=\"wp-block-image size-full is-resized\"><a href=\"https:\/\/www.ticketrio.com.br\/site\/wp-content\/uploads\/2025\/10\/transfer-sambodromo-rio.jpg\"><img loading=\"lazy\" decoding=\"async\" width=\"404\" height=\"655\" src=\"https:\/\/www.ticketrio.com.br\/site\/wp-content\/uploads\/2025\/10\/transfer-sambodromo-rio.jpg\" alt=\"\" class=\"wp-image-2592\" style=\"width:131px;height:auto\" srcset=\"https:\/\/www.ticketrio.com.br\/site\/wp-content\/uploads\/2025\/10\/transfer-sambodromo-rio.jpg 404w, https:\/\/www.ticketrio.com.br\/site\/wp-content\/uploads\/2025\/10\/transfer-sambodromo-rio-185x300.jpg 185w\" sizes=\"auto, (max-width: 404px) 100vw, 404px\" \/><\/a><\/figure>\n\n\n\n<figure class=\"wp-block-image size-large is-resized\"><a href=\"https:\/\/www.ticketrio.com.br\/site\/wp-content\/uploads\/2025\/10\/TRANSFER-sambodromo-rio-carnaval.jpg\"><img loading=\"lazy\" decoding=\"async\" width=\"1024\" height=\"631\" src=\"https:\/\/www.ticketrio.com.br\/site\/wp-content\/uploads\/2025\/10\/TRANSFER-sambodromo-rio-carnaval-1024x631.jpg\" alt=\"\" class=\"wp-image-2591\" style=\"width:279px;height:auto\" srcset=\"https:\/\/www.ticketrio.com.br\/site\/wp-content\/uploads\/2025\/10\/TRANSFER-sambodromo-rio-carnaval-1024x631.jpg 1024w, https:\/\/www.ticketrio.com.br\/site\/wp-content\/uploads\/2025\/10\/TRANSFER-sambodromo-rio-carnaval-300x185.jpg 300w, https:\/\/www.ticketrio.com.br\/site\/wp-content\/uploads\/2025\/10\/TRANSFER-sambodromo-rio-carnaval-768x473.jpg 768w, https:\/\/www.ticketrio.com.br\/site\/wp-content\/uploads\/2025\/10\/TRANSFER-sambodromo-rio-carnaval-960x592.jpg 960w, https:\/\/www.ticketrio.com.br\/site\/wp-content\/uploads\/2025\/10\/TRANSFER-sambodromo-rio-carnaval.jpg 1499w\" sizes=\"auto, (max-width: 1024px) 100vw, 1024px\" \/><\/a><\/figure>\n\n\n\n<p><\/p>\n","protected":false},"excerpt":{"rendered":"<p>TRANSPORTE Oferecemos servi\u00e7os de transporte hotel\/samb\u00f3dromo\/hotel. Em nossa frota temos \u00f4nibus, micro \u00f4nibus, vans e transporte exclusivo. &nbsp; SETORES \u00cdMPARES Transfer in\/out + guia + seguran\u00e7a para o samb\u00f3dromo Descri\u00e7\u00e3o SETORES \u00cdMPARES &#8211; Transfer in\/out + guia + seguran\u00e7a para o samb\u00f3dromo Os \u00f4nibus de 46 lugares possuem ar condicionado, tv, v\u00eddeo e poltronas reclin\u00e1veis.Traslado [&hellip;]<\/p>\n","protected":false},"author":1,"featured_media":0,"parent":147,"menu_order":7,"comment_status":"closed","ping_status":"closed","template":"page-full.php","meta":{"ngg_post_thumbnail":0,"footnotes":""},"class_list":["post-191","page","type-page","status-publish","hentry"],"yoast_head":"<!-- This site is optimized with the Yoast SEO plugin v25.9 - https:\/\/yoast.com\/wordpress\/plugins\/seo\/ -->\n<title>Transfer Samb\u00f3dromo - Ticket Rio - Billets Carnaval Rio, Karneval Rio de Janeiro Tickets, Tickets for Rio Carnival Sambadrome, Boletos Carnaval Rio, Entradas Carnaval Rio Samb\u00f3dromo<\/title>\n<meta name=\"description\" content=\"rio carnival sambadrome tickets. Rio Carnaval Samb\u00f3dromo 2018. Rio Carnaval Entradas Samb\u00f3dromo. Rio Parade Tickets. Rio Carnaval billets. Rio karneval tickets. Rio carnavales biglietti.\" \/>\n<meta name=\"robots\" content=\"index, follow, max-snippet:-1, max-image-preview:large, max-video-preview:-1\" \/>\n<link rel=\"canonical\" href=\"https:\/\/www.ticketrio.com.br\/site\/ingressos-carnaval-sambodromo-rj\/transporte-sambdromo-hotel-carnaval\/\" \/>\n<meta property=\"og:locale\" content=\"de_DE\" \/>\n<meta property=\"og:type\" content=\"article\" \/>\n<meta property=\"og:title\" content=\"Transfer Samb\u00f3dromo - Ticket Rio - Billets Carnaval Rio, Karneval Rio de Janeiro Tickets, Tickets for Rio Carnival Sambadrome, Boletos Carnaval Rio, Entradas Carnaval Rio Samb\u00f3dromo\" \/>\n<meta property=\"og:description\" content=\"rio carnival sambadrome tickets. Rio Carnaval Samb\u00f3dromo 2018. Rio Carnaval Entradas Samb\u00f3dromo. Rio Parade Tickets. Rio Carnaval billets. Rio karneval tickets. Rio carnavales biglietti.\" \/>\n<meta property=\"og:url\" content=\"https:\/\/www.ticketrio.com.br\/site\/ingressos-carnaval-sambodromo-rj\/transporte-sambdromo-hotel-carnaval\/\" \/>\n<meta property=\"og:site_name\" content=\"Ticket Rio - Billets Carnaval Rio, Karneval Rio de Janeiro Tickets, Tickets for Rio Carnival Sambadrome, Boletos Carnaval Rio, Entradas Carnaval Rio Samb\u00f3dromo\" \/>\n<meta property=\"article:modified_time\" content=\"2025-10-14T19:05:15+00:00\" \/>\n<meta property=\"og:image\" content=\"https:\/\/www.ticketrio.com.br\/site\/wp-content\/uploads\/2025\/10\/transfer-sambodromo-rio.jpg\" \/>\n\t<meta property=\"og:image:width\" content=\"404\" \/>\n\t<meta property=\"og:image:height\" content=\"655\" \/>\n\t<meta property=\"og:image:type\" content=\"image\/jpeg\" \/>\n<meta name=\"twitter:card\" content=\"summary_large_image\" \/>\n<meta name=\"twitter:label1\" content=\"Gesch\u00e4tzte Lesezeit\" \/>\n\t<meta name=\"twitter:data1\" content=\"2\u00a0Minuten\" \/>\n<script type=\"application\/ld+json\" class=\"yoast-schema-graph\">{\"@context\":\"https:\/\/schema.org\",\"@graph\":[{\"@type\":\"WebPage\",\"@id\":\"https:\/\/www.ticketrio.com.br\/site\/ingressos-carnaval-sambodromo-rj\/transporte-sambdromo-hotel-carnaval\/\",\"url\":\"https:\/\/www.ticketrio.com.br\/site\/ingressos-carnaval-sambodromo-rj\/transporte-sambdromo-hotel-carnaval\/\",\"name\":\"Transfer Samb\u00f3dromo - Ticket Rio - Billets Carnaval Rio, Karneval Rio de Janeiro Tickets, Tickets for Rio Carnival Sambadrome, Boletos Carnaval Rio, Entradas Carnaval Rio Samb\u00f3dromo\",\"isPartOf\":{\"@id\":\"https:\/\/www.ticketrio.com.br\/site\/#website\"},\"primaryImageOfPage\":{\"@id\":\"https:\/\/www.ticketrio.com.br\/site\/ingressos-carnaval-sambodromo-rj\/transporte-sambdromo-hotel-carnaval\/#primaryimage\"},\"image\":{\"@id\":\"https:\/\/www.ticketrio.com.br\/site\/ingressos-carnaval-sambodromo-rj\/transporte-sambdromo-hotel-carnaval\/#primaryimage\"},\"thumbnailUrl\":\"https:\/\/www.ticketrio.com.br\/site\/wp-content\/uploads\/2025\/10\/transfer-sambodromo-rio.jpg\",\"datePublished\":\"2013-03-14T16:40:56+00:00\",\"dateModified\":\"2025-10-14T19:05:15+00:00\",\"description\":\"rio carnival sambadrome tickets. Rio Carnaval Samb\u00f3dromo 2018. Rio Carnaval Entradas Samb\u00f3dromo. Rio Parade Tickets. Rio Carnaval billets. Rio karneval tickets. Rio carnavales biglietti.\",\"breadcrumb\":{\"@id\":\"https:\/\/www.ticketrio.com.br\/site\/ingressos-carnaval-sambodromo-rj\/transporte-sambdromo-hotel-carnaval\/#breadcrumb\"},\"inLanguage\":\"de\",\"potentialAction\":[{\"@type\":\"ReadAction\",\"target\":[\"https:\/\/www.ticketrio.com.br\/site\/ingressos-carnaval-sambodromo-rj\/transporte-sambdromo-hotel-carnaval\/\"]}]},{\"@type\":\"ImageObject\",\"inLanguage\":\"de\",\"@id\":\"https:\/\/www.ticketrio.com.br\/site\/ingressos-carnaval-sambodromo-rj\/transporte-sambdromo-hotel-carnaval\/#primaryimage\",\"url\":\"https:\/\/www.ticketrio.com.br\/site\/wp-content\/uploads\/2025\/10\/transfer-sambodromo-rio.jpg\",\"contentUrl\":\"https:\/\/www.ticketrio.com.br\/site\/wp-content\/uploads\/2025\/10\/transfer-sambodromo-rio.jpg\"},{\"@type\":\"BreadcrumbList\",\"@id\":\"https:\/\/www.ticketrio.com.br\/site\/ingressos-carnaval-sambodromo-rj\/transporte-sambdromo-hotel-carnaval\/#breadcrumb\",\"itemListElement\":[{\"@type\":\"ListItem\",\"position\":1,\"name\":\"In\u00edcio\",\"item\":\"https:\/\/www.ticketrio.com.br\/site\/\"},{\"@type\":\"ListItem\",\"position\":2,\"name\":\"Sambodromo\",\"item\":\"https:\/\/www.ticketrio.com.br\/site\/ingressos-carnaval-sambodromo-rj\/\"},{\"@type\":\"ListItem\",\"position\":3,\"name\":\"Transfer Samb\u00f3dromo\"}]},{\"@type\":\"WebSite\",\"@id\":\"https:\/\/www.ticketrio.com.br\/site\/#website\",\"url\":\"https:\/\/www.ticketrio.com.br\/site\/\",\"name\":\"Ticket Rio - Billets Carnaval Rio, Karneval Rio de Janeiro Tickets, Tickets for Rio Carnival Sambadrome, Boletos Carnaval Rio, Entradas Carnaval Rio Samb\u00f3dromo\",\"description\":\"Billets Carnaval Rio, Karneval Rio de Janeiro Tickets, Tickets for Rio Carnival Sambadrome, Boletos Carnaval Rio, Entradas Carnaval Rio Samb\u00f3dromo\",\"potentialAction\":[{\"@type\":\"SearchAction\",\"target\":{\"@type\":\"EntryPoint\",\"urlTemplate\":\"https:\/\/www.ticketrio.com.br\/site\/?s={search_term_string}\"},\"query-input\":{\"@type\":\"PropertyValueSpecification\",\"valueRequired\":true,\"valueName\":\"search_term_string\"}}],\"inLanguage\":\"de\"}]}<\/script>\n<!-- \/ Yoast SEO plugin. -->","yoast_head_json":{"title":"Transfer Samb\u00f3dromo - Ticket Rio - Billets Carnaval Rio, Karneval Rio de Janeiro Tickets, Tickets for Rio Carnival Sambadrome, Boletos Carnaval Rio, Entradas Carnaval Rio Samb\u00f3dromo","description":"rio carnival sambadrome tickets. Rio Carnaval Samb\u00f3dromo 2018. Rio Carnaval Entradas Samb\u00f3dromo. Rio Parade Tickets. Rio Carnaval billets. Rio karneval tickets. Rio carnavales biglietti.","robots":{"index":"index","follow":"follow","max-snippet":"max-snippet:-1","max-image-preview":"max-image-preview:large","max-video-preview":"max-video-preview:-1"},"canonical":"https:\/\/www.ticketrio.com.br\/site\/ingressos-carnaval-sambodromo-rj\/transporte-sambdromo-hotel-carnaval\/","og_locale":"de_DE","og_type":"article","og_title":"Transfer Samb\u00f3dromo - Ticket Rio - Billets Carnaval Rio, Karneval Rio de Janeiro Tickets, Tickets for Rio Carnival Sambadrome, Boletos Carnaval Rio, Entradas Carnaval Rio Samb\u00f3dromo","og_description":"rio carnival sambadrome tickets. Rio Carnaval Samb\u00f3dromo 2018. Rio Carnaval Entradas Samb\u00f3dromo. Rio Parade Tickets. Rio Carnaval billets. Rio karneval tickets. Rio carnavales biglietti.","og_url":"https:\/\/www.ticketrio.com.br\/site\/ingressos-carnaval-sambodromo-rj\/transporte-sambdromo-hotel-carnaval\/","og_site_name":"Ticket Rio - Billets Carnaval Rio, Karneval Rio de Janeiro Tickets, Tickets for Rio Carnival Sambadrome, Boletos Carnaval Rio, Entradas Carnaval Rio Samb\u00f3dromo","article_modified_time":"2025-10-14T19:05:15+00:00","og_image":[{"width":404,"height":655,"url":"https:\/\/www.ticketrio.com.br\/site\/wp-content\/uploads\/2025\/10\/transfer-sambodromo-rio.jpg","type":"image\/jpeg"}],"twitter_card":"summary_large_image","twitter_misc":{"Gesch\u00e4tzte Lesezeit":"2\u00a0Minuten"},"schema":{"@context":"https:\/\/schema.org","@graph":[{"@type":"WebPage","@id":"https:\/\/www.ticketrio.com.br\/site\/ingressos-carnaval-sambodromo-rj\/transporte-sambdromo-hotel-carnaval\/","url":"https:\/\/www.ticketrio.com.br\/site\/ingressos-carnaval-sambodromo-rj\/transporte-sambdromo-hotel-carnaval\/","name":"Transfer Samb\u00f3dromo - Ticket Rio - Billets Carnaval Rio, Karneval Rio de Janeiro Tickets, Tickets for Rio Carnival Sambadrome, Boletos Carnaval Rio, Entradas Carnaval Rio Samb\u00f3dromo","isPartOf":{"@id":"https:\/\/www.ticketrio.com.br\/site\/#website"},"primaryImageOfPage":{"@id":"https:\/\/www.ticketrio.com.br\/site\/ingressos-carnaval-sambodromo-rj\/transporte-sambdromo-hotel-carnaval\/#primaryimage"},"image":{"@id":"https:\/\/www.ticketrio.com.br\/site\/ingressos-carnaval-sambodromo-rj\/transporte-sambdromo-hotel-carnaval\/#primaryimage"},"thumbnailUrl":"https:\/\/www.ticketrio.com.br\/site\/wp-content\/uploads\/2025\/10\/transfer-sambodromo-rio.jpg","datePublished":"2013-03-14T16:40:56+00:00","dateModified":"2025-10-14T19:05:15+00:00","description":"rio carnival sambadrome tickets. Rio Carnaval Samb\u00f3dromo 2018. Rio Carnaval Entradas Samb\u00f3dromo. Rio Parade Tickets. Rio Carnaval billets. Rio karneval tickets. Rio carnavales biglietti.","breadcrumb":{"@id":"https:\/\/www.ticketrio.com.br\/site\/ingressos-carnaval-sambodromo-rj\/transporte-sambdromo-hotel-carnaval\/#breadcrumb"},"inLanguage":"de","potentialAction":[{"@type":"ReadAction","target":["https:\/\/www.ticketrio.com.br\/site\/ingressos-carnaval-sambodromo-rj\/transporte-sambdromo-hotel-carnaval\/"]}]},{"@type":"ImageObject","inLanguage":"de","@id":"https:\/\/www.ticketrio.com.br\/site\/ingressos-carnaval-sambodromo-rj\/transporte-sambdromo-hotel-carnaval\/#primaryimage","url":"https:\/\/www.ticketrio.com.br\/site\/wp-content\/uploads\/2025\/10\/transfer-sambodromo-rio.jpg","contentUrl":"https:\/\/www.ticketrio.com.br\/site\/wp-content\/uploads\/2025\/10\/transfer-sambodromo-rio.jpg"},{"@type":"BreadcrumbList","@id":"https:\/\/www.ticketrio.com.br\/site\/ingressos-carnaval-sambodromo-rj\/transporte-sambdromo-hotel-carnaval\/#breadcrumb","itemListElement":[{"@type":"ListItem","position":1,"name":"In\u00edcio","item":"https:\/\/www.ticketrio.com.br\/site\/"},{"@type":"ListItem","position":2,"name":"Sambodromo","item":"https:\/\/www.ticketrio.com.br\/site\/ingressos-carnaval-sambodromo-rj\/"},{"@type":"ListItem","position":3,"name":"Transfer Samb\u00f3dromo"}]},{"@type":"WebSite","@id":"https:\/\/www.ticketrio.com.br\/site\/#website","url":"https:\/\/www.ticketrio.com.br\/site\/","name":"Ticket Rio - Billets Carnaval Rio, Karneval Rio de Janeiro Tickets, Tickets for Rio Carnival Sambadrome, Boletos Carnaval Rio, Entradas Carnaval Rio Samb\u00f3dromo","description":"Billets Carnaval Rio, Karneval Rio de Janeiro Tickets, Tickets for Rio Carnival Sambadrome, Boletos Carnaval Rio, Entradas Carnaval Rio Samb\u00f3dromo","potentialAction":[{"@type":"SearchAction","target":{"@type":"EntryPoint","urlTemplate":"https:\/\/www.ticketrio.com.br\/site\/?s={search_term_string}"},"query-input":{"@type":"PropertyValueSpecification","valueRequired":true,"valueName":"search_term_string"}}],"inLanguage":"de"}]}},"_links":{"self":[{"href":"https:\/\/www.ticketrio.com.br\/site\/de\/wp-json\/wp\/v2\/pages\/191","targetHints":{"allow":["GET"]}}],"collection":[{"href":"https:\/\/www.ticketrio.com.br\/site\/de\/wp-json\/wp\/v2\/pages"}],"about":[{"href":"https:\/\/www.ticketrio.com.br\/site\/de\/wp-json\/wp\/v2\/types\/page"}],"author":[{"embeddable":true,"href":"https:\/\/www.ticketrio.com.br\/site\/de\/wp-json\/wp\/v2\/users\/1"}],"replies":[{"embeddable":true,"href":"https:\/\/www.ticketrio.com.br\/site\/de\/wp-json\/wp\/v2\/comments?post=191"}],"version-history":[{"count":34,"href":"https:\/\/www.ticketrio.com.br\/site\/de\/wp-json\/wp\/v2\/pages\/191\/revisions"}],"predecessor-version":[{"id":2661,"href":"https:\/\/www.ticketrio.com.br\/site\/de\/wp-json\/wp\/v2\/pages\/191\/revisions\/2661"}],"up":[{"embeddable":true,"href":"https:\/\/www.ticketrio.com.br\/site\/de\/wp-json\/wp\/v2\/pages\/147"}],"wp:attachment":[{"href":"https:\/\/www.ticketrio.com.br\/site\/de\/wp-json\/wp\/v2\/media?parent=191"}],"curies":[{"name":"wp","href":"https:\/\/api.w.org\/{rel}","templated":true}]}}