{"id":1137,"date":"2015-05-12T20:10:26","date_gmt":"2015-05-12T20:10:26","guid":{"rendered":"https:\/\/www.ticketrio.com.br\/site\/?page_id=1137"},"modified":"2018-06-19T17:15:59","modified_gmt":"2018-06-19T17:15:59","slug":"ticket-rio-karneval","status":"publish","type":"page","link":"https:\/\/www.ticketrio.com.br\/site\/de\/ticket-rio-karneval\/","title":{"rendered":"Ticket Rio"},"content":{"rendered":"<p>Ticket Rio<\/p>\n<p>Unser Reiseb\u00fcro ist spezialisiert auf den Verkauf von Verpackungen f\u00fcr Gro\u00dfveranstaltungen wie Karneval, Freizeitparks und Shows, Addieren der Empfangsdienste, Transport und F\u00fchrer.<\/p>\n<p>Wir bieten Touren f\u00fcr Gruppen auf Corcovado, Zuckerhut, Str\u00e4nde, Angra dos Reis und Ilha Grande, sowie Kreuzfahrten, Stadtrundfahrten, Buchung von Hotels, Transfers, unter anderem.<\/p>\n<p>Um unsere Produkte und Dienstleistungen zu erwerben, besuchen Sie die Online-Shops: http:\/\/loja.ticketrio.com.br\/ oder sprechen Sie mit unseren pers\u00f6nlichen Service per Telefon, Skype, E-Mail oder Online-Chat.<\/p>\n<p>Unser Hauptsitz ist in store Einkaufs Citt\u00e0 America 201 Sperren 08, in Barra da Tijuca. Hier sind Sie immer willkommen!<\/p>\n<p>Unsere Websites:<\/p>\n<p>www.ticketrio.com.br<\/p>\n<p>http:\/\/loja.ticketrio.com.br<\/p>\n<p>http:\/\/carnivalticketrio.com<\/p>\n<p>www.camarotescarnavalticketrio.com.br<\/p>\n<p>Weitere Informationen:<\/p>\n<p>http:\/\/www.cadastur.turismo.gov.br<\/p>\n<p>http:\/\/www.turismo.gov.br\/<\/p>\n<p>ABAV &#8211; No. 1644<\/p>\n<p>http:\/\/www.abav.com.br\/<\/p>\n","protected":false},"excerpt":{"rendered":"<p>Ticket Rio Unser Reiseb\u00fcro ist spezialisiert auf den Verkauf von Verpackungen f\u00fcr Gro\u00dfveranstaltungen wie Karneval, Freizeitparks und Shows, Addieren der Empfangsdienste, Transport und F\u00fchrer. Wir bieten Touren f\u00fcr Gruppen auf Corcovado, Zuckerhut, Str\u00e4nde, Angra dos Reis und Ilha Grande, sowie Kreuzfahrten, Stadtrundfahrten, Buchung von Hotels, Transfers, unter anderem. Um unsere Produkte und Dienstleistungen zu erwerben, [&hellip;]<\/p>\n","protected":false},"author":1,"featured_media":0,"parent":0,"menu_order":0,"comment_status":"closed","ping_status":"closed","template":"page-full.php","meta":{"ngg_post_thumbnail":0,"footnotes":""},"class_list":["post-1137","page","type-page","status-publish","hentry"],"yoast_head":"<!-- This site is optimized with the Yoast SEO plugin v25.9 - https:\/\/yoast.com\/wordpress\/plugins\/seo\/ -->\n<title>Ticket Rio Karneval<\/title>\n<meta name=\"description\" content=\"Karneval Rio de Janeiro Sambodromo Tickets.\" \/>\n<meta name=\"robots\" content=\"index, follow, max-snippet:-1, max-image-preview:large, max-video-preview:-1\" \/>\n<link rel=\"canonical\" href=\"https:\/\/www.ticketrio.com.br\/site\/de\/ticket-rio-karneval\/\" \/>\n<meta property=\"og:locale\" content=\"de_DE\" \/>\n<meta property=\"og:type\" content=\"article\" \/>\n<meta property=\"og:title\" content=\"Ticket Rio Karneval\" \/>\n<meta property=\"og:description\" content=\"Karneval Rio de Janeiro Sambodromo Tickets.\" \/>\n<meta property=\"og:url\" content=\"https:\/\/www.ticketrio.com.br\/site\/de\/ticket-rio-karneval\/\" \/>\n<meta property=\"og:site_name\" content=\"Ticket Rio - Billets Carnaval Rio, Karneval Rio de Janeiro Tickets, Tickets for Rio Carnival Sambadrome, Boletos Carnaval Rio, Entradas Carnaval Rio Samb\u00f3dromo\" \/>\n<meta property=\"article:modified_time\" content=\"2018-06-19T17:15:59+00:00\" \/>\n<meta name=\"twitter:card\" content=\"summary_large_image\" \/>\n<meta name=\"twitter:label1\" content=\"Gesch\u00e4tzte Lesezeit\" \/>\n\t<meta name=\"twitter:data1\" content=\"1\u00a0Minute\" \/>\n<script type=\"application\/ld+json\" class=\"yoast-schema-graph\">{\"@context\":\"https:\/\/schema.org\",\"@graph\":[{\"@type\":\"WebPage\",\"@id\":\"https:\/\/www.ticketrio.com.br\/site\/de\/ticket-rio-karneval\/\",\"url\":\"https:\/\/www.ticketrio.com.br\/site\/de\/ticket-rio-karneval\/\",\"name\":\"Ticket Rio Karneval\",\"isPartOf\":{\"@id\":\"https:\/\/www.ticketrio.com.br\/site\/#website\"},\"datePublished\":\"2015-05-12T20:10:26+00:00\",\"dateModified\":\"2018-06-19T17:15:59+00:00\",\"description\":\"Karneval Rio de Janeiro Sambodromo Tickets.\",\"breadcrumb\":{\"@id\":\"https:\/\/www.ticketrio.com.br\/site\/de\/ticket-rio-karneval\/#breadcrumb\"},\"inLanguage\":\"de\",\"potentialAction\":[{\"@type\":\"ReadAction\",\"target\":[\"https:\/\/www.ticketrio.com.br\/site\/de\/ticket-rio-karneval\/\"]}]},{\"@type\":\"BreadcrumbList\",\"@id\":\"https:\/\/www.ticketrio.com.br\/site\/de\/ticket-rio-karneval\/#breadcrumb\",\"itemListElement\":[{\"@type\":\"ListItem\",\"position\":1,\"name\":\"In\u00edcio\",\"item\":\"https:\/\/www.ticketrio.com.br\/site\/\"},{\"@type\":\"ListItem\",\"position\":2,\"name\":\"Ticket Rio\"}]},{\"@type\":\"WebSite\",\"@id\":\"https:\/\/www.ticketrio.com.br\/site\/#website\",\"url\":\"https:\/\/www.ticketrio.com.br\/site\/\",\"name\":\"Ticket Rio - Billets Carnaval Rio, Karneval Rio de Janeiro Tickets, Tickets for Rio Carnival Sambadrome, Boletos Carnaval Rio, Entradas Carnaval Rio Samb\u00f3dromo\",\"description\":\"Billets Carnaval Rio, Karneval Rio de Janeiro Tickets, Tickets for Rio Carnival Sambadrome, Boletos Carnaval Rio, Entradas Carnaval Rio Samb\u00f3dromo\",\"potentialAction\":[{\"@type\":\"SearchAction\",\"target\":{\"@type\":\"EntryPoint\",\"urlTemplate\":\"https:\/\/www.ticketrio.com.br\/site\/?s={search_term_string}\"},\"query-input\":{\"@type\":\"PropertyValueSpecification\",\"valueRequired\":true,\"valueName\":\"search_term_string\"}}],\"inLanguage\":\"de\"}]}<\/script>\n<!-- \/ Yoast SEO plugin. -->","yoast_head_json":{"title":"Ticket Rio Karneval","description":"Karneval Rio de Janeiro Sambodromo Tickets.","robots":{"index":"index","follow":"follow","max-snippet":"max-snippet:-1","max-image-preview":"max-image-preview:large","max-video-preview":"max-video-preview:-1"},"canonical":"https:\/\/www.ticketrio.com.br\/site\/de\/ticket-rio-karneval\/","og_locale":"de_DE","og_type":"article","og_title":"Ticket Rio Karneval","og_description":"Karneval Rio de Janeiro Sambodromo Tickets.","og_url":"https:\/\/www.ticketrio.com.br\/site\/de\/ticket-rio-karneval\/","og_site_name":"Ticket Rio - Billets Carnaval Rio, Karneval Rio de Janeiro Tickets, Tickets for Rio Carnival Sambadrome, Boletos Carnaval Rio, Entradas Carnaval Rio Samb\u00f3dromo","article_modified_time":"2018-06-19T17:15:59+00:00","twitter_card":"summary_large_image","twitter_misc":{"Gesch\u00e4tzte Lesezeit":"1\u00a0Minute"},"schema":{"@context":"https:\/\/schema.org","@graph":[{"@type":"WebPage","@id":"https:\/\/www.ticketrio.com.br\/site\/de\/ticket-rio-karneval\/","url":"https:\/\/www.ticketrio.com.br\/site\/de\/ticket-rio-karneval\/","name":"Ticket Rio Karneval","isPartOf":{"@id":"https:\/\/www.ticketrio.com.br\/site\/#website"},"datePublished":"2015-05-12T20:10:26+00:00","dateModified":"2018-06-19T17:15:59+00:00","description":"Karneval Rio de Janeiro Sambodromo Tickets.","breadcrumb":{"@id":"https:\/\/www.ticketrio.com.br\/site\/de\/ticket-rio-karneval\/#breadcrumb"},"inLanguage":"de","potentialAction":[{"@type":"ReadAction","target":["https:\/\/www.ticketrio.com.br\/site\/de\/ticket-rio-karneval\/"]}]},{"@type":"BreadcrumbList","@id":"https:\/\/www.ticketrio.com.br\/site\/de\/ticket-rio-karneval\/#breadcrumb","itemListElement":[{"@type":"ListItem","position":1,"name":"In\u00edcio","item":"https:\/\/www.ticketrio.com.br\/site\/"},{"@type":"ListItem","position":2,"name":"Ticket Rio"}]},{"@type":"WebSite","@id":"https:\/\/www.ticketrio.com.br\/site\/#website","url":"https:\/\/www.ticketrio.com.br\/site\/","name":"Ticket Rio - Billets Carnaval Rio, Karneval Rio de Janeiro Tickets, Tickets for Rio Carnival Sambadrome, Boletos Carnaval Rio, Entradas Carnaval Rio Samb\u00f3dromo","description":"Billets Carnaval Rio, Karneval Rio de Janeiro Tickets, Tickets for Rio Carnival Sambadrome, Boletos Carnaval Rio, Entradas Carnaval Rio Samb\u00f3dromo","potentialAction":[{"@type":"SearchAction","target":{"@type":"EntryPoint","urlTemplate":"https:\/\/www.ticketrio.com.br\/site\/?s={search_term_string}"},"query-input":{"@type":"PropertyValueSpecification","valueRequired":true,"valueName":"search_term_string"}}],"inLanguage":"de"}]}},"_links":{"self":[{"href":"https:\/\/www.ticketrio.com.br\/site\/de\/wp-json\/wp\/v2\/pages\/1137","targetHints":{"allow":["GET"]}}],"collection":[{"href":"https:\/\/www.ticketrio.com.br\/site\/de\/wp-json\/wp\/v2\/pages"}],"about":[{"href":"https:\/\/www.ticketrio.com.br\/site\/de\/wp-json\/wp\/v2\/types\/page"}],"author":[{"embeddable":true,"href":"https:\/\/www.ticketrio.com.br\/site\/de\/wp-json\/wp\/v2\/users\/1"}],"replies":[{"embeddable":true,"href":"https:\/\/www.ticketrio.com.br\/site\/de\/wp-json\/wp\/v2\/comments?post=1137"}],"version-history":[{"count":6,"href":"https:\/\/www.ticketrio.com.br\/site\/de\/wp-json\/wp\/v2\/pages\/1137\/revisions"}],"predecessor-version":[{"id":2563,"href":"https:\/\/www.ticketrio.com.br\/site\/de\/wp-json\/wp\/v2\/pages\/1137\/revisions\/2563"}],"wp:attachment":[{"href":"https:\/\/www.ticketrio.com.br\/site\/de\/wp-json\/wp\/v2\/media?parent=1137"}],"curies":[{"name":"wp","href":"https:\/\/api.w.org\/{rel}","templated":true}]}}